{"id":7744,"date":"2025-06-14T18:32:51","date_gmt":"2025-06-14T16:32:51","guid":{"rendered":"https:\/\/sensacionarabe.com\/Mayoristas\/producto\/la-perfum-galleria-pop-heart-eau-de-perfum-100ml\/"},"modified":"2025-10-20T10:55:42","modified_gmt":"2025-10-20T08:55:42","slug":"la-perfum-galleria-pop-heart-eau-de-perfum-100ml","status":"publish","type":"product","link":"https:\/\/sensacionarabe.com\/Mayoristas\/producto\/la-perfum-galleria-pop-heart-eau-de-perfum-100ml\/","title":{"rendered":"La perfum galler\u00eda pop heart Eau de perfum 100ml"},"content":{"rendered":"<p><b style=\"font-weight: 700;line-height: inherit;font-family:\">Pop Heart<\/b><span><span> <\/span><\/span><span>de<\/span><span><span> <\/span><\/span><b style=\"font-weight: 700;line-height: inherit;font-family:\">La Parfum Galleria<\/b><span><span> <\/span><\/span><span>es una fragancia de la familia olfativa Floral Frutal para Hombres y Mujeres. Esta fragrancia es nueva.<\/span><span><span> <\/span><\/span><b style=\"font-weight: 700;line-height: inherit;font-family:\">Pop Heart<\/b><span><span> <\/span><\/span><span>se lanz\u00f3 en 2025. La Nariz detr\u00e1s de esta fragrancia es Oliver Riva. Las Notas de Salida son pi\u00f1a, bergamota y lim\u00f3n (lima \u00e1cida); las Notas de Coraz\u00f3n son Mel\u00f3n cantalupo, pera y b\u00e1lsamo del Per\u00fa; las Notas de Fondo son vainilla y almizcle blanco.<\/span><\/p>\n","protected":false},"excerpt":{"rendered":"<p>Pop Heart de La Parfum Galleria es una fragancia de la familia olfativa Floral Frutal para Hombres y Mujeres. Esta fragrancia es nueva. Pop Heart se lanz\u00f3 en 2025. La Nariz detr\u00e1s de esta fragrancia es Oliver Riva. Las Notas de Salida son pi\u00f1a, bergamota y lim\u00f3n (lima \u00e1cida); las Notas de Coraz\u00f3n son Mel\u00f3n [&hellip;]<\/p>\n","protected":false},"featured_media":7743,"comment_status":"open","ping_status":"closed","template":"","meta":{"nf_dc_page":"","_uag_custom_page_level_css":"","site-sidebar-layout":"default","site-content-layout":"","ast-site-content-layout":"default","site-content-style":"default","site-sidebar-style":"default","ast-global-header-display":"","ast-banner-title-visibility":"","ast-main-header-display":"","ast-hfb-above-header-display":"","ast-hfb-below-header-display":"","ast-hfb-mobile-header-display":"","site-post-title":"","ast-breadcrumbs-content":"","ast-featured-img":"","footer-sml-layout":"","ast-disable-related-posts":"","theme-transparent-header-meta":"","adv-header-id-meta":"","stick-header-meta":"","header-above-stick-meta":"","header-main-stick-meta":"","header-below-stick-meta":"","astra-migrate-meta-layouts":"default","ast-page-background-enabled":"default","ast-page-background-meta":{"desktop":{"background-color":"","background-image":"","background-repeat":"repeat","background-position":"center center","background-size":"auto","background-attachment":"scroll","background-type":"","background-media":"","overlay-type":"","overlay-color":"","overlay-opacity":"","overlay-gradient":""},"tablet":{"background-color":"","background-image":"","background-repeat":"repeat","background-position":"center center","background-size":"auto","background-attachment":"scroll","background-type":"","background-media":"","overlay-type":"","overlay-color":"","overlay-opacity":"","overlay-gradient":""},"mobile":{"background-color":"","background-image":"","background-repeat":"repeat","background-position":"center center","background-size":"auto","background-attachment":"scroll","background-type":"","background-media":"","overlay-type":"","overlay-color":"","overlay-opacity":"","overlay-gradient":""}},"ast-content-background-meta":{"desktop":{"background-color":"var(--ast-global-color-5)","background-image":"","background-repeat":"repeat","background-position":"center center","background-size":"auto","background-attachment":"scroll","background-type":"","background-media":"","overlay-type":"","overlay-color":"","overlay-opacity":"","overlay-gradient":""},"tablet":{"background-color":"var(--ast-global-color-5)","background-image":"","background-repeat":"repeat","background-position":"center center","background-size":"auto","background-attachment":"scroll","background-type":"","background-media":"","overlay-type":"","overlay-color":"","overlay-opacity":"","overlay-gradient":""},"mobile":{"background-color":"var(--ast-global-color-5)","background-image":"","background-repeat":"repeat","background-position":"center center","background-size":"auto","background-attachment":"scroll","background-type":"","background-media":"","overlay-type":"","overlay-color":"","overlay-opacity":"","overlay-gradient":""}}},"product_brand":[],"product_cat":[29],"product_tag":[83],"class_list":{"0":"post-7744","1":"product","2":"type-product","3":"status-publish","4":"has-post-thumbnail","6":"product_cat-unisex","7":"product_tag-la-perfum-galleria","8":"desktop-align-left","9":"tablet-align-left","10":"mobile-align-left","12":"first","13":"instock","14":"sale","15":"taxable","16":"shipping-taxable","17":"purchasable","18":"product-type-simple"},"uagb_featured_image_src":{"full":["https:\/\/sensacionarabe.com\/Mayoristas\/wp-content\/uploads\/2025\/06\/1000170030.jpg",1034,1618,false],"thumbnail":["https:\/\/sensacionarabe.com\/Mayoristas\/wp-content\/uploads\/2025\/06\/1000170030-150x150.jpg",150,150,true],"medium":["https:\/\/sensacionarabe.com\/Mayoristas\/wp-content\/uploads\/2025\/06\/1000170030-192x300.jpg",192,300,true],"medium_large":["https:\/\/sensacionarabe.com\/Mayoristas\/wp-content\/uploads\/2025\/06\/1000170030-768x1202.jpg",768,1202,true],"large":["https:\/\/sensacionarabe.com\/Mayoristas\/wp-content\/uploads\/2025\/06\/1000170030-654x1024.jpg",654,1024,true],"1536x1536":["https:\/\/sensacionarabe.com\/Mayoristas\/wp-content\/uploads\/2025\/06\/1000170030-982x1536.jpg",982,1536,true],"2048x2048":["https:\/\/sensacionarabe.com\/Mayoristas\/wp-content\/uploads\/2025\/06\/1000170030.jpg",1034,1618,false],"woocommerce_thumbnail":["https:\/\/sensacionarabe.com\/Mayoristas\/wp-content\/uploads\/2025\/06\/1000170030-300x300.jpg",300,300,true],"woocommerce_single":["https:\/\/sensacionarabe.com\/Mayoristas\/wp-content\/uploads\/2025\/06\/1000170030-600x939.jpg",600,939,true],"woocommerce_gallery_thumbnail":["https:\/\/sensacionarabe.com\/Mayoristas\/wp-content\/uploads\/2025\/06\/1000170030-100x100.jpg",100,100,true],"variation_swatches_image_size":["https:\/\/sensacionarabe.com\/Mayoristas\/wp-content\/uploads\/2025\/06\/1000170030-50x50.jpg",50,50,true],"variation_swatches_tooltip_size":["https:\/\/sensacionarabe.com\/Mayoristas\/wp-content\/uploads\/2025\/06\/1000170030-100x100.jpg",100,100,true]},"uagb_author_info":{"display_name":"admin","author_link":"https:\/\/sensacionarabe.com\/Mayoristas\/author\/"},"uagb_comment_info":0,"uagb_excerpt":"Pop Heart de La Parfum Galleria es una fragancia de la familia olfativa Floral Frutal para Hombres y Mujeres. Esta fragrancia es nueva. Pop Heart se lanz\u00f3 en 2025. La Nariz detr\u00e1s de esta fragrancia es Oliver Riva. Las Notas de Salida son pi\u00f1a, bergamota y lim\u00f3n (lima \u00e1cida); las Notas de Coraz\u00f3n son Mel\u00f3n&hellip;","_links":{"self":[{"href":"https:\/\/sensacionarabe.com\/Mayoristas\/wp-json\/wp\/v2\/product\/7744","targetHints":{"allow":["GET"]}}],"collection":[{"href":"https:\/\/sensacionarabe.com\/Mayoristas\/wp-json\/wp\/v2\/product"}],"about":[{"href":"https:\/\/sensacionarabe.com\/Mayoristas\/wp-json\/wp\/v2\/types\/product"}],"replies":[{"embeddable":true,"href":"https:\/\/sensacionarabe.com\/Mayoristas\/wp-json\/wp\/v2\/comments?post=7744"}],"version-history":[{"count":0,"href":"https:\/\/sensacionarabe.com\/Mayoristas\/wp-json\/wp\/v2\/product\/7744\/revisions"}],"wp:featuredmedia":[{"embeddable":true,"href":"https:\/\/sensacionarabe.com\/Mayoristas\/wp-json\/wp\/v2\/media\/7743"}],"wp:attachment":[{"href":"https:\/\/sensacionarabe.com\/Mayoristas\/wp-json\/wp\/v2\/media?parent=7744"}],"wp:term":[{"taxonomy":"product_brand","embeddable":true,"href":"https:\/\/sensacionarabe.com\/Mayoristas\/wp-json\/wp\/v2\/product_brand?post=7744"},{"taxonomy":"product_cat","embeddable":true,"href":"https:\/\/sensacionarabe.com\/Mayoristas\/wp-json\/wp\/v2\/product_cat?post=7744"},{"taxonomy":"product_tag","embeddable":true,"href":"https:\/\/sensacionarabe.com\/Mayoristas\/wp-json\/wp\/v2\/product_tag?post=7744"}],"curies":[{"name":"wp","href":"https:\/\/api.w.org\/{rel}","templated":true}]}}