{"id":7760,"date":"2025-06-14T19:27:38","date_gmt":"2025-06-14T17:27:38","guid":{"rendered":"https:\/\/sensacionarabe.com\/Mayoristas\/producto\/afnan-9pm-pour-femme-eau-de-parfum-para-mujeres-100-ml\/"},"modified":"2026-01-31T10:28:28","modified_gmt":"2026-01-31T09:28:28","slug":"afnan-9pm-pour-femme-eau-de-parfum-para-mujeres-100-ml","status":"publish","type":"product","link":"https:\/\/sensacionarabe.com\/Mayoristas\/producto\/afnan-9pm-pour-femme-eau-de-parfum-para-mujeres-100-ml\/","title":{"rendered":"Afnan 9pm Pour Femme eau de Parfum 100 ml"},"content":{"rendered":"<p>Descripci\u00f3n<br \/>\nAfnan 9pm Pour Femme es un agua perfumada para mujeres, con un volumen de 100 ml. Esta fragancia est\u00e1 destinada a la mujer moderna que disfruta de la elegancia vespertina y la vida nocturna. Es una composici\u00f3n sensual y encantadora que celebra la feminidad y la autoconfianza. Con sus notas c\u00e1lidas y a la vez frescas, Afnan 9pm Pour Femme es la compa\u00f1era perfecta para cualquier evento nocturno, desde cenas hasta eventos sociales, donde deseas brillar y no pasar desapercibida.<\/p>\n<p>Uso<br \/>\nAfnan 9pm Pour Femme es la elecci\u00f3n ideal para llevar por la noche, cuando su rico aroma puede destacar plenamente. La aplicaci\u00f3n en los puntos de pulso, como las mu\u00f1ecas, el cuello y detr\u00e1s de las orejas, garantizar\u00e1 que la fragancia irradie y te mantenga en el centro de atenci\u00f3n durante toda la noche. Este perfume est\u00e1 creado para mujeres que desean proyectar seducci\u00f3n y elegancia, y al mismo tiempo mantener cierto misterio y misticismo.<\/p>\n<p>Composici\u00f3n<br \/>\nAfnan 9pm Pour Femme se abre con notas frescas de frambuesa, manzana y violeta, que aportan una sensaci\u00f3n inmediata de frescura y vivacidad. El coraz\u00f3n de la fragancia es sensual y femenino, con ricos acordes de jazm\u00edn y peon\u00eda que aportan profundidad y sofisticaci\u00f3n. La base de la fragancia est\u00e1 compuesta por c\u00e1lidas notas de \u00e1mbar y madera de cedro, que dejan una impresi\u00f3n duradera y aseguran que el aroma permanezca contigo hasta altas horas de la noche.<\/p>\n<p>Cabeza: frambuesa, manzana, violeta, naranja<\/p>\n<p>Coraz\u00f3n: rosa, peon\u00eda, iris, jazm\u00edn<\/p>\n<p>Base: cedro, cipr\u00e9s, pino, \u00e1mbar<\/p>\n","protected":false},"excerpt":{"rendered":"<p>Descripci\u00f3n Afnan 9pm Pour Femme es un agua perfumada para mujeres, con un volumen de 100 ml. Esta fragancia est\u00e1 destinada a la mujer moderna que disfruta de la elegancia vespertina y la vida nocturna. Es una composici\u00f3n sensual y encantadora que celebra la feminidad y la autoconfianza. Con sus notas c\u00e1lidas y a la [&hellip;]<\/p>\n","protected":false},"featured_media":7757,"comment_status":"open","ping_status":"closed","template":"","meta":{"nf_dc_page":"","_uag_custom_page_level_css":"","site-sidebar-layout":"default","site-content-layout":"","ast-site-content-layout":"default","site-content-style":"default","site-sidebar-style":"default","ast-global-header-display":"","ast-banner-title-visibility":"","ast-main-header-display":"","ast-hfb-above-header-display":"","ast-hfb-below-header-display":"","ast-hfb-mobile-header-display":"","site-post-title":"","ast-breadcrumbs-content":"","ast-featured-img":"","footer-sml-layout":"","ast-disable-related-posts":"","theme-transparent-header-meta":"","adv-header-id-meta":"","stick-header-meta":"","header-above-stick-meta":"","header-main-stick-meta":"","header-below-stick-meta":"","astra-migrate-meta-layouts":"default","ast-page-background-enabled":"default","ast-page-background-meta":{"desktop":{"background-color":"","background-image":"","background-repeat":"repeat","background-position":"center center","background-size":"auto","background-attachment":"scroll","background-type":"","background-media":"","overlay-type":"","overlay-color":"","overlay-opacity":"","overlay-gradient":""},"tablet":{"background-color":"","background-image":"","background-repeat":"repeat","background-position":"center center","background-size":"auto","background-attachment":"scroll","background-type":"","background-media":"","overlay-type":"","overlay-color":"","overlay-opacity":"","overlay-gradient":""},"mobile":{"background-color":"","background-image":"","background-repeat":"repeat","background-position":"center center","background-size":"auto","background-attachment":"scroll","background-type":"","background-media":"","overlay-type":"","overlay-color":"","overlay-opacity":"","overlay-gradient":""}},"ast-content-background-meta":{"desktop":{"background-color":"var(--ast-global-color-5)","background-image":"","background-repeat":"repeat","background-position":"center center","background-size":"auto","background-attachment":"scroll","background-type":"","background-media":"","overlay-type":"","overlay-color":"","overlay-opacity":"","overlay-gradient":""},"tablet":{"background-color":"var(--ast-global-color-5)","background-image":"","background-repeat":"repeat","background-position":"center center","background-size":"auto","background-attachment":"scroll","background-type":"","background-media":"","overlay-type":"","overlay-color":"","overlay-opacity":"","overlay-gradient":""},"mobile":{"background-color":"var(--ast-global-color-5)","background-image":"","background-repeat":"repeat","background-position":"center center","background-size":"auto","background-attachment":"scroll","background-type":"","background-media":"","overlay-type":"","overlay-color":"","overlay-opacity":"","overlay-gradient":""}}},"product_brand":[],"product_cat":[29],"product_tag":[68],"class_list":{"0":"post-7760","1":"product","2":"type-product","3":"status-publish","4":"has-post-thumbnail","6":"product_cat-unisex","7":"product_tag-afnan","8":"desktop-align-left","9":"tablet-align-left","10":"mobile-align-left","12":"first","13":"instock","14":"taxable","15":"shipping-taxable","16":"purchasable","17":"product-type-simple"},"uagb_featured_image_src":{"full":["https:\/\/sensacionarabe.com\/Mayoristas\/wp-content\/uploads\/2025\/06\/1000170052.jpg",1057,1171,false],"thumbnail":["https:\/\/sensacionarabe.com\/Mayoristas\/wp-content\/uploads\/2025\/06\/1000170052-150x150.jpg",150,150,true],"medium":["https:\/\/sensacionarabe.com\/Mayoristas\/wp-content\/uploads\/2025\/06\/1000170052-271x300.jpg",271,300,true],"medium_large":["https:\/\/sensacionarabe.com\/Mayoristas\/wp-content\/uploads\/2025\/06\/1000170052-768x851.jpg",768,851,true],"large":["https:\/\/sensacionarabe.com\/Mayoristas\/wp-content\/uploads\/2025\/06\/1000170052-924x1024.jpg",924,1024,true],"1536x1536":["https:\/\/sensacionarabe.com\/Mayoristas\/wp-content\/uploads\/2025\/06\/1000170052.jpg",1057,1171,false],"2048x2048":["https:\/\/sensacionarabe.com\/Mayoristas\/wp-content\/uploads\/2025\/06\/1000170052.jpg",1057,1171,false],"woocommerce_thumbnail":["https:\/\/sensacionarabe.com\/Mayoristas\/wp-content\/uploads\/2025\/06\/1000170052-300x300.jpg",300,300,true],"woocommerce_single":["https:\/\/sensacionarabe.com\/Mayoristas\/wp-content\/uploads\/2025\/06\/1000170052-600x665.jpg",600,665,true],"woocommerce_gallery_thumbnail":["https:\/\/sensacionarabe.com\/Mayoristas\/wp-content\/uploads\/2025\/06\/1000170052-100x100.jpg",100,100,true],"variation_swatches_image_size":["https:\/\/sensacionarabe.com\/Mayoristas\/wp-content\/uploads\/2025\/06\/1000170052-50x50.jpg",50,50,true],"variation_swatches_tooltip_size":["https:\/\/sensacionarabe.com\/Mayoristas\/wp-content\/uploads\/2025\/06\/1000170052-100x100.jpg",100,100,true]},"uagb_author_info":{"display_name":"admin","author_link":"https:\/\/sensacionarabe.com\/Mayoristas\/author\/"},"uagb_comment_info":0,"uagb_excerpt":"Descripci\u00f3n Afnan 9pm Pour Femme es un agua perfumada para mujeres, con un volumen de 100 ml. Esta fragancia est\u00e1 destinada a la mujer moderna que disfruta de la elegancia vespertina y la vida nocturna. Es una composici\u00f3n sensual y encantadora que celebra la feminidad y la autoconfianza. Con sus notas c\u00e1lidas y a la&hellip;","_links":{"self":[{"href":"https:\/\/sensacionarabe.com\/Mayoristas\/wp-json\/wp\/v2\/product\/7760","targetHints":{"allow":["GET"]}}],"collection":[{"href":"https:\/\/sensacionarabe.com\/Mayoristas\/wp-json\/wp\/v2\/product"}],"about":[{"href":"https:\/\/sensacionarabe.com\/Mayoristas\/wp-json\/wp\/v2\/types\/product"}],"replies":[{"embeddable":true,"href":"https:\/\/sensacionarabe.com\/Mayoristas\/wp-json\/wp\/v2\/comments?post=7760"}],"version-history":[{"count":1,"href":"https:\/\/sensacionarabe.com\/Mayoristas\/wp-json\/wp\/v2\/product\/7760\/revisions"}],"predecessor-version":[{"id":9125,"href":"https:\/\/sensacionarabe.com\/Mayoristas\/wp-json\/wp\/v2\/product\/7760\/revisions\/9125"}],"wp:featuredmedia":[{"embeddable":true,"href":"https:\/\/sensacionarabe.com\/Mayoristas\/wp-json\/wp\/v2\/media\/7757"}],"wp:attachment":[{"href":"https:\/\/sensacionarabe.com\/Mayoristas\/wp-json\/wp\/v2\/media?parent=7760"}],"wp:term":[{"taxonomy":"product_brand","embeddable":true,"href":"https:\/\/sensacionarabe.com\/Mayoristas\/wp-json\/wp\/v2\/product_brand?post=7760"},{"taxonomy":"product_cat","embeddable":true,"href":"https:\/\/sensacionarabe.com\/Mayoristas\/wp-json\/wp\/v2\/product_cat?post=7760"},{"taxonomy":"product_tag","embeddable":true,"href":"https:\/\/sensacionarabe.com\/Mayoristas\/wp-json\/wp\/v2\/product_tag?post=7760"}],"curies":[{"name":"wp","href":"https:\/\/api.w.org\/{rel}","templated":true}]}}