{"id":8097,"date":"2025-07-18T15:18:16","date_gmt":"2025-07-18T13:18:16","guid":{"rendered":"https:\/\/sensacionarabe.com\/Mayoristas\/producto\/paris-corner-strawbery-pound-cake-ministry-of-gourmand-eau-de-perfum-100ml\/"},"modified":"2025-12-04T08:24:11","modified_gmt":"2025-12-04T07:24:11","slug":"paris-corner-strawbery-pound-cake-ministry-of-gourmand-eau-de-perfum-100ml","status":"publish","type":"product","link":"https:\/\/sensacionarabe.com\/Mayoristas\/producto\/paris-corner-strawbery-pound-cake-ministry-of-gourmand-eau-de-perfum-100ml\/","title":{"rendered":"Paris corner Strawbery Pound Cake Ministry of Gourmand Eau de perfum 100ml"},"content":{"rendered":"<p>Pastel de fresa<br \/>\nD\u00e9jate seducir por el Strawberry Pound Cake Ministry of Gourmand de Paris Corner, una fragancia gourmet con el cremoso sabor del pastel de fresa.<\/p>\n<p>Notas olfativas:<br \/>\nNotas de salida: lim\u00f3n, fresa, caf\u00e9.<br \/>\nNotas de coraz\u00f3n: flor de naranja, cachemira, violeta<br \/>\nNotas de fondo: almizcle, leche de vainilla.<br \/>\nCaracter\u00edsticas :<br \/>\nTipo de fragancia: oriental, dulce, gourmand<br \/>\nP\u00fablico objetivo: mixto<br \/>\nFormato: botella con pulverizador de 100 ml<br \/>\nLas fragancias orientales son famosas por su riqueza y elegancia. Importado de Dub\u00e1i, Strawberry Pound Cake Eau de Parfum, Ministry of Gourmand de Paris Corner, encarna a la perfecci\u00f3n estas cualidades, ofreciendo una generosa experiencia olfativa para mujeres y hombres que buscan refinamiento y sensualidad.<\/p>\n","protected":false},"excerpt":{"rendered":"<p>Pastel de fresa D\u00e9jate seducir por el Strawberry Pound Cake Ministry of Gourmand de Paris Corner, una fragancia gourmet con el cremoso sabor del pastel de fresa. Notas olfativas: Notas de salida: lim\u00f3n, fresa, caf\u00e9. Notas de coraz\u00f3n: flor de naranja, cachemira, violeta Notas de fondo: almizcle, leche de vainilla. Caracter\u00edsticas : Tipo de fragancia: [&hellip;]<\/p>\n","protected":false},"featured_media":8096,"comment_status":"open","ping_status":"closed","template":"","meta":{"nf_dc_page":"","_uag_custom_page_level_css":"","site-sidebar-layout":"default","site-content-layout":"","ast-site-content-layout":"default","site-content-style":"default","site-sidebar-style":"default","ast-global-header-display":"","ast-banner-title-visibility":"","ast-main-header-display":"","ast-hfb-above-header-display":"","ast-hfb-below-header-display":"","ast-hfb-mobile-header-display":"","site-post-title":"","ast-breadcrumbs-content":"","ast-featured-img":"","footer-sml-layout":"","ast-disable-related-posts":"","theme-transparent-header-meta":"","adv-header-id-meta":"","stick-header-meta":"","header-above-stick-meta":"","header-main-stick-meta":"","header-below-stick-meta":"","astra-migrate-meta-layouts":"default","ast-page-background-enabled":"default","ast-page-background-meta":{"desktop":{"background-color":"","background-image":"","background-repeat":"repeat","background-position":"center center","background-size":"auto","background-attachment":"scroll","background-type":"","background-media":"","overlay-type":"","overlay-color":"","overlay-opacity":"","overlay-gradient":""},"tablet":{"background-color":"","background-image":"","background-repeat":"repeat","background-position":"center center","background-size":"auto","background-attachment":"scroll","background-type":"","background-media":"","overlay-type":"","overlay-color":"","overlay-opacity":"","overlay-gradient":""},"mobile":{"background-color":"","background-image":"","background-repeat":"repeat","background-position":"center center","background-size":"auto","background-attachment":"scroll","background-type":"","background-media":"","overlay-type":"","overlay-color":"","overlay-opacity":"","overlay-gradient":""}},"ast-content-background-meta":{"desktop":{"background-color":"var(--ast-global-color-5)","background-image":"","background-repeat":"repeat","background-position":"center center","background-size":"auto","background-attachment":"scroll","background-type":"","background-media":"","overlay-type":"","overlay-color":"","overlay-opacity":"","overlay-gradient":""},"tablet":{"background-color":"var(--ast-global-color-5)","background-image":"","background-repeat":"repeat","background-position":"center center","background-size":"auto","background-attachment":"scroll","background-type":"","background-media":"","overlay-type":"","overlay-color":"","overlay-opacity":"","overlay-gradient":""},"mobile":{"background-color":"var(--ast-global-color-5)","background-image":"","background-repeat":"repeat","background-position":"center center","background-size":"auto","background-attachment":"scroll","background-type":"","background-media":"","overlay-type":"","overlay-color":"","overlay-opacity":"","overlay-gradient":""}}},"product_brand":[],"product_cat":[49],"product_tag":[76],"class_list":{"0":"post-8097","1":"product","2":"type-product","3":"status-publish","4":"has-post-thumbnail","6":"product_cat-mujer","7":"product_tag-paris-corner","8":"desktop-align-left","9":"tablet-align-left","10":"mobile-align-left","12":"first","13":"instock","14":"sale","15":"taxable","16":"shipping-taxable","17":"purchasable","18":"product-type-simple"},"uagb_featured_image_src":{"full":["https:\/\/sensacionarabe.com\/Mayoristas\/wp-content\/uploads\/2025\/07\/1000199484.jpg",584,584,false],"thumbnail":["https:\/\/sensacionarabe.com\/Mayoristas\/wp-content\/uploads\/2025\/07\/1000199484-150x150.jpg",150,150,true],"medium":["https:\/\/sensacionarabe.com\/Mayoristas\/wp-content\/uploads\/2025\/07\/1000199484-300x300.jpg",300,300,true],"medium_large":["https:\/\/sensacionarabe.com\/Mayoristas\/wp-content\/uploads\/2025\/07\/1000199484.jpg",584,584,false],"large":["https:\/\/sensacionarabe.com\/Mayoristas\/wp-content\/uploads\/2025\/07\/1000199484.jpg",584,584,false],"1536x1536":["https:\/\/sensacionarabe.com\/Mayoristas\/wp-content\/uploads\/2025\/07\/1000199484.jpg",584,584,false],"2048x2048":["https:\/\/sensacionarabe.com\/Mayoristas\/wp-content\/uploads\/2025\/07\/1000199484.jpg",584,584,false],"woocommerce_thumbnail":["https:\/\/sensacionarabe.com\/Mayoristas\/wp-content\/uploads\/2025\/07\/1000199484-300x300.jpg",300,300,true],"woocommerce_single":["https:\/\/sensacionarabe.com\/Mayoristas\/wp-content\/uploads\/2025\/07\/1000199484.jpg",584,584,false],"woocommerce_gallery_thumbnail":["https:\/\/sensacionarabe.com\/Mayoristas\/wp-content\/uploads\/2025\/07\/1000199484-100x100.jpg",100,100,true],"variation_swatches_image_size":["https:\/\/sensacionarabe.com\/Mayoristas\/wp-content\/uploads\/2025\/07\/1000199484-50x50.jpg",50,50,true],"variation_swatches_tooltip_size":["https:\/\/sensacionarabe.com\/Mayoristas\/wp-content\/uploads\/2025\/07\/1000199484-100x100.jpg",100,100,true]},"uagb_author_info":{"display_name":"admin","author_link":"https:\/\/sensacionarabe.com\/Mayoristas\/author\/"},"uagb_comment_info":0,"uagb_excerpt":"Pastel de fresa D\u00e9jate seducir por el Strawberry Pound Cake Ministry of Gourmand de Paris Corner, una fragancia gourmet con el cremoso sabor del pastel de fresa. Notas olfativas: Notas de salida: lim\u00f3n, fresa, caf\u00e9. Notas de coraz\u00f3n: flor de naranja, cachemira, violeta Notas de fondo: almizcle, leche de vainilla. Caracter\u00edsticas : Tipo de fragancia:&hellip;","_links":{"self":[{"href":"https:\/\/sensacionarabe.com\/Mayoristas\/wp-json\/wp\/v2\/product\/8097","targetHints":{"allow":["GET"]}}],"collection":[{"href":"https:\/\/sensacionarabe.com\/Mayoristas\/wp-json\/wp\/v2\/product"}],"about":[{"href":"https:\/\/sensacionarabe.com\/Mayoristas\/wp-json\/wp\/v2\/types\/product"}],"replies":[{"embeddable":true,"href":"https:\/\/sensacionarabe.com\/Mayoristas\/wp-json\/wp\/v2\/comments?post=8097"}],"version-history":[{"count":0,"href":"https:\/\/sensacionarabe.com\/Mayoristas\/wp-json\/wp\/v2\/product\/8097\/revisions"}],"wp:featuredmedia":[{"embeddable":true,"href":"https:\/\/sensacionarabe.com\/Mayoristas\/wp-json\/wp\/v2\/media\/8096"}],"wp:attachment":[{"href":"https:\/\/sensacionarabe.com\/Mayoristas\/wp-json\/wp\/v2\/media?parent=8097"}],"wp:term":[{"taxonomy":"product_brand","embeddable":true,"href":"https:\/\/sensacionarabe.com\/Mayoristas\/wp-json\/wp\/v2\/product_brand?post=8097"},{"taxonomy":"product_cat","embeddable":true,"href":"https:\/\/sensacionarabe.com\/Mayoristas\/wp-json\/wp\/v2\/product_cat?post=8097"},{"taxonomy":"product_tag","embeddable":true,"href":"https:\/\/sensacionarabe.com\/Mayoristas\/wp-json\/wp\/v2\/product_tag?post=8097"}],"curies":[{"name":"wp","href":"https:\/\/api.w.org\/{rel}","templated":true}]}}