{"id":8246,"date":"2025-09-03T16:31:59","date_gmt":"2025-09-03T14:31:59","guid":{"rendered":"https:\/\/sensacionarabe.com\/Mayoristas\/producto\/lattafa-pride-ansaam-gold-set-de-regalo\/"},"modified":"2026-04-16T19:17:39","modified_gmt":"2026-04-16T17:17:39","slug":"lattafa-pride-ansaam-gold-set-de-regalo","status":"publish","type":"product","link":"https:\/\/sensacionarabe.com\/Mayoristas\/producto\/lattafa-pride-ansaam-gold-set-de-regalo\/","title":{"rendered":"Lattafa Pride  Ansaam Gold Set De Regalo"},"content":{"rendered":"<p>Ansaam Gold | Set de regalo | de Lattafa Pride<\/p>\n<p>Dulce, radiante e irresistiblemente encantadora, Ansaam Gold es una fragancia que captura la elegancia alegre con un toque gourmet. Este set de regalo, cuidadosamente seleccionado, est\u00e1 dise\u00f1ado para complementar cualquier ocasi\u00f3n, convirti\u00e9ndolo en un capricho para ti o en un detalle especial para alguien especial.<\/p>\n<p>El juego incluye<\/p>\n<p>Eau de Parfum de 100 ml: frasco de tama\u00f1o completo para un uso atemporal.<\/p>\n<p>Eau de Parfum de 20 ml: tama\u00f1o de viaje para una elegancia sin esfuerzo en movimiento<\/p>\n<p>Spray corporal perfumado de 200 ml: una bruma ligera y refrescante para una frescura diaria.<\/p>\n<p>Perfil de fragancia<\/p>\n<p>Notas de salida: Pera, mandarina<\/p>\n<p>Notas de coraz\u00f3n: rosa, jazm\u00edn, caramelo<\/p>\n<p>Notas de fondo: Frambuesa, Almizcle, Vainilla.<\/p>\n<p>Ansaam Gold se abre con la jugosa y brillante pera y mandarina, dando paso a un delicado bouquet de rosa y jazm\u00edn, suavizado por un dulce acorde de caramelo. La fragancia se asienta sobre una sensual base de frambuesa, almizcle y cremosa vainilla, dejando una huella duradera, a la vez alegre y sofisticada.<\/p>\n","protected":false},"excerpt":{"rendered":"<p>Ansaam Gold | Set de regalo | de Lattafa Pride Dulce, radiante e irresistiblemente encantadora, Ansaam Gold es una fragancia que captura la elegancia alegre con un toque gourmet. Este set de regalo, cuidadosamente seleccionado, est\u00e1 dise\u00f1ado para complementar cualquier ocasi\u00f3n, convirti\u00e9ndolo en un capricho para ti o en un detalle especial para alguien especial. [&hellip;]<\/p>\n","protected":false},"featured_media":8245,"comment_status":"open","ping_status":"closed","template":"","meta":{"nf_dc_page":"","_uag_custom_page_level_css":"","site-sidebar-layout":"default","site-content-layout":"","ast-site-content-layout":"default","site-content-style":"default","site-sidebar-style":"default","ast-global-header-display":"","ast-banner-title-visibility":"","ast-main-header-display":"","ast-hfb-above-header-display":"","ast-hfb-below-header-display":"","ast-hfb-mobile-header-display":"","site-post-title":"","ast-breadcrumbs-content":"","ast-featured-img":"","footer-sml-layout":"","ast-disable-related-posts":"","theme-transparent-header-meta":"","adv-header-id-meta":"","stick-header-meta":"","header-above-stick-meta":"","header-main-stick-meta":"","header-below-stick-meta":"","astra-migrate-meta-layouts":"default","ast-page-background-enabled":"default","ast-page-background-meta":{"desktop":{"background-color":"","background-image":"","background-repeat":"repeat","background-position":"center center","background-size":"auto","background-attachment":"scroll","background-type":"","background-media":"","overlay-type":"","overlay-color":"","overlay-opacity":"","overlay-gradient":""},"tablet":{"background-color":"","background-image":"","background-repeat":"repeat","background-position":"center center","background-size":"auto","background-attachment":"scroll","background-type":"","background-media":"","overlay-type":"","overlay-color":"","overlay-opacity":"","overlay-gradient":""},"mobile":{"background-color":"","background-image":"","background-repeat":"repeat","background-position":"center center","background-size":"auto","background-attachment":"scroll","background-type":"","background-media":"","overlay-type":"","overlay-color":"","overlay-opacity":"","overlay-gradient":""}},"ast-content-background-meta":{"desktop":{"background-color":"var(--ast-global-color-5)","background-image":"","background-repeat":"repeat","background-position":"center center","background-size":"auto","background-attachment":"scroll","background-type":"","background-media":"","overlay-type":"","overlay-color":"","overlay-opacity":"","overlay-gradient":""},"tablet":{"background-color":"var(--ast-global-color-5)","background-image":"","background-repeat":"repeat","background-position":"center center","background-size":"auto","background-attachment":"scroll","background-type":"","background-media":"","overlay-type":"","overlay-color":"","overlay-opacity":"","overlay-gradient":""},"mobile":{"background-color":"var(--ast-global-color-5)","background-image":"","background-repeat":"repeat","background-position":"center center","background-size":"auto","background-attachment":"scroll","background-type":"","background-media":"","overlay-type":"","overlay-color":"","overlay-opacity":"","overlay-gradient":""}}},"product_brand":[],"product_cat":[49],"product_tag":[63],"class_list":{"0":"post-8246","1":"product","2":"type-product","3":"status-publish","4":"has-post-thumbnail","6":"product_cat-mujer","7":"product_tag-lattafa-pride","8":"desktop-align-left","9":"tablet-align-left","10":"mobile-align-left","12":"first","13":"instock","14":"taxable","15":"shipping-taxable","16":"purchasable","17":"product-type-simple"},"uagb_featured_image_src":{"full":["https:\/\/sensacionarabe.com\/Mayoristas\/wp-content\/uploads\/2025\/09\/1000243801.jpg",1060,825,false],"thumbnail":["https:\/\/sensacionarabe.com\/Mayoristas\/wp-content\/uploads\/2025\/09\/1000243801-150x150.jpg",150,150,true],"medium":["https:\/\/sensacionarabe.com\/Mayoristas\/wp-content\/uploads\/2025\/09\/1000243801-300x233.jpg",300,233,true],"medium_large":["https:\/\/sensacionarabe.com\/Mayoristas\/wp-content\/uploads\/2025\/09\/1000243801-768x598.jpg",768,598,true],"large":["https:\/\/sensacionarabe.com\/Mayoristas\/wp-content\/uploads\/2025\/09\/1000243801-1024x797.jpg",1024,797,true],"1536x1536":["https:\/\/sensacionarabe.com\/Mayoristas\/wp-content\/uploads\/2025\/09\/1000243801.jpg",1060,825,false],"2048x2048":["https:\/\/sensacionarabe.com\/Mayoristas\/wp-content\/uploads\/2025\/09\/1000243801.jpg",1060,825,false],"woocommerce_thumbnail":["https:\/\/sensacionarabe.com\/Mayoristas\/wp-content\/uploads\/2025\/09\/1000243801-300x300.jpg",300,300,true],"woocommerce_single":["https:\/\/sensacionarabe.com\/Mayoristas\/wp-content\/uploads\/2025\/09\/1000243801-600x467.jpg",600,467,true],"woocommerce_gallery_thumbnail":["https:\/\/sensacionarabe.com\/Mayoristas\/wp-content\/uploads\/2025\/09\/1000243801-100x100.jpg",100,100,true],"variation_swatches_image_size":["https:\/\/sensacionarabe.com\/Mayoristas\/wp-content\/uploads\/2025\/09\/1000243801-50x50.jpg",50,50,true],"variation_swatches_tooltip_size":["https:\/\/sensacionarabe.com\/Mayoristas\/wp-content\/uploads\/2025\/09\/1000243801-100x100.jpg",100,100,true]},"uagb_author_info":{"display_name":"admin","author_link":"https:\/\/sensacionarabe.com\/Mayoristas\/author\/"},"uagb_comment_info":0,"uagb_excerpt":"Ansaam Gold | Set de regalo | de Lattafa Pride Dulce, radiante e irresistiblemente encantadora, Ansaam Gold es una fragancia que captura la elegancia alegre con un toque gourmet. Este set de regalo, cuidadosamente seleccionado, est\u00e1 dise\u00f1ado para complementar cualquier ocasi\u00f3n, convirti\u00e9ndolo en un capricho para ti o en un detalle especial para alguien especial.&hellip;","_links":{"self":[{"href":"https:\/\/sensacionarabe.com\/Mayoristas\/wp-json\/wp\/v2\/product\/8246","targetHints":{"allow":["GET"]}}],"collection":[{"href":"https:\/\/sensacionarabe.com\/Mayoristas\/wp-json\/wp\/v2\/product"}],"about":[{"href":"https:\/\/sensacionarabe.com\/Mayoristas\/wp-json\/wp\/v2\/types\/product"}],"replies":[{"embeddable":true,"href":"https:\/\/sensacionarabe.com\/Mayoristas\/wp-json\/wp\/v2\/comments?post=8246"}],"version-history":[{"count":0,"href":"https:\/\/sensacionarabe.com\/Mayoristas\/wp-json\/wp\/v2\/product\/8246\/revisions"}],"wp:featuredmedia":[{"embeddable":true,"href":"https:\/\/sensacionarabe.com\/Mayoristas\/wp-json\/wp\/v2\/media\/8245"}],"wp:attachment":[{"href":"https:\/\/sensacionarabe.com\/Mayoristas\/wp-json\/wp\/v2\/media?parent=8246"}],"wp:term":[{"taxonomy":"product_brand","embeddable":true,"href":"https:\/\/sensacionarabe.com\/Mayoristas\/wp-json\/wp\/v2\/product_brand?post=8246"},{"taxonomy":"product_cat","embeddable":true,"href":"https:\/\/sensacionarabe.com\/Mayoristas\/wp-json\/wp\/v2\/product_cat?post=8246"},{"taxonomy":"product_tag","embeddable":true,"href":"https:\/\/sensacionarabe.com\/Mayoristas\/wp-json\/wp\/v2\/product_tag?post=8246"}],"curies":[{"name":"wp","href":"https:\/\/api.w.org\/{rel}","templated":true}]}}