{"id":8249,"date":"2025-09-03T16:35:48","date_gmt":"2025-09-03T14:35:48","guid":{"rendered":"https:\/\/sensacionarabe.com\/Mayoristas\/producto\/lattafa-pride-masa-set-de-regalo\/"},"modified":"2026-02-01T13:48:21","modified_gmt":"2026-02-01T12:48:21","slug":"lattafa-pride-masa-set-de-regalo","status":"publish","type":"product","link":"https:\/\/sensacionarabe.com\/Mayoristas\/producto\/lattafa-pride-masa-set-de-regalo\/","title":{"rendered":"Lattafa Pride Masa Set De Regalo"},"content":{"rendered":"<p>Masa | Set de regalo | de Lattafa Pride<\/p>\n<p>Atrevida, radiante y llena de car\u00e1cter, Masa es una fragancia que encarna la sofisticaci\u00f3n moderna con un toque atrevido. Este set de regalo ofrece la manera perfecta de disfrutar de su cautivador aroma, ya sea en casa, en el trabajo o de viaje.<\/p>\n<p>El juego incluye<\/p>\n<p>Eau de Parfum de 100 ml: frasco de tama\u00f1o completo para un uso atemporal.<\/p>\n<p>Eau de Parfum 20 ml: compa\u00f1ero de viaje para la elegancia cotidiana<\/p>\n<p>Spray corporal perfumado de 200 ml: una bruma refrescante para todo el cuerpo.<\/p>\n<p>Perfil de fragancia<\/p>\n<p>Notas de salida: azafr\u00e1n, lim\u00f3n, pimienta rosa, mango.<\/p>\n<p>Notas de coraz\u00f3n: Osmanto, hojas de violeta, flor de naranja, jengibre<\/p>\n<p>Notas de fondo: Flor eterna, acorde mineral de \u00e1mbar, pachul\u00ed, gamuza.<\/p>\n<p>Masa comienza con una vibrante fusi\u00f3n de azafr\u00e1n, c\u00edtricos y mango ex\u00f3tico, realzada por un toque de pimienta rosa. En su coraz\u00f3n, notas florales y especiadas de osmanto, hoja de violeta, flor de azahar y jengibre crean profundidad e intriga. La fragancia se asienta sobre una base refinada de flor perenne, acorde mineral de \u00e1mbar, pachul\u00ed y gamuza, dejando una estela audaz y sofisticada.<\/p>\n","protected":false},"excerpt":{"rendered":"<p>Masa | Set de regalo | de Lattafa Pride Atrevida, radiante y llena de car\u00e1cter, Masa es una fragancia que encarna la sofisticaci\u00f3n moderna con un toque atrevido. Este set de regalo ofrece la manera perfecta de disfrutar de su cautivador aroma, ya sea en casa, en el trabajo o de viaje. El juego incluye [&hellip;]<\/p>\n","protected":false},"featured_media":8248,"comment_status":"open","ping_status":"closed","template":"","meta":{"nf_dc_page":"","_uag_custom_page_level_css":"","site-sidebar-layout":"default","site-content-layout":"","ast-site-content-layout":"default","site-content-style":"default","site-sidebar-style":"default","ast-global-header-display":"","ast-banner-title-visibility":"","ast-main-header-display":"","ast-hfb-above-header-display":"","ast-hfb-below-header-display":"","ast-hfb-mobile-header-display":"","site-post-title":"","ast-breadcrumbs-content":"","ast-featured-img":"","footer-sml-layout":"","ast-disable-related-posts":"","theme-transparent-header-meta":"","adv-header-id-meta":"","stick-header-meta":"","header-above-stick-meta":"","header-main-stick-meta":"","header-below-stick-meta":"","astra-migrate-meta-layouts":"default","ast-page-background-enabled":"default","ast-page-background-meta":{"desktop":{"background-color":"","background-image":"","background-repeat":"repeat","background-position":"center center","background-size":"auto","background-attachment":"scroll","background-type":"","background-media":"","overlay-type":"","overlay-color":"","overlay-opacity":"","overlay-gradient":""},"tablet":{"background-color":"","background-image":"","background-repeat":"repeat","background-position":"center center","background-size":"auto","background-attachment":"scroll","background-type":"","background-media":"","overlay-type":"","overlay-color":"","overlay-opacity":"","overlay-gradient":""},"mobile":{"background-color":"","background-image":"","background-repeat":"repeat","background-position":"center center","background-size":"auto","background-attachment":"scroll","background-type":"","background-media":"","overlay-type":"","overlay-color":"","overlay-opacity":"","overlay-gradient":""}},"ast-content-background-meta":{"desktop":{"background-color":"var(--ast-global-color-5)","background-image":"","background-repeat":"repeat","background-position":"center center","background-size":"auto","background-attachment":"scroll","background-type":"","background-media":"","overlay-type":"","overlay-color":"","overlay-opacity":"","overlay-gradient":""},"tablet":{"background-color":"var(--ast-global-color-5)","background-image":"","background-repeat":"repeat","background-position":"center center","background-size":"auto","background-attachment":"scroll","background-type":"","background-media":"","overlay-type":"","overlay-color":"","overlay-opacity":"","overlay-gradient":""},"mobile":{"background-color":"var(--ast-global-color-5)","background-image":"","background-repeat":"repeat","background-position":"center center","background-size":"auto","background-attachment":"scroll","background-type":"","background-media":"","overlay-type":"","overlay-color":"","overlay-opacity":"","overlay-gradient":""}}},"product_brand":[],"product_cat":[29],"product_tag":[63],"class_list":{"0":"post-8249","1":"product","2":"type-product","3":"status-publish","4":"has-post-thumbnail","6":"product_cat-unisex","7":"product_tag-lattafa-pride","8":"desktop-align-left","9":"tablet-align-left","10":"mobile-align-left","12":"first","13":"instock","14":"taxable","15":"shipping-taxable","16":"purchasable","17":"product-type-simple"},"uagb_featured_image_src":{"full":["https:\/\/sensacionarabe.com\/Mayoristas\/wp-content\/uploads\/2025\/09\/1000243802.jpg",1059,932,false],"thumbnail":["https:\/\/sensacionarabe.com\/Mayoristas\/wp-content\/uploads\/2025\/09\/1000243802-150x150.jpg",150,150,true],"medium":["https:\/\/sensacionarabe.com\/Mayoristas\/wp-content\/uploads\/2025\/09\/1000243802-300x264.jpg",300,264,true],"medium_large":["https:\/\/sensacionarabe.com\/Mayoristas\/wp-content\/uploads\/2025\/09\/1000243802-768x676.jpg",768,676,true],"large":["https:\/\/sensacionarabe.com\/Mayoristas\/wp-content\/uploads\/2025\/09\/1000243802-1024x901.jpg",1024,901,true],"1536x1536":["https:\/\/sensacionarabe.com\/Mayoristas\/wp-content\/uploads\/2025\/09\/1000243802.jpg",1059,932,false],"2048x2048":["https:\/\/sensacionarabe.com\/Mayoristas\/wp-content\/uploads\/2025\/09\/1000243802.jpg",1059,932,false],"woocommerce_thumbnail":["https:\/\/sensacionarabe.com\/Mayoristas\/wp-content\/uploads\/2025\/09\/1000243802-300x300.jpg",300,300,true],"woocommerce_single":["https:\/\/sensacionarabe.com\/Mayoristas\/wp-content\/uploads\/2025\/09\/1000243802-600x528.jpg",600,528,true],"woocommerce_gallery_thumbnail":["https:\/\/sensacionarabe.com\/Mayoristas\/wp-content\/uploads\/2025\/09\/1000243802-100x100.jpg",100,100,true],"variation_swatches_image_size":["https:\/\/sensacionarabe.com\/Mayoristas\/wp-content\/uploads\/2025\/09\/1000243802-50x50.jpg",50,50,true],"variation_swatches_tooltip_size":["https:\/\/sensacionarabe.com\/Mayoristas\/wp-content\/uploads\/2025\/09\/1000243802-100x100.jpg",100,100,true]},"uagb_author_info":{"display_name":"admin","author_link":"https:\/\/sensacionarabe.com\/Mayoristas\/author\/"},"uagb_comment_info":0,"uagb_excerpt":"Masa | Set de regalo | de Lattafa Pride Atrevida, radiante y llena de car\u00e1cter, Masa es una fragancia que encarna la sofisticaci\u00f3n moderna con un toque atrevido. Este set de regalo ofrece la manera perfecta de disfrutar de su cautivador aroma, ya sea en casa, en el trabajo o de viaje. El juego incluye&hellip;","_links":{"self":[{"href":"https:\/\/sensacionarabe.com\/Mayoristas\/wp-json\/wp\/v2\/product\/8249","targetHints":{"allow":["GET"]}}],"collection":[{"href":"https:\/\/sensacionarabe.com\/Mayoristas\/wp-json\/wp\/v2\/product"}],"about":[{"href":"https:\/\/sensacionarabe.com\/Mayoristas\/wp-json\/wp\/v2\/types\/product"}],"replies":[{"embeddable":true,"href":"https:\/\/sensacionarabe.com\/Mayoristas\/wp-json\/wp\/v2\/comments?post=8249"}],"version-history":[{"count":0,"href":"https:\/\/sensacionarabe.com\/Mayoristas\/wp-json\/wp\/v2\/product\/8249\/revisions"}],"wp:featuredmedia":[{"embeddable":true,"href":"https:\/\/sensacionarabe.com\/Mayoristas\/wp-json\/wp\/v2\/media\/8248"}],"wp:attachment":[{"href":"https:\/\/sensacionarabe.com\/Mayoristas\/wp-json\/wp\/v2\/media?parent=8249"}],"wp:term":[{"taxonomy":"product_brand","embeddable":true,"href":"https:\/\/sensacionarabe.com\/Mayoristas\/wp-json\/wp\/v2\/product_brand?post=8249"},{"taxonomy":"product_cat","embeddable":true,"href":"https:\/\/sensacionarabe.com\/Mayoristas\/wp-json\/wp\/v2\/product_cat?post=8249"},{"taxonomy":"product_tag","embeddable":true,"href":"https:\/\/sensacionarabe.com\/Mayoristas\/wp-json\/wp\/v2\/product_tag?post=8249"}],"curies":[{"name":"wp","href":"https:\/\/api.w.org\/{rel}","templated":true}]}}