{"id":8262,"date":"2025-09-03T16:40:54","date_gmt":"2025-09-03T14:40:54","guid":{"rendered":"https:\/\/sensacionarabe.com\/Mayoristas\/producto\/lattafa-pride-art-of-universe-set-de-regalo\/"},"modified":"2026-03-10T19:10:37","modified_gmt":"2026-03-10T18:10:37","slug":"lattafa-pride-art-of-universe-set-de-regalo","status":"publish","type":"product","link":"https:\/\/sensacionarabe.com\/Mayoristas\/producto\/lattafa-pride-art-of-universe-set-de-regalo\/","title":{"rendered":"Lattafa Pride Art Of Universe Set De Regalo"},"content":{"rendered":"<p style=\"margin:0px0px19.4444px;font-size:0.93333em;font-family:Helvetica,\"><font dir=\"auto\" style=\"vertical-align: inherit\"><font dir=\"auto\" style=\"vertical-align: inherit\">Arte del Universo | Set de regalo | de Lattafa Pride<\/font><\/font><\/p>\n<p style=\"margin:0px0px19.4444px;font-size:0.93333em;font-family:Helvetica,\"><span><font dir=\"auto\" style=\"vertical-align: inherit\"><font dir=\"auto\" style=\"vertical-align: inherit\">Vibrante, fresca y llena de car\u00e1cter, Art of Universe es una fragancia que combina energ\u00eda y elegancia en perfecta armon\u00eda. Creado para quienes disfrutan de la vida con confianza, este set de regalo es la manera ideal de experimentar un aroma estimulante y refinado.<\/font><\/font><\/span><\/p>\n<p style=\"margin:0px0px19.4444px;font-size:0.93333em;font-family:Helvetica,\"><span><font dir=\"auto\" style=\"vertical-align: inherit\"><font dir=\"auto\" style=\"vertical-align: inherit\">El juego incluye<\/font><\/font><\/span><\/p>\n<p style=\"margin:0px0px19.4444px;font-size:0.93333em;font-family:Helvetica,\"><font dir=\"auto\" style=\"vertical-align: inherit\"><font dir=\"auto\" style=\"vertical-align: inherit\">Eau de Parfum de 100 ml: frasco de tama\u00f1o completo para una sofisticaci\u00f3n duradera<\/font><\/font><\/p>\n<p style=\"margin:0px0px19.4444px;font-size:0.93333em;font-family:Helvetica,\"><font dir=\"auto\" style=\"vertical-align: inherit\"><font dir=\"auto\" style=\"vertical-align: inherit\">Eau de Parfum de 20 ml: pr\u00e1ctico tama\u00f1o de viaje para uso diario.<\/font><\/font><\/p>\n<p style=\"margin:0px0px19.4444px;font-size:0.93333em;font-family:Helvetica,\"><font dir=\"auto\" style=\"vertical-align: inherit\"><font dir=\"auto\" style=\"vertical-align: inherit\">Spray corporal perfumado de 200 ml: una bruma refrescante para todo el cuerpo para uso diario. <\/font><\/font><\/p>\n<p style=\"margin:0px0px19.4444px;font-size:0.93333em;font-family:Helvetica,\"><span><font dir=\"auto\" style=\"vertical-align: inherit\"><font dir=\"auto\" style=\"vertical-align: inherit\">Perfil de fragancia<\/font><\/font><\/span><\/p>\n<p style=\"margin:0px0px19.4444px;font-size:0.93333em;font-family:Helvetica,\"><font dir=\"auto\" style=\"vertical-align: inherit\"><font dir=\"auto\" style=\"vertical-align: inherit\">Notas de salida: Bergamota, mandarina, jengibre, menta.<\/font><\/font><\/p>\n<p style=\"margin:0px0px19.4444px;font-size:0.93333em;font-family:Helvetica,\"><font dir=\"auto\" style=\"vertical-align: inherit\"><font dir=\"auto\" style=\"vertical-align: inherit\">Notas de coraz\u00f3n: Flor de naranja, pera<\/font><\/font><\/p>\n<p style=\"margin:0px0px19.4444px;font-size:0.93333em;font-family:Helvetica,\"><font dir=\"auto\" style=\"vertical-align: inherit\"><font dir=\"auto\" style=\"vertical-align: inherit\">Notas de fondo: Cedro, \u00e1mbar, almizcle.<\/font><\/font><\/p>\n<p style=\"margin:0px;font-size:0.93333em;font-family:Helvetica,\"><span><font dir=\"auto\" style=\"vertical-align: inherit\"><font dir=\"auto\" style=\"vertical-align: inherit\">Art of Universe abre con una explosi\u00f3n chispeante de bergamota, mandarina y jengibre, realzada por la refrescante menta para un toque refrescante. El coraz\u00f3n revela una luminosa mezcla de flor de azahar y pera, mientras que la base se asienta en la calidez de la madera de cedro, el \u00e1mbar y el almizcle, creando una esencia equilibrada y cautivadora.<\/font><\/font><\/span><\/p>\n","protected":false},"excerpt":{"rendered":"<p>Arte del Universo | Set de regalo | de Lattafa Pride Vibrante, fresca y llena de car\u00e1cter, Art of Universe es una fragancia que combina energ\u00eda y elegancia en perfecta armon\u00eda. Creado para quienes disfrutan de la vida con confianza, este set de regalo es la manera ideal de experimentar un aroma estimulante y refinado. [&hellip;]<\/p>\n","protected":false},"featured_media":8259,"comment_status":"open","ping_status":"closed","template":"","meta":{"nf_dc_page":"","_uag_custom_page_level_css":"","site-sidebar-layout":"default","site-content-layout":"","ast-site-content-layout":"default","site-content-style":"default","site-sidebar-style":"default","ast-global-header-display":"","ast-banner-title-visibility":"","ast-main-header-display":"","ast-hfb-above-header-display":"","ast-hfb-below-header-display":"","ast-hfb-mobile-header-display":"","site-post-title":"","ast-breadcrumbs-content":"","ast-featured-img":"","footer-sml-layout":"","ast-disable-related-posts":"","theme-transparent-header-meta":"","adv-header-id-meta":"","stick-header-meta":"","header-above-stick-meta":"","header-main-stick-meta":"","header-below-stick-meta":"","astra-migrate-meta-layouts":"default","ast-page-background-enabled":"default","ast-page-background-meta":{"desktop":{"background-color":"","background-image":"","background-repeat":"repeat","background-position":"center center","background-size":"auto","background-attachment":"scroll","background-type":"","background-media":"","overlay-type":"","overlay-color":"","overlay-opacity":"","overlay-gradient":""},"tablet":{"background-color":"","background-image":"","background-repeat":"repeat","background-position":"center center","background-size":"auto","background-attachment":"scroll","background-type":"","background-media":"","overlay-type":"","overlay-color":"","overlay-opacity":"","overlay-gradient":""},"mobile":{"background-color":"","background-image":"","background-repeat":"repeat","background-position":"center center","background-size":"auto","background-attachment":"scroll","background-type":"","background-media":"","overlay-type":"","overlay-color":"","overlay-opacity":"","overlay-gradient":""}},"ast-content-background-meta":{"desktop":{"background-color":"var(--ast-global-color-5)","background-image":"","background-repeat":"repeat","background-position":"center center","background-size":"auto","background-attachment":"scroll","background-type":"","background-media":"","overlay-type":"","overlay-color":"","overlay-opacity":"","overlay-gradient":""},"tablet":{"background-color":"var(--ast-global-color-5)","background-image":"","background-repeat":"repeat","background-position":"center center","background-size":"auto","background-attachment":"scroll","background-type":"","background-media":"","overlay-type":"","overlay-color":"","overlay-opacity":"","overlay-gradient":""},"mobile":{"background-color":"var(--ast-global-color-5)","background-image":"","background-repeat":"repeat","background-position":"center center","background-size":"auto","background-attachment":"scroll","background-type":"","background-media":"","overlay-type":"","overlay-color":"","overlay-opacity":"","overlay-gradient":""}}},"product_brand":[],"product_cat":[40],"product_tag":[63],"class_list":{"0":"post-8262","1":"product","2":"type-product","3":"status-publish","4":"has-post-thumbnail","6":"product_cat-hombre","7":"product_tag-lattafa-pride","8":"desktop-align-left","9":"tablet-align-left","10":"mobile-align-left","12":"first","13":"outofstock","14":"taxable","15":"shipping-taxable","16":"purchasable","17":"product-type-simple"},"uagb_featured_image_src":{"full":["https:\/\/sensacionarabe.com\/Mayoristas\/wp-content\/uploads\/2025\/09\/1000243806.jpg",1058,975,false],"thumbnail":["https:\/\/sensacionarabe.com\/Mayoristas\/wp-content\/uploads\/2025\/09\/1000243806-150x150.jpg",150,150,true],"medium":["https:\/\/sensacionarabe.com\/Mayoristas\/wp-content\/uploads\/2025\/09\/1000243806-300x276.jpg",300,276,true],"medium_large":["https:\/\/sensacionarabe.com\/Mayoristas\/wp-content\/uploads\/2025\/09\/1000243806-768x708.jpg",768,708,true],"large":["https:\/\/sensacionarabe.com\/Mayoristas\/wp-content\/uploads\/2025\/09\/1000243806-1024x944.jpg",1024,944,true],"1536x1536":["https:\/\/sensacionarabe.com\/Mayoristas\/wp-content\/uploads\/2025\/09\/1000243806.jpg",1058,975,false],"2048x2048":["https:\/\/sensacionarabe.com\/Mayoristas\/wp-content\/uploads\/2025\/09\/1000243806.jpg",1058,975,false],"woocommerce_thumbnail":["https:\/\/sensacionarabe.com\/Mayoristas\/wp-content\/uploads\/2025\/09\/1000243806-300x300.jpg",300,300,true],"woocommerce_single":["https:\/\/sensacionarabe.com\/Mayoristas\/wp-content\/uploads\/2025\/09\/1000243806-600x553.jpg",600,553,true],"woocommerce_gallery_thumbnail":["https:\/\/sensacionarabe.com\/Mayoristas\/wp-content\/uploads\/2025\/09\/1000243806-100x100.jpg",100,100,true],"variation_swatches_image_size":["https:\/\/sensacionarabe.com\/Mayoristas\/wp-content\/uploads\/2025\/09\/1000243806-50x50.jpg",50,50,true],"variation_swatches_tooltip_size":["https:\/\/sensacionarabe.com\/Mayoristas\/wp-content\/uploads\/2025\/09\/1000243806-100x100.jpg",100,100,true]},"uagb_author_info":{"display_name":"admin","author_link":"https:\/\/sensacionarabe.com\/Mayoristas\/author\/"},"uagb_comment_info":0,"uagb_excerpt":"Arte del Universo | Set de regalo | de Lattafa Pride Vibrante, fresca y llena de car\u00e1cter, Art of Universe es una fragancia que combina energ\u00eda y elegancia en perfecta armon\u00eda. Creado para quienes disfrutan de la vida con confianza, este set de regalo es la manera ideal de experimentar un aroma estimulante y refinado.&hellip;","_links":{"self":[{"href":"https:\/\/sensacionarabe.com\/Mayoristas\/wp-json\/wp\/v2\/product\/8262","targetHints":{"allow":["GET"]}}],"collection":[{"href":"https:\/\/sensacionarabe.com\/Mayoristas\/wp-json\/wp\/v2\/product"}],"about":[{"href":"https:\/\/sensacionarabe.com\/Mayoristas\/wp-json\/wp\/v2\/types\/product"}],"replies":[{"embeddable":true,"href":"https:\/\/sensacionarabe.com\/Mayoristas\/wp-json\/wp\/v2\/comments?post=8262"}],"version-history":[{"count":0,"href":"https:\/\/sensacionarabe.com\/Mayoristas\/wp-json\/wp\/v2\/product\/8262\/revisions"}],"wp:featuredmedia":[{"embeddable":true,"href":"https:\/\/sensacionarabe.com\/Mayoristas\/wp-json\/wp\/v2\/media\/8259"}],"wp:attachment":[{"href":"https:\/\/sensacionarabe.com\/Mayoristas\/wp-json\/wp\/v2\/media?parent=8262"}],"wp:term":[{"taxonomy":"product_brand","embeddable":true,"href":"https:\/\/sensacionarabe.com\/Mayoristas\/wp-json\/wp\/v2\/product_brand?post=8262"},{"taxonomy":"product_cat","embeddable":true,"href":"https:\/\/sensacionarabe.com\/Mayoristas\/wp-json\/wp\/v2\/product_cat?post=8262"},{"taxonomy":"product_tag","embeddable":true,"href":"https:\/\/sensacionarabe.com\/Mayoristas\/wp-json\/wp\/v2\/product_tag?post=8262"}],"curies":[{"name":"wp","href":"https:\/\/api.w.org\/{rel}","templated":true}]}}