{"id":8286,"date":"2025-09-03T18:06:03","date_gmt":"2025-09-03T16:06:03","guid":{"rendered":"https:\/\/sensacionarabe.com\/Mayoristas\/producto\/set-de-regalo-de-3-piezas-de-eau-de-parfum-lattafa-pride-nebras-bayas-jugosas-banadas-en-chocolate-fundido-set-de-regalo\/"},"modified":"2026-04-16T12:36:32","modified_gmt":"2026-04-16T10:36:32","slug":"set-de-regalo-de-3-piezas-de-eau-de-parfum-lattafa-pride-nebras-bayas-jugosas-banadas-en-chocolate-fundido-set-de-regalo","status":"publish","type":"product","link":"https:\/\/sensacionarabe.com\/Mayoristas\/producto\/set-de-regalo-de-3-piezas-de-eau-de-parfum-lattafa-pride-nebras-bayas-jugosas-banadas-en-chocolate-fundido-set-de-regalo\/","title":{"rendered":"Set de regalo de 3 piezas de Eau de Parfum Lattafa Pride Nebras | Bayas jugosas ba\u00f1adas en chocolate fundido (Set de regalo)"},"content":{"rendered":"<p>deliciosa combinaci\u00f3n de vainilla, cacao y un suave toque de rosa, que aporta una elegancia floral cremosa y un toque de decadencia. La base es irresistiblemente c\u00e1lida y acogedora, con az\u00facar, haba tonka, \u00e1mbar y almizcle que envuelven la composici\u00f3n en un abrazo dulce y reconfortante. Perfecto para quienes aman un aroma dulce y sensual con un final lujoso y acogedor.<\/p>\n<p>Notas de salida: frutos rojos, mandarina.<br \/>\nNotas de coraz\u00f3n: vainilla, cacao, rosa.<br \/>\nNotas de fondo: az\u00facar, haba tonka, \u00e1mbar, almizcle.<\/p>\n<p>Este set de regalo incluye:<br \/>\n1: Nebras Eau de Parfum Spray 100ml (3.4 oz) de Lattafa Pride<br \/>\n2: Nebras Perfumed Spray 200ml (6.7 oz) de Lattafa Pride<br \/>\n3: Nebras Mini Eau de Parfum Spray 20ml (0.67 oz) de Lattafa Pride<\/p>\n","protected":false},"excerpt":{"rendered":"<p>deliciosa combinaci\u00f3n de vainilla, cacao y un suave toque de rosa, que aporta una elegancia floral cremosa y un toque de decadencia. La base es irresistiblemente c\u00e1lida y acogedora, con az\u00facar, haba tonka, \u00e1mbar y almizcle que envuelven la composici\u00f3n en un abrazo dulce y reconfortante. Perfecto para quienes aman un aroma dulce y sensual [&hellip;]<\/p>\n","protected":false},"featured_media":8285,"comment_status":"open","ping_status":"closed","template":"","meta":{"nf_dc_page":"","_uag_custom_page_level_css":"","site-sidebar-layout":"default","site-content-layout":"","ast-site-content-layout":"default","site-content-style":"default","site-sidebar-style":"default","ast-global-header-display":"","ast-banner-title-visibility":"","ast-main-header-display":"","ast-hfb-above-header-display":"","ast-hfb-below-header-display":"","ast-hfb-mobile-header-display":"","site-post-title":"","ast-breadcrumbs-content":"","ast-featured-img":"","footer-sml-layout":"","ast-disable-related-posts":"","theme-transparent-header-meta":"","adv-header-id-meta":"","stick-header-meta":"","header-above-stick-meta":"","header-main-stick-meta":"","header-below-stick-meta":"","astra-migrate-meta-layouts":"default","ast-page-background-enabled":"default","ast-page-background-meta":{"desktop":{"background-color":"","background-image":"","background-repeat":"repeat","background-position":"center center","background-size":"auto","background-attachment":"scroll","background-type":"","background-media":"","overlay-type":"","overlay-color":"","overlay-opacity":"","overlay-gradient":""},"tablet":{"background-color":"","background-image":"","background-repeat":"repeat","background-position":"center center","background-size":"auto","background-attachment":"scroll","background-type":"","background-media":"","overlay-type":"","overlay-color":"","overlay-opacity":"","overlay-gradient":""},"mobile":{"background-color":"","background-image":"","background-repeat":"repeat","background-position":"center center","background-size":"auto","background-attachment":"scroll","background-type":"","background-media":"","overlay-type":"","overlay-color":"","overlay-opacity":"","overlay-gradient":""}},"ast-content-background-meta":{"desktop":{"background-color":"var(--ast-global-color-5)","background-image":"","background-repeat":"repeat","background-position":"center center","background-size":"auto","background-attachment":"scroll","background-type":"","background-media":"","overlay-type":"","overlay-color":"","overlay-opacity":"","overlay-gradient":""},"tablet":{"background-color":"var(--ast-global-color-5)","background-image":"","background-repeat":"repeat","background-position":"center center","background-size":"auto","background-attachment":"scroll","background-type":"","background-media":"","overlay-type":"","overlay-color":"","overlay-opacity":"","overlay-gradient":""},"mobile":{"background-color":"var(--ast-global-color-5)","background-image":"","background-repeat":"repeat","background-position":"center center","background-size":"auto","background-attachment":"scroll","background-type":"","background-media":"","overlay-type":"","overlay-color":"","overlay-opacity":"","overlay-gradient":""}}},"product_brand":[],"product_cat":[29],"product_tag":[63],"class_list":{"0":"post-8286","1":"product","2":"type-product","3":"status-publish","4":"has-post-thumbnail","6":"product_cat-unisex","7":"product_tag-lattafa-pride","8":"desktop-align-left","9":"tablet-align-left","10":"mobile-align-left","12":"first","13":"instock","14":"taxable","15":"shipping-taxable","16":"purchasable","17":"product-type-simple"},"uagb_featured_image_src":{"full":["https:\/\/sensacionarabe.com\/Mayoristas\/wp-content\/uploads\/2025\/09\/1000243907.jpg",1058,969,false],"thumbnail":["https:\/\/sensacionarabe.com\/Mayoristas\/wp-content\/uploads\/2025\/09\/1000243907-150x150.jpg",150,150,true],"medium":["https:\/\/sensacionarabe.com\/Mayoristas\/wp-content\/uploads\/2025\/09\/1000243907-300x275.jpg",300,275,true],"medium_large":["https:\/\/sensacionarabe.com\/Mayoristas\/wp-content\/uploads\/2025\/09\/1000243907-768x703.jpg",768,703,true],"large":["https:\/\/sensacionarabe.com\/Mayoristas\/wp-content\/uploads\/2025\/09\/1000243907-1024x938.jpg",1024,938,true],"1536x1536":["https:\/\/sensacionarabe.com\/Mayoristas\/wp-content\/uploads\/2025\/09\/1000243907.jpg",1058,969,false],"2048x2048":["https:\/\/sensacionarabe.com\/Mayoristas\/wp-content\/uploads\/2025\/09\/1000243907.jpg",1058,969,false],"woocommerce_thumbnail":["https:\/\/sensacionarabe.com\/Mayoristas\/wp-content\/uploads\/2025\/09\/1000243907-300x300.jpg",300,300,true],"woocommerce_single":["https:\/\/sensacionarabe.com\/Mayoristas\/wp-content\/uploads\/2025\/09\/1000243907-600x550.jpg",600,550,true],"woocommerce_gallery_thumbnail":["https:\/\/sensacionarabe.com\/Mayoristas\/wp-content\/uploads\/2025\/09\/1000243907-100x100.jpg",100,100,true],"variation_swatches_image_size":["https:\/\/sensacionarabe.com\/Mayoristas\/wp-content\/uploads\/2025\/09\/1000243907-50x50.jpg",50,50,true],"variation_swatches_tooltip_size":["https:\/\/sensacionarabe.com\/Mayoristas\/wp-content\/uploads\/2025\/09\/1000243907-100x100.jpg",100,100,true]},"uagb_author_info":{"display_name":"admin","author_link":"https:\/\/sensacionarabe.com\/Mayoristas\/author\/"},"uagb_comment_info":0,"uagb_excerpt":"deliciosa combinaci\u00f3n de vainilla, cacao y un suave toque de rosa, que aporta una elegancia floral cremosa y un toque de decadencia. La base es irresistiblemente c\u00e1lida y acogedora, con az\u00facar, haba tonka, \u00e1mbar y almizcle que envuelven la composici\u00f3n en un abrazo dulce y reconfortante. Perfecto para quienes aman un aroma dulce y sensual&hellip;","_links":{"self":[{"href":"https:\/\/sensacionarabe.com\/Mayoristas\/wp-json\/wp\/v2\/product\/8286","targetHints":{"allow":["GET"]}}],"collection":[{"href":"https:\/\/sensacionarabe.com\/Mayoristas\/wp-json\/wp\/v2\/product"}],"about":[{"href":"https:\/\/sensacionarabe.com\/Mayoristas\/wp-json\/wp\/v2\/types\/product"}],"replies":[{"embeddable":true,"href":"https:\/\/sensacionarabe.com\/Mayoristas\/wp-json\/wp\/v2\/comments?post=8286"}],"version-history":[{"count":0,"href":"https:\/\/sensacionarabe.com\/Mayoristas\/wp-json\/wp\/v2\/product\/8286\/revisions"}],"wp:featuredmedia":[{"embeddable":true,"href":"https:\/\/sensacionarabe.com\/Mayoristas\/wp-json\/wp\/v2\/media\/8285"}],"wp:attachment":[{"href":"https:\/\/sensacionarabe.com\/Mayoristas\/wp-json\/wp\/v2\/media?parent=8286"}],"wp:term":[{"taxonomy":"product_brand","embeddable":true,"href":"https:\/\/sensacionarabe.com\/Mayoristas\/wp-json\/wp\/v2\/product_brand?post=8286"},{"taxonomy":"product_cat","embeddable":true,"href":"https:\/\/sensacionarabe.com\/Mayoristas\/wp-json\/wp\/v2\/product_cat?post=8286"},{"taxonomy":"product_tag","embeddable":true,"href":"https:\/\/sensacionarabe.com\/Mayoristas\/wp-json\/wp\/v2\/product_tag?post=8286"}],"curies":[{"name":"wp","href":"https:\/\/api.w.org\/{rel}","templated":true}]}}