{"id":8378,"date":"2025-09-22T11:16:55","date_gmt":"2025-09-22T09:16:55","guid":{"rendered":"https:\/\/sensacionarabe.com\/Mayoristas\/producto\/lattafa-eclaire-pistache-eau-de-parfum-100ml\/"},"modified":"2025-10-20T11:08:50","modified_gmt":"2025-10-20T09:08:50","slug":"lattafa-eclaire-pistache-eau-de-parfum-100ml","status":"publish","type":"product","link":"https:\/\/sensacionarabe.com\/Mayoristas\/producto\/lattafa-eclaire-pistache-eau-de-parfum-100ml\/","title":{"rendered":"Lattafa\/Eclaire Pistache Eau de Parfum 100ml"},"content":{"rendered":"<p>El Eau de Parfum Lattafa Eclaire Pistache (100 ml) es una irresistible fragancia gourmand. Se centra en la deliciosa nota de pistacho. Un perfume unisex que captura a la perfecci\u00f3n esta esencia con una cremosa dulzura.<\/p>\n<p>La fragancia comienza con un d\u00fao seductor de crema de pistacho y pistacho tostado: aromas c\u00e1lidos, a nueces y aterciopelados que van inmediatamente directo al coraz\u00f3n.<\/p>\n<p>El coraz\u00f3n despliega una rica combinaci\u00f3n de coco, cacao y crema batida, d\u00e1ndole a la fragancia profundidad y una sensaci\u00f3n de postre cremoso.<\/p>\n<p>Las notas de fondo de vainilla, leche y almizcle completan la experiencia arom\u00e1tica. Esta mezcla proporciona un final suave y reconfortante que envuelve delicadamente el aroma y perdura.<\/p>\n<p>Nota de salida : Crema de pistacho, pistachos tostados.<br \/>\nNotas de coraz\u00f3n : coco, cacao, crema batida.<br \/>\nNotas de fondo : vainilla, leche, almizcle.<br \/>\nFamilia de fragancias: Oriental \u2013 Gourmand \u2013 Cremosa<\/p>\n","protected":false},"excerpt":{"rendered":"<p>El Eau de Parfum Lattafa Eclaire Pistache (100 ml) es una irresistible fragancia gourmand. Se centra en la deliciosa nota de pistacho. Un perfume unisex que captura a la perfecci\u00f3n esta esencia con una cremosa dulzura. La fragancia comienza con un d\u00fao seductor de crema de pistacho y pistacho tostado: aromas c\u00e1lidos, a nueces y [&hellip;]<\/p>\n","protected":false},"featured_media":8380,"comment_status":"open","ping_status":"closed","template":"","meta":{"nf_dc_page":"","_uag_custom_page_level_css":"","site-sidebar-layout":"default","site-content-layout":"","ast-site-content-layout":"default","site-content-style":"default","site-sidebar-style":"default","ast-global-header-display":"","ast-banner-title-visibility":"","ast-main-header-display":"","ast-hfb-above-header-display":"","ast-hfb-below-header-display":"","ast-hfb-mobile-header-display":"","site-post-title":"","ast-breadcrumbs-content":"","ast-featured-img":"","footer-sml-layout":"","ast-disable-related-posts":"","theme-transparent-header-meta":"","adv-header-id-meta":"","stick-header-meta":"","header-above-stick-meta":"","header-main-stick-meta":"","header-below-stick-meta":"","astra-migrate-meta-layouts":"default","ast-page-background-enabled":"default","ast-page-background-meta":{"desktop":{"background-color":"","background-image":"","background-repeat":"repeat","background-position":"center center","background-size":"auto","background-attachment":"scroll","background-type":"","background-media":"","overlay-type":"","overlay-color":"","overlay-opacity":"","overlay-gradient":""},"tablet":{"background-color":"","background-image":"","background-repeat":"repeat","background-position":"center center","background-size":"auto","background-attachment":"scroll","background-type":"","background-media":"","overlay-type":"","overlay-color":"","overlay-opacity":"","overlay-gradient":""},"mobile":{"background-color":"","background-image":"","background-repeat":"repeat","background-position":"center center","background-size":"auto","background-attachment":"scroll","background-type":"","background-media":"","overlay-type":"","overlay-color":"","overlay-opacity":"","overlay-gradient":""}},"ast-content-background-meta":{"desktop":{"background-color":"var(--ast-global-color-5)","background-image":"","background-repeat":"repeat","background-position":"center center","background-size":"auto","background-attachment":"scroll","background-type":"","background-media":"","overlay-type":"","overlay-color":"","overlay-opacity":"","overlay-gradient":""},"tablet":{"background-color":"var(--ast-global-color-5)","background-image":"","background-repeat":"repeat","background-position":"center center","background-size":"auto","background-attachment":"scroll","background-type":"","background-media":"","overlay-type":"","overlay-color":"","overlay-opacity":"","overlay-gradient":""},"mobile":{"background-color":"var(--ast-global-color-5)","background-image":"","background-repeat":"repeat","background-position":"center center","background-size":"auto","background-attachment":"scroll","background-type":"","background-media":"","overlay-type":"","overlay-color":"","overlay-opacity":"","overlay-gradient":""}}},"product_brand":[],"product_cat":[49],"product_tag":[58],"class_list":{"0":"post-8378","1":"product","2":"type-product","3":"status-publish","4":"has-post-thumbnail","6":"product_cat-mujer","7":"product_tag-lattafa","8":"desktop-align-left","9":"tablet-align-left","10":"mobile-align-left","12":"first","13":"instock","14":"sale","15":"taxable","16":"shipping-taxable","17":"purchasable","18":"product-type-simple"},"uagb_featured_image_src":{"full":["https:\/\/sensacionarabe.com\/Mayoristas\/wp-content\/uploads\/2025\/09\/1000263146.jpg",1060,1031,false],"thumbnail":["https:\/\/sensacionarabe.com\/Mayoristas\/wp-content\/uploads\/2025\/09\/1000263146-150x150.jpg",150,150,true],"medium":["https:\/\/sensacionarabe.com\/Mayoristas\/wp-content\/uploads\/2025\/09\/1000263146-300x292.jpg",300,292,true],"medium_large":["https:\/\/sensacionarabe.com\/Mayoristas\/wp-content\/uploads\/2025\/09\/1000263146-768x747.jpg",768,747,true],"large":["https:\/\/sensacionarabe.com\/Mayoristas\/wp-content\/uploads\/2025\/09\/1000263146-1024x996.jpg",1024,996,true],"1536x1536":["https:\/\/sensacionarabe.com\/Mayoristas\/wp-content\/uploads\/2025\/09\/1000263146.jpg",1060,1031,false],"2048x2048":["https:\/\/sensacionarabe.com\/Mayoristas\/wp-content\/uploads\/2025\/09\/1000263146.jpg",1060,1031,false],"woocommerce_thumbnail":["https:\/\/sensacionarabe.com\/Mayoristas\/wp-content\/uploads\/2025\/09\/1000263146-300x300.jpg",300,300,true],"woocommerce_single":["https:\/\/sensacionarabe.com\/Mayoristas\/wp-content\/uploads\/2025\/09\/1000263146-600x584.jpg",600,584,true],"woocommerce_gallery_thumbnail":["https:\/\/sensacionarabe.com\/Mayoristas\/wp-content\/uploads\/2025\/09\/1000263146-100x100.jpg",100,100,true],"variation_swatches_image_size":["https:\/\/sensacionarabe.com\/Mayoristas\/wp-content\/uploads\/2025\/09\/1000263146-50x50.jpg",50,50,true],"variation_swatches_tooltip_size":["https:\/\/sensacionarabe.com\/Mayoristas\/wp-content\/uploads\/2025\/09\/1000263146-100x100.jpg",100,100,true]},"uagb_author_info":{"display_name":"admin","author_link":"https:\/\/sensacionarabe.com\/Mayoristas\/author\/"},"uagb_comment_info":0,"uagb_excerpt":"El Eau de Parfum Lattafa Eclaire Pistache (100 ml) es una irresistible fragancia gourmand. Se centra en la deliciosa nota de pistacho. Un perfume unisex que captura a la perfecci\u00f3n esta esencia con una cremosa dulzura. La fragancia comienza con un d\u00fao seductor de crema de pistacho y pistacho tostado: aromas c\u00e1lidos, a nueces y&hellip;","_links":{"self":[{"href":"https:\/\/sensacionarabe.com\/Mayoristas\/wp-json\/wp\/v2\/product\/8378","targetHints":{"allow":["GET"]}}],"collection":[{"href":"https:\/\/sensacionarabe.com\/Mayoristas\/wp-json\/wp\/v2\/product"}],"about":[{"href":"https:\/\/sensacionarabe.com\/Mayoristas\/wp-json\/wp\/v2\/types\/product"}],"replies":[{"embeddable":true,"href":"https:\/\/sensacionarabe.com\/Mayoristas\/wp-json\/wp\/v2\/comments?post=8378"}],"version-history":[{"count":0,"href":"https:\/\/sensacionarabe.com\/Mayoristas\/wp-json\/wp\/v2\/product\/8378\/revisions"}],"wp:featuredmedia":[{"embeddable":true,"href":"https:\/\/sensacionarabe.com\/Mayoristas\/wp-json\/wp\/v2\/media\/8380"}],"wp:attachment":[{"href":"https:\/\/sensacionarabe.com\/Mayoristas\/wp-json\/wp\/v2\/media?parent=8378"}],"wp:term":[{"taxonomy":"product_brand","embeddable":true,"href":"https:\/\/sensacionarabe.com\/Mayoristas\/wp-json\/wp\/v2\/product_brand?post=8378"},{"taxonomy":"product_cat","embeddable":true,"href":"https:\/\/sensacionarabe.com\/Mayoristas\/wp-json\/wp\/v2\/product_cat?post=8378"},{"taxonomy":"product_tag","embeddable":true,"href":"https:\/\/sensacionarabe.com\/Mayoristas\/wp-json\/wp\/v2\/product_tag?post=8378"}],"curies":[{"name":"wp","href":"https:\/\/api.w.org\/{rel}","templated":true}]}}