{"id":8481,"date":"2025-10-03T17:23:15","date_gmt":"2025-10-03T15:23:15","guid":{"rendered":"https:\/\/sensacionarabe.com\/Mayoristas\/producto\/french-avenue-sultana-eau-de-perfum-100ml\/"},"modified":"2025-12-16T23:31:57","modified_gmt":"2025-12-16T22:31:57","slug":"french-avenue-sultana-eau-de-perfum-100ml","status":"publish","type":"product","link":"https:\/\/sensacionarabe.com\/Mayoristas\/producto\/french-avenue-sultana-eau-de-perfum-100ml\/","title":{"rendered":"French Avenue Sultana Eau de perfum 100ml"},"content":{"rendered":"<p>Sultana de French Avenue.<\/p>\n<p>Sultana de French Avenue es una fragancia femenina exquisita, concebida para reinar con dulzura, elegancia y poder.<\/p>\n<p>Pertenece a la l\u00ednea de alta gama de Fragrance World.<\/p>\n<p>Reconocida por su calidad excepcional y materias primas comparables a las utilizadas en la perfumer\u00eda niche.<\/p>\n<p>Una joya olfativa que envuelve los sentidos con una sensualidad sofisticada y un car\u00e1cter encantador.<\/p>\n<p>Notas de Salida.<\/p>\n<p>Desde el primer instante, Sultana seduce con un acorde frutal jugoso y vibrante.<\/p>\n<p>La bergamota aporta frescura c\u00edtrica.<\/p>\n<p>Mientras que la fruta de la pasi\u00f3n y el melocot\u00f3n suman un dulzor tropical que anticipa el coraz\u00f3n c\u00e1lido y adictivo de esta creaci\u00f3n.<\/p>\n<p>Notas de Coraz\u00f3n.<\/p>\n<p>El coraz\u00f3n florece con una armon\u00eda de flores y dulzura.<\/p>\n<p>El jazm\u00edn, de car\u00e1cter elegante y seductor, se une a la flor de geranio, con su matiz verde y floral.<\/p>\n<p>Mientras que el caramelo aporta una nota gourmand irresistible, femenina y delicadamente envolvente.<\/p>\n<p>Notas de Fondo.<\/p>\n<p>La base es profunda y sensual.<\/p>\n<p>El pachul\u00ed a\u00f1ade car\u00e1cter y persistencia, mientras que el \u00e1mbar de Madagascar aporta una calidez dorada.<\/p>\n<p>Y el almizcle blanco deja una estela suave, cremosa y limpia sobre la piel.<\/p>\n","protected":false},"excerpt":{"rendered":"<p>Sultana de French Avenue. Sultana de French Avenue es una fragancia femenina exquisita, concebida para reinar con dulzura, elegancia y poder. Pertenece a la l\u00ednea de alta gama de Fragrance World. Reconocida por su calidad excepcional y materias primas comparables a las utilizadas en la perfumer\u00eda niche. Una joya olfativa que envuelve los sentidos con [&hellip;]<\/p>\n","protected":false},"featured_media":8480,"comment_status":"open","ping_status":"closed","template":"","meta":{"nf_dc_page":"","_uag_custom_page_level_css":"","site-sidebar-layout":"default","site-content-layout":"","ast-site-content-layout":"default","site-content-style":"default","site-sidebar-style":"default","ast-global-header-display":"","ast-banner-title-visibility":"","ast-main-header-display":"","ast-hfb-above-header-display":"","ast-hfb-below-header-display":"","ast-hfb-mobile-header-display":"","site-post-title":"","ast-breadcrumbs-content":"","ast-featured-img":"","footer-sml-layout":"","ast-disable-related-posts":"","theme-transparent-header-meta":"","adv-header-id-meta":"","stick-header-meta":"","header-above-stick-meta":"","header-main-stick-meta":"","header-below-stick-meta":"","astra-migrate-meta-layouts":"default","ast-page-background-enabled":"default","ast-page-background-meta":{"desktop":{"background-color":"","background-image":"","background-repeat":"repeat","background-position":"center center","background-size":"auto","background-attachment":"scroll","background-type":"","background-media":"","overlay-type":"","overlay-color":"","overlay-opacity":"","overlay-gradient":""},"tablet":{"background-color":"","background-image":"","background-repeat":"repeat","background-position":"center center","background-size":"auto","background-attachment":"scroll","background-type":"","background-media":"","overlay-type":"","overlay-color":"","overlay-opacity":"","overlay-gradient":""},"mobile":{"background-color":"","background-image":"","background-repeat":"repeat","background-position":"center center","background-size":"auto","background-attachment":"scroll","background-type":"","background-media":"","overlay-type":"","overlay-color":"","overlay-opacity":"","overlay-gradient":""}},"ast-content-background-meta":{"desktop":{"background-color":"var(--ast-global-color-5)","background-image":"","background-repeat":"repeat","background-position":"center center","background-size":"auto","background-attachment":"scroll","background-type":"","background-media":"","overlay-type":"","overlay-color":"","overlay-opacity":"","overlay-gradient":""},"tablet":{"background-color":"var(--ast-global-color-5)","background-image":"","background-repeat":"repeat","background-position":"center center","background-size":"auto","background-attachment":"scroll","background-type":"","background-media":"","overlay-type":"","overlay-color":"","overlay-opacity":"","overlay-gradient":""},"mobile":{"background-color":"var(--ast-global-color-5)","background-image":"","background-repeat":"repeat","background-position":"center center","background-size":"auto","background-attachment":"scroll","background-type":"","background-media":"","overlay-type":"","overlay-color":"","overlay-opacity":"","overlay-gradient":""}}},"product_brand":[],"product_cat":[49],"product_tag":[74],"class_list":{"0":"post-8481","1":"product","2":"type-product","3":"status-publish","4":"has-post-thumbnail","6":"product_cat-mujer","7":"product_tag-french-avenue","8":"desktop-align-left","9":"tablet-align-left","10":"mobile-align-left","12":"first","13":"instock","14":"taxable","15":"shipping-taxable","16":"purchasable","17":"product-type-simple"},"uagb_featured_image_src":{"full":["https:\/\/sensacionarabe.com\/Mayoristas\/wp-content\/uploads\/2025\/10\/1000276137.jpg",1445,1445,false],"thumbnail":["https:\/\/sensacionarabe.com\/Mayoristas\/wp-content\/uploads\/2025\/10\/1000276137-150x150.jpg",150,150,true],"medium":["https:\/\/sensacionarabe.com\/Mayoristas\/wp-content\/uploads\/2025\/10\/1000276137-300x300.jpg",300,300,true],"medium_large":["https:\/\/sensacionarabe.com\/Mayoristas\/wp-content\/uploads\/2025\/10\/1000276137-768x768.jpg",768,768,true],"large":["https:\/\/sensacionarabe.com\/Mayoristas\/wp-content\/uploads\/2025\/10\/1000276137-1024x1024.jpg",1024,1024,true],"1536x1536":["https:\/\/sensacionarabe.com\/Mayoristas\/wp-content\/uploads\/2025\/10\/1000276137.jpg",1445,1445,false],"2048x2048":["https:\/\/sensacionarabe.com\/Mayoristas\/wp-content\/uploads\/2025\/10\/1000276137.jpg",1445,1445,false],"woocommerce_thumbnail":["https:\/\/sensacionarabe.com\/Mayoristas\/wp-content\/uploads\/2025\/10\/1000276137-300x300.jpg",300,300,true],"woocommerce_single":["https:\/\/sensacionarabe.com\/Mayoristas\/wp-content\/uploads\/2025\/10\/1000276137-600x600.jpg",600,600,true],"woocommerce_gallery_thumbnail":["https:\/\/sensacionarabe.com\/Mayoristas\/wp-content\/uploads\/2025\/10\/1000276137-100x100.jpg",100,100,true],"variation_swatches_image_size":["https:\/\/sensacionarabe.com\/Mayoristas\/wp-content\/uploads\/2025\/10\/1000276137-50x50.jpg",50,50,true],"variation_swatches_tooltip_size":["https:\/\/sensacionarabe.com\/Mayoristas\/wp-content\/uploads\/2025\/10\/1000276137-100x100.jpg",100,100,true]},"uagb_author_info":{"display_name":"admin","author_link":"https:\/\/sensacionarabe.com\/Mayoristas\/author\/"},"uagb_comment_info":0,"uagb_excerpt":"Sultana de French Avenue. Sultana de French Avenue es una fragancia femenina exquisita, concebida para reinar con dulzura, elegancia y poder. Pertenece a la l\u00ednea de alta gama de Fragrance World. Reconocida por su calidad excepcional y materias primas comparables a las utilizadas en la perfumer\u00eda niche. Una joya olfativa que envuelve los sentidos con&hellip;","_links":{"self":[{"href":"https:\/\/sensacionarabe.com\/Mayoristas\/wp-json\/wp\/v2\/product\/8481","targetHints":{"allow":["GET"]}}],"collection":[{"href":"https:\/\/sensacionarabe.com\/Mayoristas\/wp-json\/wp\/v2\/product"}],"about":[{"href":"https:\/\/sensacionarabe.com\/Mayoristas\/wp-json\/wp\/v2\/types\/product"}],"replies":[{"embeddable":true,"href":"https:\/\/sensacionarabe.com\/Mayoristas\/wp-json\/wp\/v2\/comments?post=8481"}],"version-history":[{"count":0,"href":"https:\/\/sensacionarabe.com\/Mayoristas\/wp-json\/wp\/v2\/product\/8481\/revisions"}],"wp:featuredmedia":[{"embeddable":true,"href":"https:\/\/sensacionarabe.com\/Mayoristas\/wp-json\/wp\/v2\/media\/8480"}],"wp:attachment":[{"href":"https:\/\/sensacionarabe.com\/Mayoristas\/wp-json\/wp\/v2\/media?parent=8481"}],"wp:term":[{"taxonomy":"product_brand","embeddable":true,"href":"https:\/\/sensacionarabe.com\/Mayoristas\/wp-json\/wp\/v2\/product_brand?post=8481"},{"taxonomy":"product_cat","embeddable":true,"href":"https:\/\/sensacionarabe.com\/Mayoristas\/wp-json\/wp\/v2\/product_cat?post=8481"},{"taxonomy":"product_tag","embeddable":true,"href":"https:\/\/sensacionarabe.com\/Mayoristas\/wp-json\/wp\/v2\/product_tag?post=8481"}],"curies":[{"name":"wp","href":"https:\/\/api.w.org\/{rel}","templated":true}]}}