{"id":8605,"date":"2025-10-21T17:49:36","date_gmt":"2025-10-21T15:49:36","guid":{"rendered":"https:\/\/sensacionarabe.com\/Mayoristas\/producto\/lattafa-vanilla-freak-give-me-gourmand-eau-de-parfum-75-ml\/"},"modified":"2025-10-21T17:56:04","modified_gmt":"2025-10-21T15:56:04","slug":"lattafa-vanilla-freak-give-me-gourmand-eau-de-parfum-75-ml","status":"publish","type":"product","link":"https:\/\/sensacionarabe.com\/Mayoristas\/producto\/lattafa-vanilla-freak-give-me-gourmand-eau-de-parfum-75-ml\/","title":{"rendered":"Lattafa\/Vanilla Freak Give Me Gourmand Eau de Parfum 75 ml"},"content":{"rendered":"<p>La Edici\u00f3n Vanilla Freak de Lattafa \u2013 Give Me Gourmand (75 ml) es una creaci\u00f3n inspirada en los pasteles. Celebra la vainilla en su forma m\u00e1s seductora. Desde la primera pulverizaci\u00f3n, te recibe un dulce &#8220;acorde de cupcake&#8221;: crujiente, horneado y tentador. Este producto funciona como el aroma de dulces reci\u00e9n horneados.<\/p>\n<p>En el coraz\u00f3n de Lattafa Vanilla Freak Give Me Gourmand, se revelan notas dulces y especiadas como canela, almendras y una gruesa capa de glaseado de az\u00facar. Esta combinaci\u00f3n puede ser muy rica y reconfortante, tanto que uno tiende a acompa\u00f1ar una comida deliciosa con un pastel.<\/p>\n<p>La base se basa en una mezcla de cremosa crema de mantequilla, vainilla cl\u00e1sica y un suave almizcle. Esta estructura garantiza que el aroma no tenga color, sino que se transforme en un regusto c\u00e1lido y duradero.<\/p>\n<p>Nota de salida: Acorde de cupcake<br \/>\nNota de coraz\u00f3n: Canela, almendras, glaseado de az\u00facar<br \/>\nNota de fondo: Crema de vainilla, vainilla, almizcle<br \/>\nFamilia arom\u00e1tica: Gourmand \/ Vainilla oriental.<\/p>\n","protected":false},"excerpt":{"rendered":"<p>La Edici\u00f3n Vanilla Freak de Lattafa \u2013 Give Me Gourmand (75 ml) es una creaci\u00f3n inspirada en los pasteles. Celebra la vainilla en su forma m\u00e1s seductora. Desde la primera pulverizaci\u00f3n, te recibe un dulce &#8220;acorde de cupcake&#8221;: crujiente, horneado y tentador. Este producto funciona como el aroma de dulces reci\u00e9n horneados. En el coraz\u00f3n [&hellip;]<\/p>\n","protected":false},"featured_media":8602,"comment_status":"open","ping_status":"closed","template":"","meta":{"nf_dc_page":"","_uag_custom_page_level_css":"","site-sidebar-layout":"default","site-content-layout":"","ast-site-content-layout":"default","site-content-style":"default","site-sidebar-style":"default","ast-global-header-display":"","ast-banner-title-visibility":"","ast-main-header-display":"","ast-hfb-above-header-display":"","ast-hfb-below-header-display":"","ast-hfb-mobile-header-display":"","site-post-title":"","ast-breadcrumbs-content":"","ast-featured-img":"","footer-sml-layout":"","ast-disable-related-posts":"","theme-transparent-header-meta":"","adv-header-id-meta":"","stick-header-meta":"","header-above-stick-meta":"","header-main-stick-meta":"","header-below-stick-meta":"","astra-migrate-meta-layouts":"default","ast-page-background-enabled":"default","ast-page-background-meta":{"desktop":{"background-color":"","background-image":"","background-repeat":"repeat","background-position":"center center","background-size":"auto","background-attachment":"scroll","background-type":"","background-media":"","overlay-type":"","overlay-color":"","overlay-opacity":"","overlay-gradient":""},"tablet":{"background-color":"","background-image":"","background-repeat":"repeat","background-position":"center center","background-size":"auto","background-attachment":"scroll","background-type":"","background-media":"","overlay-type":"","overlay-color":"","overlay-opacity":"","overlay-gradient":""},"mobile":{"background-color":"","background-image":"","background-repeat":"repeat","background-position":"center center","background-size":"auto","background-attachment":"scroll","background-type":"","background-media":"","overlay-type":"","overlay-color":"","overlay-opacity":"","overlay-gradient":""}},"ast-content-background-meta":{"desktop":{"background-color":"var(--ast-global-color-5)","background-image":"","background-repeat":"repeat","background-position":"center center","background-size":"auto","background-attachment":"scroll","background-type":"","background-media":"","overlay-type":"","overlay-color":"","overlay-opacity":"","overlay-gradient":""},"tablet":{"background-color":"var(--ast-global-color-5)","background-image":"","background-repeat":"repeat","background-position":"center center","background-size":"auto","background-attachment":"scroll","background-type":"","background-media":"","overlay-type":"","overlay-color":"","overlay-opacity":"","overlay-gradient":""},"mobile":{"background-color":"var(--ast-global-color-5)","background-image":"","background-repeat":"repeat","background-position":"center center","background-size":"auto","background-attachment":"scroll","background-type":"","background-media":"","overlay-type":"","overlay-color":"","overlay-opacity":"","overlay-gradient":""}}},"product_brand":[],"product_cat":[29],"product_tag":[],"class_list":{"0":"post-8605","1":"product","2":"type-product","3":"status-publish","4":"has-post-thumbnail","6":"product_cat-unisex","7":"desktop-align-left","8":"tablet-align-left","9":"mobile-align-left","11":"first","12":"instock","13":"taxable","14":"shipping-taxable","15":"purchasable","16":"product-type-simple"},"uagb_featured_image_src":{"full":["https:\/\/sensacionarabe.com\/Mayoristas\/wp-content\/uploads\/2025\/10\/1000297728.jpg",1200,1200,false],"thumbnail":["https:\/\/sensacionarabe.com\/Mayoristas\/wp-content\/uploads\/2025\/10\/1000297728-150x150.jpg",150,150,true],"medium":["https:\/\/sensacionarabe.com\/Mayoristas\/wp-content\/uploads\/2025\/10\/1000297728-300x300.jpg",300,300,true],"medium_large":["https:\/\/sensacionarabe.com\/Mayoristas\/wp-content\/uploads\/2025\/10\/1000297728-768x768.jpg",768,768,true],"large":["https:\/\/sensacionarabe.com\/Mayoristas\/wp-content\/uploads\/2025\/10\/1000297728-1024x1024.jpg",1024,1024,true],"1536x1536":["https:\/\/sensacionarabe.com\/Mayoristas\/wp-content\/uploads\/2025\/10\/1000297728.jpg",1200,1200,false],"2048x2048":["https:\/\/sensacionarabe.com\/Mayoristas\/wp-content\/uploads\/2025\/10\/1000297728.jpg",1200,1200,false],"woocommerce_thumbnail":["https:\/\/sensacionarabe.com\/Mayoristas\/wp-content\/uploads\/2025\/10\/1000297728-300x300.jpg",300,300,true],"woocommerce_single":["https:\/\/sensacionarabe.com\/Mayoristas\/wp-content\/uploads\/2025\/10\/1000297728-600x600.jpg",600,600,true],"woocommerce_gallery_thumbnail":["https:\/\/sensacionarabe.com\/Mayoristas\/wp-content\/uploads\/2025\/10\/1000297728-100x100.jpg",100,100,true],"variation_swatches_image_size":["https:\/\/sensacionarabe.com\/Mayoristas\/wp-content\/uploads\/2025\/10\/1000297728-50x50.jpg",50,50,true],"variation_swatches_tooltip_size":["https:\/\/sensacionarabe.com\/Mayoristas\/wp-content\/uploads\/2025\/10\/1000297728-100x100.jpg",100,100,true]},"uagb_author_info":{"display_name":"admin","author_link":"https:\/\/sensacionarabe.com\/Mayoristas\/author\/"},"uagb_comment_info":0,"uagb_excerpt":"La Edici\u00f3n Vanilla Freak de Lattafa \u2013 Give Me Gourmand (75 ml) es una creaci\u00f3n inspirada en los pasteles. Celebra la vainilla en su forma m\u00e1s seductora. Desde la primera pulverizaci\u00f3n, te recibe un dulce &#8220;acorde de cupcake&#8221;: crujiente, horneado y tentador. Este producto funciona como el aroma de dulces reci\u00e9n horneados. En el coraz\u00f3n&hellip;","_links":{"self":[{"href":"https:\/\/sensacionarabe.com\/Mayoristas\/wp-json\/wp\/v2\/product\/8605","targetHints":{"allow":["GET"]}}],"collection":[{"href":"https:\/\/sensacionarabe.com\/Mayoristas\/wp-json\/wp\/v2\/product"}],"about":[{"href":"https:\/\/sensacionarabe.com\/Mayoristas\/wp-json\/wp\/v2\/types\/product"}],"replies":[{"embeddable":true,"href":"https:\/\/sensacionarabe.com\/Mayoristas\/wp-json\/wp\/v2\/comments?post=8605"}],"version-history":[{"count":0,"href":"https:\/\/sensacionarabe.com\/Mayoristas\/wp-json\/wp\/v2\/product\/8605\/revisions"}],"wp:featuredmedia":[{"embeddable":true,"href":"https:\/\/sensacionarabe.com\/Mayoristas\/wp-json\/wp\/v2\/media\/8602"}],"wp:attachment":[{"href":"https:\/\/sensacionarabe.com\/Mayoristas\/wp-json\/wp\/v2\/media?parent=8605"}],"wp:term":[{"taxonomy":"product_brand","embeddable":true,"href":"https:\/\/sensacionarabe.com\/Mayoristas\/wp-json\/wp\/v2\/product_brand?post=8605"},{"taxonomy":"product_cat","embeddable":true,"href":"https:\/\/sensacionarabe.com\/Mayoristas\/wp-json\/wp\/v2\/product_cat?post=8605"},{"taxonomy":"product_tag","embeddable":true,"href":"https:\/\/sensacionarabe.com\/Mayoristas\/wp-json\/wp\/v2\/product_tag?post=8605"}],"curies":[{"name":"wp","href":"https:\/\/api.w.org\/{rel}","templated":true}]}}