{"id":8608,"date":"2025-10-21T17:51:48","date_gmt":"2025-10-21T15:51:48","guid":{"rendered":"https:\/\/sensacionarabe.com\/Mayoristas\/producto\/lattafa-berry-on-top-give-me-gourmand-eau-de-parfum-75ml\/"},"modified":"2025-10-23T00:37:59","modified_gmt":"2025-10-22T22:37:59","slug":"lattafa-berry-on-top-give-me-gourmand-eau-de-parfum-75ml","status":"publish","type":"product","link":"https:\/\/sensacionarabe.com\/Mayoristas\/producto\/lattafa-berry-on-top-give-me-gourmand-eau-de-parfum-75ml\/","title":{"rendered":"Lattafa\/Berry on Top Give Me Gourmand Eau de Parfum 75ml"},"content":{"rendered":"<p>Berry on Top, de la colecci\u00f3n Give Me Gourmand de Lattafa, es una fragancia femenina vivaz y alegre, con un fuerte componente dulce y afrutado. Al aplicarla, te recibe una salida de jugosas fresas y una ligera crema Chantilly, creando inmediatamente una atm\u00f3sfera deliciosamente dulce.<\/p>\n<p>En el coraz\u00f3n de Lattafa Berry on Top Give Me Gourmand se encuentran mermelada de fresa, az\u00facar hervido y flores blancas, que aportan profundidad y calidez a la fragancia. La combinaci\u00f3n de dulzor afrutado y ligereza floral crea notas de coraz\u00f3n agradablemente suaves sin resultar abrumadoras.<\/p>\n<p>La vainilla y el almizcle completan las notas de fondo. Estas son las caracter\u00edsticas del producto: un final cremoso y suave donde &#8220;Berry on Top&#8221; perdura m\u00e1s tiempo. La vainilla es claramente perceptible, pero no abrumadora; el almizcle completa sutilmente la fragancia.<\/p>\n<p>Notas de salida: Fresa, Crema Chantilly<br \/>\nNotas de coraz\u00f3n: Mermelada de fresa, az\u00facar hervido, flores blancas<br \/>\nNotas de fondo: Vainilla, Almizcle<br \/>\nFragancia: Floral-Frutal-Gourmand<\/p>\n","protected":false},"excerpt":{"rendered":"<p>Berry on Top, de la colecci\u00f3n Give Me Gourmand de Lattafa, es una fragancia femenina vivaz y alegre, con un fuerte componente dulce y afrutado. Al aplicarla, te recibe una salida de jugosas fresas y una ligera crema Chantilly, creando inmediatamente una atm\u00f3sfera deliciosamente dulce. En el coraz\u00f3n de Lattafa Berry on Top Give Me [&hellip;]<\/p>\n","protected":false},"featured_media":8607,"comment_status":"open","ping_status":"closed","template":"","meta":{"nf_dc_page":"","_uag_custom_page_level_css":"","site-sidebar-layout":"default","site-content-layout":"","ast-site-content-layout":"default","site-content-style":"default","site-sidebar-style":"default","ast-global-header-display":"","ast-banner-title-visibility":"","ast-main-header-display":"","ast-hfb-above-header-display":"","ast-hfb-below-header-display":"","ast-hfb-mobile-header-display":"","site-post-title":"","ast-breadcrumbs-content":"","ast-featured-img":"","footer-sml-layout":"","ast-disable-related-posts":"","theme-transparent-header-meta":"","adv-header-id-meta":"","stick-header-meta":"","header-above-stick-meta":"","header-main-stick-meta":"","header-below-stick-meta":"","astra-migrate-meta-layouts":"default","ast-page-background-enabled":"default","ast-page-background-meta":{"desktop":{"background-color":"","background-image":"","background-repeat":"repeat","background-position":"center center","background-size":"auto","background-attachment":"scroll","background-type":"","background-media":"","overlay-type":"","overlay-color":"","overlay-opacity":"","overlay-gradient":""},"tablet":{"background-color":"","background-image":"","background-repeat":"repeat","background-position":"center center","background-size":"auto","background-attachment":"scroll","background-type":"","background-media":"","overlay-type":"","overlay-color":"","overlay-opacity":"","overlay-gradient":""},"mobile":{"background-color":"","background-image":"","background-repeat":"repeat","background-position":"center center","background-size":"auto","background-attachment":"scroll","background-type":"","background-media":"","overlay-type":"","overlay-color":"","overlay-opacity":"","overlay-gradient":""}},"ast-content-background-meta":{"desktop":{"background-color":"var(--ast-global-color-5)","background-image":"","background-repeat":"repeat","background-position":"center center","background-size":"auto","background-attachment":"scroll","background-type":"","background-media":"","overlay-type":"","overlay-color":"","overlay-opacity":"","overlay-gradient":""},"tablet":{"background-color":"var(--ast-global-color-5)","background-image":"","background-repeat":"repeat","background-position":"center center","background-size":"auto","background-attachment":"scroll","background-type":"","background-media":"","overlay-type":"","overlay-color":"","overlay-opacity":"","overlay-gradient":""},"mobile":{"background-color":"var(--ast-global-color-5)","background-image":"","background-repeat":"repeat","background-position":"center center","background-size":"auto","background-attachment":"scroll","background-type":"","background-media":"","overlay-type":"","overlay-color":"","overlay-opacity":"","overlay-gradient":""}}},"product_brand":[],"product_cat":[29],"product_tag":[87],"class_list":{"0":"post-8608","1":"product","2":"type-product","3":"status-publish","4":"has-post-thumbnail","6":"product_cat-unisex","7":"product_tag-latafa-gourmand","8":"desktop-align-left","9":"tablet-align-left","10":"mobile-align-left","12":"first","13":"instock","14":"featured","15":"taxable","16":"shipping-taxable","17":"purchasable","18":"product-type-simple"},"uagb_featured_image_src":{"full":["https:\/\/sensacionarabe.com\/Mayoristas\/wp-content\/uploads\/2025\/10\/1000297730.jpg",810,810,false],"thumbnail":["https:\/\/sensacionarabe.com\/Mayoristas\/wp-content\/uploads\/2025\/10\/1000297730-150x150.jpg",150,150,true],"medium":["https:\/\/sensacionarabe.com\/Mayoristas\/wp-content\/uploads\/2025\/10\/1000297730-300x300.jpg",300,300,true],"medium_large":["https:\/\/sensacionarabe.com\/Mayoristas\/wp-content\/uploads\/2025\/10\/1000297730-768x768.jpg",768,768,true],"large":["https:\/\/sensacionarabe.com\/Mayoristas\/wp-content\/uploads\/2025\/10\/1000297730.jpg",810,810,false],"1536x1536":["https:\/\/sensacionarabe.com\/Mayoristas\/wp-content\/uploads\/2025\/10\/1000297730.jpg",810,810,false],"2048x2048":["https:\/\/sensacionarabe.com\/Mayoristas\/wp-content\/uploads\/2025\/10\/1000297730.jpg",810,810,false],"woocommerce_thumbnail":["https:\/\/sensacionarabe.com\/Mayoristas\/wp-content\/uploads\/2025\/10\/1000297730-300x300.jpg",300,300,true],"woocommerce_single":["https:\/\/sensacionarabe.com\/Mayoristas\/wp-content\/uploads\/2025\/10\/1000297730-600x600.jpg",600,600,true],"woocommerce_gallery_thumbnail":["https:\/\/sensacionarabe.com\/Mayoristas\/wp-content\/uploads\/2025\/10\/1000297730-100x100.jpg",100,100,true],"variation_swatches_image_size":["https:\/\/sensacionarabe.com\/Mayoristas\/wp-content\/uploads\/2025\/10\/1000297730-50x50.jpg",50,50,true],"variation_swatches_tooltip_size":["https:\/\/sensacionarabe.com\/Mayoristas\/wp-content\/uploads\/2025\/10\/1000297730-100x100.jpg",100,100,true]},"uagb_author_info":{"display_name":"admin","author_link":"https:\/\/sensacionarabe.com\/Mayoristas\/author\/"},"uagb_comment_info":0,"uagb_excerpt":"Berry on Top, de la colecci\u00f3n Give Me Gourmand de Lattafa, es una fragancia femenina vivaz y alegre, con un fuerte componente dulce y afrutado. Al aplicarla, te recibe una salida de jugosas fresas y una ligera crema Chantilly, creando inmediatamente una atm\u00f3sfera deliciosamente dulce. En el coraz\u00f3n de Lattafa Berry on Top Give Me&hellip;","_links":{"self":[{"href":"https:\/\/sensacionarabe.com\/Mayoristas\/wp-json\/wp\/v2\/product\/8608","targetHints":{"allow":["GET"]}}],"collection":[{"href":"https:\/\/sensacionarabe.com\/Mayoristas\/wp-json\/wp\/v2\/product"}],"about":[{"href":"https:\/\/sensacionarabe.com\/Mayoristas\/wp-json\/wp\/v2\/types\/product"}],"replies":[{"embeddable":true,"href":"https:\/\/sensacionarabe.com\/Mayoristas\/wp-json\/wp\/v2\/comments?post=8608"}],"version-history":[{"count":0,"href":"https:\/\/sensacionarabe.com\/Mayoristas\/wp-json\/wp\/v2\/product\/8608\/revisions"}],"wp:featuredmedia":[{"embeddable":true,"href":"https:\/\/sensacionarabe.com\/Mayoristas\/wp-json\/wp\/v2\/media\/8607"}],"wp:attachment":[{"href":"https:\/\/sensacionarabe.com\/Mayoristas\/wp-json\/wp\/v2\/media?parent=8608"}],"wp:term":[{"taxonomy":"product_brand","embeddable":true,"href":"https:\/\/sensacionarabe.com\/Mayoristas\/wp-json\/wp\/v2\/product_brand?post=8608"},{"taxonomy":"product_cat","embeddable":true,"href":"https:\/\/sensacionarabe.com\/Mayoristas\/wp-json\/wp\/v2\/product_cat?post=8608"},{"taxonomy":"product_tag","embeddable":true,"href":"https:\/\/sensacionarabe.com\/Mayoristas\/wp-json\/wp\/v2\/product_tag?post=8608"}],"curies":[{"name":"wp","href":"https:\/\/api.w.org\/{rel}","templated":true}]}}