{"id":8946,"date":"2025-12-11T20:44:33","date_gmt":"2025-12-11T19:44:33","guid":{"rendered":"https:\/\/sensacionarabe.com\/Mayoristas\/producto\/french-avenue-vulcan-black-edition-eau-de-perfum-100ml\/"},"modified":"2026-04-06T23:35:23","modified_gmt":"2026-04-06T21:35:23","slug":"french-avenue-vulcan-black-edition-eau-de-perfum-100ml","status":"publish","type":"product","link":"https:\/\/sensacionarabe.com\/Mayoristas\/producto\/french-avenue-vulcan-black-edition-eau-de-perfum-100ml\/","title":{"rendered":"French Avenue Vulcan Black Edition Eau de perfum 100ml"},"content":{"rendered":"<p style=\"margin-bottom:1.3em;margin-top:0px;font-family:-apple-system,BlinkMacSystemFont,\"><strong style=\"font-weight: bolder\">Vulcan Viernes Negro<\/strong><span> <\/span>de French Avenue es una creaci\u00f3n cuero, oscura e intensamente masculina. Un perfume potente, carism\u00e1tico y magn\u00e9tico, pensado para hombres que aman las fragancias intensas, sensuales y con car\u00e1cter. Lanzado en<span> <\/span><strong style=\"font-weight: bolder\">Noviembre de 2025<\/strong>, se impone inmediatamente como un perfume emblem\u00e1tico, hipn\u00f3tico y tremendamente cautivador.<\/p>\n<p style=\"margin-bottom:1.3em;margin-top:0px;font-family:-apple-system,BlinkMacSystemFont,\">Desde la primera vaporizaci\u00f3n, el universo queda claro: especias ardientes, cuero profundo, notas oscuras&#8230; Vulcan Black Friday es un aura. Una presencia. Un poder silencioso.<\/p>\n<h2 style=\"margin-bottom:0.5em;margin-top:0px;width:323.333px;line-height:1.3;font-size:1.2em;font-family:-apple-system,BlinkMacSystemFont,\">Descripci\u00f3n de la botella<\/h2>\n<p style=\"margin-bottom:1.3em;margin-top:0px;font-family:-apple-system,BlinkMacSystemFont,\">La botella de<span> <\/span><strong style=\"font-weight: bolder\">Vulcan Viernes Negro<\/strong><span> <\/span>es una pieza llamativa: un cilindro negro mate, macizo y misterioso, dominado por un<span> <\/span><strong style=\"font-weight: bolder\">serpiente tallada<\/strong><span> <\/span>en relieve, enrollado alrededor del cuello, con penetrantes ojos rojos. Un s\u00edmbolo de fuerza, peligro y seducci\u00f3n. Todo ello coronado por una capucha negra grabada, con detalles texturizados.<\/p>\n<p style=\"margin-bottom:1.3em;margin-top:0px;font-family:-apple-system,BlinkMacSystemFont,\">El conjunto proyecta una identidad singular:<span> <\/span><strong style=\"font-weight: bolder\">negro absoluto + detalles reptilianos + tipograf\u00eda metalizada<\/strong><span> <\/span>\u2192 Un dise\u00f1o que evoca la noche, el cuero, el dominio y la elegancia bruta.<\/p>\n<h2 style=\"margin-bottom:0.5em;margin-top:0px;width:323.333px;line-height:1.3;font-size:1.2em;font-family:-apple-system,BlinkMacSystemFont,\">Notas olfativas<\/h2>\n<ul style=\"margin-top:0px;padding:0px;margin-bottom:1.3em;font-family:-apple-system,BlinkMacSystemFont,\">\n<li style=\"margin-bottom:0.6em;margin-left:1.3em\"><strong style=\"font-weight: bolder\">Notas altas :<\/strong><span> <\/span>Azafr\u00e1n, canela, manzana<\/li>\n<li style=\"margin-bottom:0.6em;margin-left:1.3em\"><strong style=\"font-weight: bolder\">Notas de coraz\u00f3n :<\/strong><span> <\/span>Cuero, Rosa<\/li>\n<li style=\"margin-bottom:0.6em;margin-left:1.3em\"><strong style=\"font-weight: bolder\">Notas de fondo :<\/strong><span> <\/span>Pachul\u00ed, musgo, papiro, almizcle.<\/li>\n<\/ul>\n","protected":false},"excerpt":{"rendered":"<p>Vulcan Viernes Negro de French Avenue es una creaci\u00f3n cuero, oscura e intensamente masculina. Un perfume potente, carism\u00e1tico y magn\u00e9tico, pensado para hombres que aman las fragancias intensas, sensuales y con car\u00e1cter. Lanzado en Noviembre de 2025, se impone inmediatamente como un perfume emblem\u00e1tico, hipn\u00f3tico y tremendamente cautivador. Desde la primera vaporizaci\u00f3n, el universo queda [&hellip;]<\/p>\n","protected":false},"featured_media":8945,"comment_status":"open","ping_status":"closed","template":"","meta":{"nf_dc_page":"","_uag_custom_page_level_css":"","site-sidebar-layout":"default","site-content-layout":"","ast-site-content-layout":"default","site-content-style":"default","site-sidebar-style":"default","ast-global-header-display":"","ast-banner-title-visibility":"","ast-main-header-display":"","ast-hfb-above-header-display":"","ast-hfb-below-header-display":"","ast-hfb-mobile-header-display":"","site-post-title":"","ast-breadcrumbs-content":"","ast-featured-img":"","footer-sml-layout":"","ast-disable-related-posts":"","theme-transparent-header-meta":"","adv-header-id-meta":"","stick-header-meta":"","header-above-stick-meta":"","header-main-stick-meta":"","header-below-stick-meta":"","astra-migrate-meta-layouts":"default","ast-page-background-enabled":"default","ast-page-background-meta":{"desktop":{"background-color":"","background-image":"","background-repeat":"repeat","background-position":"center center","background-size":"auto","background-attachment":"scroll","background-type":"","background-media":"","overlay-type":"","overlay-color":"","overlay-opacity":"","overlay-gradient":""},"tablet":{"background-color":"","background-image":"","background-repeat":"repeat","background-position":"center center","background-size":"auto","background-attachment":"scroll","background-type":"","background-media":"","overlay-type":"","overlay-color":"","overlay-opacity":"","overlay-gradient":""},"mobile":{"background-color":"","background-image":"","background-repeat":"repeat","background-position":"center center","background-size":"auto","background-attachment":"scroll","background-type":"","background-media":"","overlay-type":"","overlay-color":"","overlay-opacity":"","overlay-gradient":""}},"ast-content-background-meta":{"desktop":{"background-color":"var(--ast-global-color-5)","background-image":"","background-repeat":"repeat","background-position":"center center","background-size":"auto","background-attachment":"scroll","background-type":"","background-media":"","overlay-type":"","overlay-color":"","overlay-opacity":"","overlay-gradient":""},"tablet":{"background-color":"var(--ast-global-color-5)","background-image":"","background-repeat":"repeat","background-position":"center center","background-size":"auto","background-attachment":"scroll","background-type":"","background-media":"","overlay-type":"","overlay-color":"","overlay-opacity":"","overlay-gradient":""},"mobile":{"background-color":"var(--ast-global-color-5)","background-image":"","background-repeat":"repeat","background-position":"center center","background-size":"auto","background-attachment":"scroll","background-type":"","background-media":"","overlay-type":"","overlay-color":"","overlay-opacity":"","overlay-gradient":""}}},"product_brand":[],"product_cat":[40],"product_tag":[74],"class_list":{"0":"post-8946","1":"product","2":"type-product","3":"status-publish","4":"has-post-thumbnail","6":"product_cat-hombre","7":"product_tag-french-avenue","8":"desktop-align-left","9":"tablet-align-left","10":"mobile-align-left","12":"first","13":"instock","14":"taxable","15":"shipping-taxable","16":"purchasable","17":"product-type-simple"},"uagb_featured_image_src":{"full":["https:\/\/sensacionarabe.com\/Mayoristas\/wp-content\/uploads\/2025\/12\/1000359112.jpg",1059,1032,false],"thumbnail":["https:\/\/sensacionarabe.com\/Mayoristas\/wp-content\/uploads\/2025\/12\/1000359112-150x150.jpg",150,150,true],"medium":["https:\/\/sensacionarabe.com\/Mayoristas\/wp-content\/uploads\/2025\/12\/1000359112-300x292.jpg",300,292,true],"medium_large":["https:\/\/sensacionarabe.com\/Mayoristas\/wp-content\/uploads\/2025\/12\/1000359112-768x748.jpg",768,748,true],"large":["https:\/\/sensacionarabe.com\/Mayoristas\/wp-content\/uploads\/2025\/12\/1000359112-1024x998.jpg",1024,998,true],"1536x1536":["https:\/\/sensacionarabe.com\/Mayoristas\/wp-content\/uploads\/2025\/12\/1000359112.jpg",1059,1032,false],"2048x2048":["https:\/\/sensacionarabe.com\/Mayoristas\/wp-content\/uploads\/2025\/12\/1000359112.jpg",1059,1032,false],"woocommerce_thumbnail":["https:\/\/sensacionarabe.com\/Mayoristas\/wp-content\/uploads\/2025\/12\/1000359112-300x300.jpg",300,300,true],"woocommerce_single":["https:\/\/sensacionarabe.com\/Mayoristas\/wp-content\/uploads\/2025\/12\/1000359112-600x585.jpg",600,585,true],"woocommerce_gallery_thumbnail":["https:\/\/sensacionarabe.com\/Mayoristas\/wp-content\/uploads\/2025\/12\/1000359112-100x100.jpg",100,100,true],"variation_swatches_image_size":["https:\/\/sensacionarabe.com\/Mayoristas\/wp-content\/uploads\/2025\/12\/1000359112-50x50.jpg",50,50,true],"variation_swatches_tooltip_size":["https:\/\/sensacionarabe.com\/Mayoristas\/wp-content\/uploads\/2025\/12\/1000359112-100x100.jpg",100,100,true]},"uagb_author_info":{"display_name":"admin","author_link":"https:\/\/sensacionarabe.com\/Mayoristas\/author\/"},"uagb_comment_info":0,"uagb_excerpt":"Vulcan Viernes Negro de French Avenue es una creaci\u00f3n cuero, oscura e intensamente masculina. Un perfume potente, carism\u00e1tico y magn\u00e9tico, pensado para hombres que aman las fragancias intensas, sensuales y con car\u00e1cter. Lanzado en Noviembre de 2025, se impone inmediatamente como un perfume emblem\u00e1tico, hipn\u00f3tico y tremendamente cautivador. Desde la primera vaporizaci\u00f3n, el universo queda&hellip;","_links":{"self":[{"href":"https:\/\/sensacionarabe.com\/Mayoristas\/wp-json\/wp\/v2\/product\/8946","targetHints":{"allow":["GET"]}}],"collection":[{"href":"https:\/\/sensacionarabe.com\/Mayoristas\/wp-json\/wp\/v2\/product"}],"about":[{"href":"https:\/\/sensacionarabe.com\/Mayoristas\/wp-json\/wp\/v2\/types\/product"}],"replies":[{"embeddable":true,"href":"https:\/\/sensacionarabe.com\/Mayoristas\/wp-json\/wp\/v2\/comments?post=8946"}],"version-history":[{"count":0,"href":"https:\/\/sensacionarabe.com\/Mayoristas\/wp-json\/wp\/v2\/product\/8946\/revisions"}],"wp:featuredmedia":[{"embeddable":true,"href":"https:\/\/sensacionarabe.com\/Mayoristas\/wp-json\/wp\/v2\/media\/8945"}],"wp:attachment":[{"href":"https:\/\/sensacionarabe.com\/Mayoristas\/wp-json\/wp\/v2\/media?parent=8946"}],"wp:term":[{"taxonomy":"product_brand","embeddable":true,"href":"https:\/\/sensacionarabe.com\/Mayoristas\/wp-json\/wp\/v2\/product_brand?post=8946"},{"taxonomy":"product_cat","embeddable":true,"href":"https:\/\/sensacionarabe.com\/Mayoristas\/wp-json\/wp\/v2\/product_cat?post=8946"},{"taxonomy":"product_tag","embeddable":true,"href":"https:\/\/sensacionarabe.com\/Mayoristas\/wp-json\/wp\/v2\/product_tag?post=8946"}],"curies":[{"name":"wp","href":"https:\/\/api.w.org\/{rel}","templated":true}]}}