{"id":9014,"date":"2025-12-18T14:18:51","date_gmt":"2025-12-18T13:18:51","guid":{"rendered":"https:\/\/sensacionarabe.com\/Mayoristas\/producto\/lattafa-musamam-black-intenso-eau-de-parfum-100ml\/"},"modified":"2026-03-16T19:20:38","modified_gmt":"2026-03-16T18:20:38","slug":"lattafa-musamam-black-intenso-eau-de-parfum-100ml","status":"publish","type":"product","link":"https:\/\/sensacionarabe.com\/Mayoristas\/producto\/lattafa-musamam-black-intenso-eau-de-parfum-100ml\/","title":{"rendered":"Lattafa\/Musamam Black Intenso Eau de Parfum 100ml"},"content":{"rendered":"<p>Lattafa Musamam Black Intense Eau de Parfum 100 ml es una fragancia masculina potente y moderna que combina frescura arom\u00e1tica con una calidez intensa. Las notas de salida se abren con lavanda, salvia, nuez moscada y bergamota, una mezcla que transmite fuerza, claridad y elegancia masculina. La fragancia irradia confianza y dinamismo, ideal para hombres que buscan una presencia fuerte y distintiva.<\/p>\n<p>En su coraz\u00f3n, se despliegan notas amaderadas y florales de cedro, geranio, mahonia y un fresco acorde de rosyfolia. Esta combinaci\u00f3n aporta profundidad, estructura y una sutil elegancia especiada que se integra a la perfecci\u00f3n con la salida arom\u00e1tica.<\/p>\n<p>La base de haba tonka, pachul\u00ed, madera de arce, ambrofix y una cremosa nota de cacao (CocoPulse) le otorga a Musamam Black Intense una calidez sensual y duradera. La base es elegante, potente y sutilmente oriental sin resultar abrumadora. Esta fragancia es ideal para oto\u00f1o, invierno y noches, pero tambi\u00e9n es una elegante compa\u00f1era para el d\u00eda a d\u00eda. Los hombres que aman los perfumes arom\u00e1ticos, amaderados y c\u00e1lidos con un toque moderno apreciar\u00e1n especialmente Musamam Black Intense.<\/p>\n<p>Notas de salida : Lavanda, nuez moscada, bergamota, ung\u00fcento.<br \/>\nNotas de coraz\u00f3n : Geranio, Rosyfolia (una especie de acorde floral-verde), Mahonial, Cedro<br \/>\nNotas de fondo : Madera de arce, pachul\u00ed, haba tonka, un componente de legumbres de cacao (CocoPulse) y Ambrofix (un compuesto de almizcle\/\u00e1mbar).<br \/>\nFamilia de fragancias : Arom\u00e1tica \u2013 Amaderada<\/p>\n","protected":false},"excerpt":{"rendered":"<p>Lattafa Musamam Black Intense Eau de Parfum 100 ml es una fragancia masculina potente y moderna que combina frescura arom\u00e1tica con una calidez intensa. Las notas de salida se abren con lavanda, salvia, nuez moscada y bergamota, una mezcla que transmite fuerza, claridad y elegancia masculina. La fragancia irradia confianza y dinamismo, ideal para hombres [&hellip;]<\/p>\n","protected":false},"featured_media":9011,"comment_status":"open","ping_status":"closed","template":"","meta":{"nf_dc_page":"","_uag_custom_page_level_css":"","site-sidebar-layout":"default","site-content-layout":"","ast-site-content-layout":"default","site-content-style":"default","site-sidebar-style":"default","ast-global-header-display":"","ast-banner-title-visibility":"","ast-main-header-display":"","ast-hfb-above-header-display":"","ast-hfb-below-header-display":"","ast-hfb-mobile-header-display":"","site-post-title":"","ast-breadcrumbs-content":"","ast-featured-img":"","footer-sml-layout":"","ast-disable-related-posts":"","theme-transparent-header-meta":"","adv-header-id-meta":"","stick-header-meta":"","header-above-stick-meta":"","header-main-stick-meta":"","header-below-stick-meta":"","astra-migrate-meta-layouts":"default","ast-page-background-enabled":"default","ast-page-background-meta":{"desktop":{"background-color":"","background-image":"","background-repeat":"repeat","background-position":"center center","background-size":"auto","background-attachment":"scroll","background-type":"","background-media":"","overlay-type":"","overlay-color":"","overlay-opacity":"","overlay-gradient":""},"tablet":{"background-color":"","background-image":"","background-repeat":"repeat","background-position":"center center","background-size":"auto","background-attachment":"scroll","background-type":"","background-media":"","overlay-type":"","overlay-color":"","overlay-opacity":"","overlay-gradient":""},"mobile":{"background-color":"","background-image":"","background-repeat":"repeat","background-position":"center center","background-size":"auto","background-attachment":"scroll","background-type":"","background-media":"","overlay-type":"","overlay-color":"","overlay-opacity":"","overlay-gradient":""}},"ast-content-background-meta":{"desktop":{"background-color":"var(--ast-global-color-5)","background-image":"","background-repeat":"repeat","background-position":"center center","background-size":"auto","background-attachment":"scroll","background-type":"","background-media":"","overlay-type":"","overlay-color":"","overlay-opacity":"","overlay-gradient":""},"tablet":{"background-color":"var(--ast-global-color-5)","background-image":"","background-repeat":"repeat","background-position":"center center","background-size":"auto","background-attachment":"scroll","background-type":"","background-media":"","overlay-type":"","overlay-color":"","overlay-opacity":"","overlay-gradient":""},"mobile":{"background-color":"var(--ast-global-color-5)","background-image":"","background-repeat":"repeat","background-position":"center center","background-size":"auto","background-attachment":"scroll","background-type":"","background-media":"","overlay-type":"","overlay-color":"","overlay-opacity":"","overlay-gradient":""}}},"product_brand":[],"product_cat":[15],"product_tag":[],"class_list":{"0":"post-9014","1":"product","2":"type-product","3":"status-publish","4":"has-post-thumbnail","6":"product_cat-sin-categorizar","7":"desktop-align-left","8":"tablet-align-left","9":"mobile-align-left","11":"first","12":"instock","13":"taxable","14":"shipping-taxable","15":"purchasable","16":"product-type-simple"},"uagb_featured_image_src":{"full":["https:\/\/sensacionarabe.com\/Mayoristas\/wp-content\/uploads\/2025\/12\/1000367269.jpg",810,810,false],"thumbnail":["https:\/\/sensacionarabe.com\/Mayoristas\/wp-content\/uploads\/2025\/12\/1000367269-150x150.jpg",150,150,true],"medium":["https:\/\/sensacionarabe.com\/Mayoristas\/wp-content\/uploads\/2025\/12\/1000367269-300x300.jpg",300,300,true],"medium_large":["https:\/\/sensacionarabe.com\/Mayoristas\/wp-content\/uploads\/2025\/12\/1000367269-768x768.jpg",768,768,true],"large":["https:\/\/sensacionarabe.com\/Mayoristas\/wp-content\/uploads\/2025\/12\/1000367269.jpg",810,810,false],"1536x1536":["https:\/\/sensacionarabe.com\/Mayoristas\/wp-content\/uploads\/2025\/12\/1000367269.jpg",810,810,false],"2048x2048":["https:\/\/sensacionarabe.com\/Mayoristas\/wp-content\/uploads\/2025\/12\/1000367269.jpg",810,810,false],"woocommerce_thumbnail":["https:\/\/sensacionarabe.com\/Mayoristas\/wp-content\/uploads\/2025\/12\/1000367269-300x300.jpg",300,300,true],"woocommerce_single":["https:\/\/sensacionarabe.com\/Mayoristas\/wp-content\/uploads\/2025\/12\/1000367269-600x600.jpg",600,600,true],"woocommerce_gallery_thumbnail":["https:\/\/sensacionarabe.com\/Mayoristas\/wp-content\/uploads\/2025\/12\/1000367269-100x100.jpg",100,100,true],"variation_swatches_image_size":["https:\/\/sensacionarabe.com\/Mayoristas\/wp-content\/uploads\/2025\/12\/1000367269-50x50.jpg",50,50,true],"variation_swatches_tooltip_size":["https:\/\/sensacionarabe.com\/Mayoristas\/wp-content\/uploads\/2025\/12\/1000367269-100x100.jpg",100,100,true]},"uagb_author_info":{"display_name":"admin","author_link":"https:\/\/sensacionarabe.com\/Mayoristas\/author\/"},"uagb_comment_info":0,"uagb_excerpt":"Lattafa Musamam Black Intense Eau de Parfum 100 ml es una fragancia masculina potente y moderna que combina frescura arom\u00e1tica con una calidez intensa. Las notas de salida se abren con lavanda, salvia, nuez moscada y bergamota, una mezcla que transmite fuerza, claridad y elegancia masculina. La fragancia irradia confianza y dinamismo, ideal para hombres&hellip;","_links":{"self":[{"href":"https:\/\/sensacionarabe.com\/Mayoristas\/wp-json\/wp\/v2\/product\/9014","targetHints":{"allow":["GET"]}}],"collection":[{"href":"https:\/\/sensacionarabe.com\/Mayoristas\/wp-json\/wp\/v2\/product"}],"about":[{"href":"https:\/\/sensacionarabe.com\/Mayoristas\/wp-json\/wp\/v2\/types\/product"}],"replies":[{"embeddable":true,"href":"https:\/\/sensacionarabe.com\/Mayoristas\/wp-json\/wp\/v2\/comments?post=9014"}],"version-history":[{"count":0,"href":"https:\/\/sensacionarabe.com\/Mayoristas\/wp-json\/wp\/v2\/product\/9014\/revisions"}],"wp:featuredmedia":[{"embeddable":true,"href":"https:\/\/sensacionarabe.com\/Mayoristas\/wp-json\/wp\/v2\/media\/9011"}],"wp:attachment":[{"href":"https:\/\/sensacionarabe.com\/Mayoristas\/wp-json\/wp\/v2\/media?parent=9014"}],"wp:term":[{"taxonomy":"product_brand","embeddable":true,"href":"https:\/\/sensacionarabe.com\/Mayoristas\/wp-json\/wp\/v2\/product_brand?post=9014"},{"taxonomy":"product_cat","embeddable":true,"href":"https:\/\/sensacionarabe.com\/Mayoristas\/wp-json\/wp\/v2\/product_cat?post=9014"},{"taxonomy":"product_tag","embeddable":true,"href":"https:\/\/sensacionarabe.com\/Mayoristas\/wp-json\/wp\/v2\/product_tag?post=9014"}],"curies":[{"name":"wp","href":"https:\/\/api.w.org\/{rel}","templated":true}]}}