{"id":9053,"date":"2025-12-26T13:35:34","date_gmt":"2025-12-26T12:35:34","guid":{"rendered":"https:\/\/sensacionarabe.com\/Mayoristas\/producto\/lattafa-nasmaat-eau-de-parfum-100ml\/"},"modified":"2026-03-12T19:12:40","modified_gmt":"2026-03-12T18:12:40","slug":"lattafa-nasmaat-eau-de-parfum-100ml","status":"publish","type":"product","link":"https:\/\/sensacionarabe.com\/Mayoristas\/producto\/lattafa-nasmaat-eau-de-parfum-100ml\/","title":{"rendered":"Lattafa.Nasmaat Eau de Parfum 100ml"},"content":{"rendered":"<p>Lattafa Nasmaat Eau de Parfum 100 ml es una fragancia unisex elegante y potente que ofrece frescura, especias y una profunda calidez en una armoniosa interacci\u00f3n. Desde la primera inhalaci\u00f3n, la fragancia impresiona con una refrescante nota de salida de pimienta rosa, bergamota y salvia esclarea: vibrante, especiada y sofisticada a la vez.<\/p>\n<p>En el coraz\u00f3n, la composici\u00f3n se desarrolla a\u00fan m\u00e1s con ciruela, jazm\u00edn y una pizca de pimienta negra: la combinaci\u00f3n de fruta jugosa, elegancia floreciente y especias picantes aporta profundidad y car\u00e1cter.<\/p>\n<p>La nota de base est\u00e1 compuesta por cuero, \u00e1mbar, musgo y pachul\u00ed: aqu\u00ed se revela el lado c\u00e1lido, sensual y duradero de la fragancia, asegurando que Nasmaat no solo deje una primera impresi\u00f3n, sino que tambi\u00e9n sea duradera.<\/p>\n<p>Notas de salida : pimienta rosa, bergamota, salvia esclarea<br \/>\nNotas de coraz\u00f3n : ciruela, jazm\u00edn, pimienta negra<br \/>\nNotas de fondo : Cuero, \u00e1mbar, musgo, pachul\u00ed.<br \/>\nFamilia de fragancias : Oriental-Amaderada-Especiada<\/p>\n","protected":false},"excerpt":{"rendered":"<p>Lattafa Nasmaat Eau de Parfum 100 ml es una fragancia unisex elegante y potente que ofrece frescura, especias y una profunda calidez en una armoniosa interacci\u00f3n. Desde la primera inhalaci\u00f3n, la fragancia impresiona con una refrescante nota de salida de pimienta rosa, bergamota y salvia esclarea: vibrante, especiada y sofisticada a la vez. En el [&hellip;]<\/p>\n","protected":false},"featured_media":9052,"comment_status":"open","ping_status":"closed","template":"","meta":{"nf_dc_page":"","_uag_custom_page_level_css":"","site-sidebar-layout":"default","site-content-layout":"","ast-site-content-layout":"default","site-content-style":"default","site-sidebar-style":"default","ast-global-header-display":"","ast-banner-title-visibility":"","ast-main-header-display":"","ast-hfb-above-header-display":"","ast-hfb-below-header-display":"","ast-hfb-mobile-header-display":"","site-post-title":"","ast-breadcrumbs-content":"","ast-featured-img":"","footer-sml-layout":"","ast-disable-related-posts":"","theme-transparent-header-meta":"","adv-header-id-meta":"","stick-header-meta":"","header-above-stick-meta":"","header-main-stick-meta":"","header-below-stick-meta":"","astra-migrate-meta-layouts":"default","ast-page-background-enabled":"default","ast-page-background-meta":{"desktop":{"background-color":"","background-image":"","background-repeat":"repeat","background-position":"center center","background-size":"auto","background-attachment":"scroll","background-type":"","background-media":"","overlay-type":"","overlay-color":"","overlay-opacity":"","overlay-gradient":""},"tablet":{"background-color":"","background-image":"","background-repeat":"repeat","background-position":"center center","background-size":"auto","background-attachment":"scroll","background-type":"","background-media":"","overlay-type":"","overlay-color":"","overlay-opacity":"","overlay-gradient":""},"mobile":{"background-color":"","background-image":"","background-repeat":"repeat","background-position":"center center","background-size":"auto","background-attachment":"scroll","background-type":"","background-media":"","overlay-type":"","overlay-color":"","overlay-opacity":"","overlay-gradient":""}},"ast-content-background-meta":{"desktop":{"background-color":"var(--ast-global-color-5)","background-image":"","background-repeat":"repeat","background-position":"center center","background-size":"auto","background-attachment":"scroll","background-type":"","background-media":"","overlay-type":"","overlay-color":"","overlay-opacity":"","overlay-gradient":""},"tablet":{"background-color":"var(--ast-global-color-5)","background-image":"","background-repeat":"repeat","background-position":"center center","background-size":"auto","background-attachment":"scroll","background-type":"","background-media":"","overlay-type":"","overlay-color":"","overlay-opacity":"","overlay-gradient":""},"mobile":{"background-color":"var(--ast-global-color-5)","background-image":"","background-repeat":"repeat","background-position":"center center","background-size":"auto","background-attachment":"scroll","background-type":"","background-media":"","overlay-type":"","overlay-color":"","overlay-opacity":"","overlay-gradient":""}}},"product_brand":[],"product_cat":[15],"product_tag":[],"class_list":{"0":"post-9053","1":"product","2":"type-product","3":"status-publish","4":"has-post-thumbnail","6":"product_cat-sin-categorizar","7":"desktop-align-left","8":"tablet-align-left","9":"mobile-align-left","11":"first","12":"instock","13":"taxable","14":"shipping-taxable","15":"purchasable","16":"product-type-simple"},"uagb_featured_image_src":{"full":["https:\/\/sensacionarabe.com\/Mayoristas\/wp-content\/uploads\/2025\/12\/1000377199.jpg",1024,1024,false],"thumbnail":["https:\/\/sensacionarabe.com\/Mayoristas\/wp-content\/uploads\/2025\/12\/1000377199-150x150.jpg",150,150,true],"medium":["https:\/\/sensacionarabe.com\/Mayoristas\/wp-content\/uploads\/2025\/12\/1000377199-300x300.jpg",300,300,true],"medium_large":["https:\/\/sensacionarabe.com\/Mayoristas\/wp-content\/uploads\/2025\/12\/1000377199-768x768.jpg",768,768,true],"large":["https:\/\/sensacionarabe.com\/Mayoristas\/wp-content\/uploads\/2025\/12\/1000377199.jpg",1024,1024,false],"1536x1536":["https:\/\/sensacionarabe.com\/Mayoristas\/wp-content\/uploads\/2025\/12\/1000377199.jpg",1024,1024,false],"2048x2048":["https:\/\/sensacionarabe.com\/Mayoristas\/wp-content\/uploads\/2025\/12\/1000377199.jpg",1024,1024,false],"woocommerce_thumbnail":["https:\/\/sensacionarabe.com\/Mayoristas\/wp-content\/uploads\/2025\/12\/1000377199-300x300.jpg",300,300,true],"woocommerce_single":["https:\/\/sensacionarabe.com\/Mayoristas\/wp-content\/uploads\/2025\/12\/1000377199-600x600.jpg",600,600,true],"woocommerce_gallery_thumbnail":["https:\/\/sensacionarabe.com\/Mayoristas\/wp-content\/uploads\/2025\/12\/1000377199-100x100.jpg",100,100,true],"variation_swatches_image_size":["https:\/\/sensacionarabe.com\/Mayoristas\/wp-content\/uploads\/2025\/12\/1000377199-50x50.jpg",50,50,true],"variation_swatches_tooltip_size":["https:\/\/sensacionarabe.com\/Mayoristas\/wp-content\/uploads\/2025\/12\/1000377199-100x100.jpg",100,100,true]},"uagb_author_info":{"display_name":"admin","author_link":"https:\/\/sensacionarabe.com\/Mayoristas\/author\/"},"uagb_comment_info":0,"uagb_excerpt":"Lattafa Nasmaat Eau de Parfum 100 ml es una fragancia unisex elegante y potente que ofrece frescura, especias y una profunda calidez en una armoniosa interacci\u00f3n. Desde la primera inhalaci\u00f3n, la fragancia impresiona con una refrescante nota de salida de pimienta rosa, bergamota y salvia esclarea: vibrante, especiada y sofisticada a la vez. En el&hellip;","_links":{"self":[{"href":"https:\/\/sensacionarabe.com\/Mayoristas\/wp-json\/wp\/v2\/product\/9053","targetHints":{"allow":["GET"]}}],"collection":[{"href":"https:\/\/sensacionarabe.com\/Mayoristas\/wp-json\/wp\/v2\/product"}],"about":[{"href":"https:\/\/sensacionarabe.com\/Mayoristas\/wp-json\/wp\/v2\/types\/product"}],"replies":[{"embeddable":true,"href":"https:\/\/sensacionarabe.com\/Mayoristas\/wp-json\/wp\/v2\/comments?post=9053"}],"version-history":[{"count":0,"href":"https:\/\/sensacionarabe.com\/Mayoristas\/wp-json\/wp\/v2\/product\/9053\/revisions"}],"wp:featuredmedia":[{"embeddable":true,"href":"https:\/\/sensacionarabe.com\/Mayoristas\/wp-json\/wp\/v2\/media\/9052"}],"wp:attachment":[{"href":"https:\/\/sensacionarabe.com\/Mayoristas\/wp-json\/wp\/v2\/media?parent=9053"}],"wp:term":[{"taxonomy":"product_brand","embeddable":true,"href":"https:\/\/sensacionarabe.com\/Mayoristas\/wp-json\/wp\/v2\/product_brand?post=9053"},{"taxonomy":"product_cat","embeddable":true,"href":"https:\/\/sensacionarabe.com\/Mayoristas\/wp-json\/wp\/v2\/product_cat?post=9053"},{"taxonomy":"product_tag","embeddable":true,"href":"https:\/\/sensacionarabe.com\/Mayoristas\/wp-json\/wp\/v2\/product_tag?post=9053"}],"curies":[{"name":"wp","href":"https:\/\/api.w.org\/{rel}","templated":true}]}}