{"id":9142,"date":"2026-01-07T22:31:57","date_gmt":"2026-01-07T21:31:57","guid":{"rendered":"https:\/\/sensacionarabe.com\/Mayoristas\/producto\/ameerat-al-arab-crema-de-cuerpo-y-manos-ardal-zaafaran-40gr\/"},"modified":"2026-01-07T22:32:25","modified_gmt":"2026-01-07T21:32:25","slug":"ameerat-al-arab-crema-de-cuerpo-y-manos-ardal-zaafaran-40gr","status":"publish","type":"product","link":"https:\/\/sensacionarabe.com\/Mayoristas\/producto\/ameerat-al-arab-crema-de-cuerpo-y-manos-ardal-zaafaran-40gr\/","title":{"rendered":"Ameerat Al Arab Crema de Cuerpo y Manos ARDAL ZAAFARAN 40gr"},"content":{"rendered":"<p>Inicio  Ameerat Al Arab Crema de Cuerpo y Manos ARDAL ZAAFARAN 40gr<\/p>\n<p>Pulse para acercar<\/p>\n<p>Pulse para acercar<\/p>\n<p>Ameerat Al Arab Crema de Cuerpo y Manos ARDAL ZAAFARAN 40gr<br \/>\nPrecio actual16,99 \u20ac<\/p>\n<p>A\u00f1ade a la lista de deseo<br \/>\nEntrega estimada: 24\u201372h<\/p>\n<p>Pedidos con varias muestras pueden requerir un poco m\u00e1s de preparaci\u00f3n.<\/p>\n<p>Recibe 113 Puntos por comprar este art\u00edculo. \u00danete para recibir<br \/>\nCantidad<\/p>\n<p>1<\/p>\n<p>A\u00f1adir al carrito<br \/>\nRecogida disponible en Tienda Arabic Parfums<\/p>\n<p>Normalmente est\u00e1 listo en 24 horas<br \/>\nVer informaci\u00f3n de la tienda<\/p>\n<p>Descripci\u00f3n<br \/>\nLa loci\u00f3n corporal y de manos Ameerat Al Arab de Asdaaf es el aliado perfecto para quienes desean cuidar su piel con un toque de lujo oriental. Su f\u00f3rmula est\u00e1 enriquecida con ingredientes nutritivos y calmantes que hidratan profundamente, dejando la piel suave, flexible y radiante.<\/p>\n<p>De r\u00e1pida absorci\u00f3n y con una textura ligera no grasa, esta crema aporta confort inmediato y un acabado sedoso. Su fragancia envolvente y seductora convierte cada aplicaci\u00f3n en una experiencia sensorial \u00fanica, dejando una estela delicada y refinada en la piel.<\/p>\n<p>\u2728 Beneficios:<\/p>\n<p>Hidrataci\u00f3n intensa gracias al aloe vera y la glicerina.<\/p>\n<p>F\u00f3rmula ligera de absorci\u00f3n r\u00e1pida, sin sensaci\u00f3n grasa.<\/p>\n<p>Aroma elegante y seductor inspirado en la fragancia Ameerat Al Arab.<\/p>\n<p>Ideal para el cuidado diario de manos y cuerpo.<\/p>\n","protected":false},"excerpt":{"rendered":"<p>Inicio Ameerat Al Arab Crema de Cuerpo y Manos ARDAL ZAAFARAN 40gr Pulse para acercar Pulse para acercar Ameerat Al Arab Crema de Cuerpo y Manos ARDAL ZAAFARAN 40gr Precio actual16,99 \u20ac A\u00f1ade a la lista de deseo Entrega estimada: 24\u201372h Pedidos con varias muestras pueden requerir un poco m\u00e1s de preparaci\u00f3n. Recibe 113 Puntos [&hellip;]<\/p>\n","protected":false},"featured_media":9141,"comment_status":"open","ping_status":"closed","template":"","meta":{"nf_dc_page":"","_uag_custom_page_level_css":"","site-sidebar-layout":"default","site-content-layout":"","ast-site-content-layout":"default","site-content-style":"default","site-sidebar-style":"default","ast-global-header-display":"","ast-banner-title-visibility":"","ast-main-header-display":"","ast-hfb-above-header-display":"","ast-hfb-below-header-display":"","ast-hfb-mobile-header-display":"","site-post-title":"","ast-breadcrumbs-content":"","ast-featured-img":"","footer-sml-layout":"","ast-disable-related-posts":"","theme-transparent-header-meta":"","adv-header-id-meta":"","stick-header-meta":"","header-above-stick-meta":"","header-main-stick-meta":"","header-below-stick-meta":"","astra-migrate-meta-layouts":"default","ast-page-background-enabled":"default","ast-page-background-meta":{"desktop":{"background-color":"","background-image":"","background-repeat":"repeat","background-position":"center center","background-size":"auto","background-attachment":"scroll","background-type":"","background-media":"","overlay-type":"","overlay-color":"","overlay-opacity":"","overlay-gradient":""},"tablet":{"background-color":"","background-image":"","background-repeat":"repeat","background-position":"center center","background-size":"auto","background-attachment":"scroll","background-type":"","background-media":"","overlay-type":"","overlay-color":"","overlay-opacity":"","overlay-gradient":""},"mobile":{"background-color":"","background-image":"","background-repeat":"repeat","background-position":"center center","background-size":"auto","background-attachment":"scroll","background-type":"","background-media":"","overlay-type":"","overlay-color":"","overlay-opacity":"","overlay-gradient":""}},"ast-content-background-meta":{"desktop":{"background-color":"var(--ast-global-color-5)","background-image":"","background-repeat":"repeat","background-position":"center center","background-size":"auto","background-attachment":"scroll","background-type":"","background-media":"","overlay-type":"","overlay-color":"","overlay-opacity":"","overlay-gradient":""},"tablet":{"background-color":"var(--ast-global-color-5)","background-image":"","background-repeat":"repeat","background-position":"center center","background-size":"auto","background-attachment":"scroll","background-type":"","background-media":"","overlay-type":"","overlay-color":"","overlay-opacity":"","overlay-gradient":""},"mobile":{"background-color":"var(--ast-global-color-5)","background-image":"","background-repeat":"repeat","background-position":"center center","background-size":"auto","background-attachment":"scroll","background-type":"","background-media":"","overlay-type":"","overlay-color":"","overlay-opacity":"","overlay-gradient":""}}},"product_brand":[],"product_cat":[15],"product_tag":[],"class_list":{"0":"post-9142","1":"product","2":"type-product","3":"status-publish","4":"has-post-thumbnail","6":"product_cat-sin-categorizar","7":"desktop-align-left","8":"tablet-align-left","9":"mobile-align-left","11":"first","12":"instock","13":"featured","14":"taxable","15":"shipping-taxable","16":"purchasable","17":"product-type-simple"},"uagb_featured_image_src":{"full":["https:\/\/sensacionarabe.com\/Mayoristas\/wp-content\/uploads\/2026\/01\/1000389050.jpg",706,781,false],"thumbnail":["https:\/\/sensacionarabe.com\/Mayoristas\/wp-content\/uploads\/2026\/01\/1000389050-150x150.jpg",150,150,true],"medium":["https:\/\/sensacionarabe.com\/Mayoristas\/wp-content\/uploads\/2026\/01\/1000389050-271x300.jpg",271,300,true],"medium_large":["https:\/\/sensacionarabe.com\/Mayoristas\/wp-content\/uploads\/2026\/01\/1000389050.jpg",706,781,false],"large":["https:\/\/sensacionarabe.com\/Mayoristas\/wp-content\/uploads\/2026\/01\/1000389050.jpg",706,781,false],"1536x1536":["https:\/\/sensacionarabe.com\/Mayoristas\/wp-content\/uploads\/2026\/01\/1000389050.jpg",706,781,false],"2048x2048":["https:\/\/sensacionarabe.com\/Mayoristas\/wp-content\/uploads\/2026\/01\/1000389050.jpg",706,781,false],"woocommerce_thumbnail":["https:\/\/sensacionarabe.com\/Mayoristas\/wp-content\/uploads\/2026\/01\/1000389050-300x300.jpg",300,300,true],"woocommerce_single":["https:\/\/sensacionarabe.com\/Mayoristas\/wp-content\/uploads\/2026\/01\/1000389050-600x664.jpg",600,664,true],"woocommerce_gallery_thumbnail":["https:\/\/sensacionarabe.com\/Mayoristas\/wp-content\/uploads\/2026\/01\/1000389050-100x100.jpg",100,100,true],"variation_swatches_image_size":["https:\/\/sensacionarabe.com\/Mayoristas\/wp-content\/uploads\/2026\/01\/1000389050-50x50.jpg",50,50,true],"variation_swatches_tooltip_size":["https:\/\/sensacionarabe.com\/Mayoristas\/wp-content\/uploads\/2026\/01\/1000389050-100x100.jpg",100,100,true]},"uagb_author_info":{"display_name":"admin","author_link":"https:\/\/sensacionarabe.com\/Mayoristas\/author\/"},"uagb_comment_info":0,"uagb_excerpt":"Inicio Ameerat Al Arab Crema de Cuerpo y Manos ARDAL ZAAFARAN 40gr Pulse para acercar Pulse para acercar Ameerat Al Arab Crema de Cuerpo y Manos ARDAL ZAAFARAN 40gr Precio actual16,99 \u20ac A\u00f1ade a la lista de deseo Entrega estimada: 24\u201372h Pedidos con varias muestras pueden requerir un poco m\u00e1s de preparaci\u00f3n. Recibe 113 Puntos&hellip;","_links":{"self":[{"href":"https:\/\/sensacionarabe.com\/Mayoristas\/wp-json\/wp\/v2\/product\/9142","targetHints":{"allow":["GET"]}}],"collection":[{"href":"https:\/\/sensacionarabe.com\/Mayoristas\/wp-json\/wp\/v2\/product"}],"about":[{"href":"https:\/\/sensacionarabe.com\/Mayoristas\/wp-json\/wp\/v2\/types\/product"}],"replies":[{"embeddable":true,"href":"https:\/\/sensacionarabe.com\/Mayoristas\/wp-json\/wp\/v2\/comments?post=9142"}],"version-history":[{"count":0,"href":"https:\/\/sensacionarabe.com\/Mayoristas\/wp-json\/wp\/v2\/product\/9142\/revisions"}],"wp:featuredmedia":[{"embeddable":true,"href":"https:\/\/sensacionarabe.com\/Mayoristas\/wp-json\/wp\/v2\/media\/9141"}],"wp:attachment":[{"href":"https:\/\/sensacionarabe.com\/Mayoristas\/wp-json\/wp\/v2\/media?parent=9142"}],"wp:term":[{"taxonomy":"product_brand","embeddable":true,"href":"https:\/\/sensacionarabe.com\/Mayoristas\/wp-json\/wp\/v2\/product_brand?post=9142"},{"taxonomy":"product_cat","embeddable":true,"href":"https:\/\/sensacionarabe.com\/Mayoristas\/wp-json\/wp\/v2\/product_cat?post=9142"},{"taxonomy":"product_tag","embeddable":true,"href":"https:\/\/sensacionarabe.com\/Mayoristas\/wp-json\/wp\/v2\/product_tag?post=9142"}],"curies":[{"name":"wp","href":"https:\/\/api.w.org\/{rel}","templated":true}]}}