{"id":9185,"date":"2026-01-13T15:16:47","date_gmt":"2026-01-13T14:16:47","guid":{"rendered":"https:\/\/sensacionarabe.com\/Mayoristas\/producto\/rayhaan-tiger-eau-de-perfum-100ml\/"},"modified":"2026-03-08T22:18:34","modified_gmt":"2026-03-08T21:18:34","slug":"rayhaan-tiger-eau-de-perfum-100ml","status":"publish","type":"product","link":"https:\/\/sensacionarabe.com\/Mayoristas\/producto\/rayhaan-tiger-eau-de-perfum-100ml\/","title":{"rendered":"Rayhaan Tiger Eau de Perfum 100ml"},"content":{"rendered":"<p>Tiger de Rayhaan es una fragancia de la familia olfativa Amaderada Especiada para Hombres. Esta fragrancia es nueva. Tiger se lanz\u00f3 en 2025. Las Notas de Salida son nuez moscada, clavo de olor y lim\u00f3n (lima \u00e1cida); las Notas de Coraz\u00f3n son leche, rosa y Davana; las Notas de Fondo son \u00e1mbar, pachul\u00ed, Incienso y l\u00e1dano.<\/p>\n","protected":false},"excerpt":{"rendered":"<p>Tiger de Rayhaan es una fragancia de la familia olfativa Amaderada Especiada para Hombres. Esta fragrancia es nueva. Tiger se lanz\u00f3 en 2025. Las Notas de Salida son nuez moscada, clavo de olor y lim\u00f3n (lima \u00e1cida); las Notas de Coraz\u00f3n son leche, rosa y Davana; las Notas de Fondo son \u00e1mbar, pachul\u00ed, Incienso y [&hellip;]<\/p>\n","protected":false},"featured_media":9184,"comment_status":"open","ping_status":"closed","template":"","meta":{"nf_dc_page":"","_uag_custom_page_level_css":"","site-sidebar-layout":"default","site-content-layout":"","ast-site-content-layout":"default","site-content-style":"default","site-sidebar-style":"default","ast-global-header-display":"","ast-banner-title-visibility":"","ast-main-header-display":"","ast-hfb-above-header-display":"","ast-hfb-below-header-display":"","ast-hfb-mobile-header-display":"","site-post-title":"","ast-breadcrumbs-content":"","ast-featured-img":"","footer-sml-layout":"","ast-disable-related-posts":"","theme-transparent-header-meta":"","adv-header-id-meta":"","stick-header-meta":"","header-above-stick-meta":"","header-main-stick-meta":"","header-below-stick-meta":"","astra-migrate-meta-layouts":"default","ast-page-background-enabled":"default","ast-page-background-meta":{"desktop":{"background-color":"","background-image":"","background-repeat":"repeat","background-position":"center center","background-size":"auto","background-attachment":"scroll","background-type":"","background-media":"","overlay-type":"","overlay-color":"","overlay-opacity":"","overlay-gradient":""},"tablet":{"background-color":"","background-image":"","background-repeat":"repeat","background-position":"center center","background-size":"auto","background-attachment":"scroll","background-type":"","background-media":"","overlay-type":"","overlay-color":"","overlay-opacity":"","overlay-gradient":""},"mobile":{"background-color":"","background-image":"","background-repeat":"repeat","background-position":"center center","background-size":"auto","background-attachment":"scroll","background-type":"","background-media":"","overlay-type":"","overlay-color":"","overlay-opacity":"","overlay-gradient":""}},"ast-content-background-meta":{"desktop":{"background-color":"var(--ast-global-color-5)","background-image":"","background-repeat":"repeat","background-position":"center center","background-size":"auto","background-attachment":"scroll","background-type":"","background-media":"","overlay-type":"","overlay-color":"","overlay-opacity":"","overlay-gradient":""},"tablet":{"background-color":"var(--ast-global-color-5)","background-image":"","background-repeat":"repeat","background-position":"center center","background-size":"auto","background-attachment":"scroll","background-type":"","background-media":"","overlay-type":"","overlay-color":"","overlay-opacity":"","overlay-gradient":""},"mobile":{"background-color":"var(--ast-global-color-5)","background-image":"","background-repeat":"repeat","background-position":"center center","background-size":"auto","background-attachment":"scroll","background-type":"","background-media":"","overlay-type":"","overlay-color":"","overlay-opacity":"","overlay-gradient":""}}},"product_brand":[],"product_cat":[40],"product_tag":[88],"class_list":{"0":"post-9185","1":"product","2":"type-product","3":"status-publish","4":"has-post-thumbnail","6":"product_cat-hombre","7":"product_tag-rayhaan","8":"desktop-align-left","9":"tablet-align-left","10":"mobile-align-left","12":"first","13":"instock","14":"taxable","15":"shipping-taxable","16":"purchasable","17":"product-type-simple"},"uagb_featured_image_src":{"full":["https:\/\/sensacionarabe.com\/Mayoristas\/wp-content\/uploads\/2026\/01\/1000397197.jpg",706,593,false],"thumbnail":["https:\/\/sensacionarabe.com\/Mayoristas\/wp-content\/uploads\/2026\/01\/1000397197-150x150.jpg",150,150,true],"medium":["https:\/\/sensacionarabe.com\/Mayoristas\/wp-content\/uploads\/2026\/01\/1000397197-300x252.jpg",300,252,true],"medium_large":["https:\/\/sensacionarabe.com\/Mayoristas\/wp-content\/uploads\/2026\/01\/1000397197.jpg",706,593,false],"large":["https:\/\/sensacionarabe.com\/Mayoristas\/wp-content\/uploads\/2026\/01\/1000397197.jpg",706,593,false],"1536x1536":["https:\/\/sensacionarabe.com\/Mayoristas\/wp-content\/uploads\/2026\/01\/1000397197.jpg",706,593,false],"2048x2048":["https:\/\/sensacionarabe.com\/Mayoristas\/wp-content\/uploads\/2026\/01\/1000397197.jpg",706,593,false],"woocommerce_thumbnail":["https:\/\/sensacionarabe.com\/Mayoristas\/wp-content\/uploads\/2026\/01\/1000397197-300x300.jpg",300,300,true],"woocommerce_single":["https:\/\/sensacionarabe.com\/Mayoristas\/wp-content\/uploads\/2026\/01\/1000397197-600x504.jpg",600,504,true],"woocommerce_gallery_thumbnail":["https:\/\/sensacionarabe.com\/Mayoristas\/wp-content\/uploads\/2026\/01\/1000397197-100x100.jpg",100,100,true],"variation_swatches_image_size":["https:\/\/sensacionarabe.com\/Mayoristas\/wp-content\/uploads\/2026\/01\/1000397197-50x50.jpg",50,50,true],"variation_swatches_tooltip_size":["https:\/\/sensacionarabe.com\/Mayoristas\/wp-content\/uploads\/2026\/01\/1000397197-100x100.jpg",100,100,true]},"uagb_author_info":{"display_name":"admin","author_link":"https:\/\/sensacionarabe.com\/Mayoristas\/author\/"},"uagb_comment_info":0,"uagb_excerpt":"Tiger de Rayhaan es una fragancia de la familia olfativa Amaderada Especiada para Hombres. Esta fragrancia es nueva. Tiger se lanz\u00f3 en 2025. Las Notas de Salida son nuez moscada, clavo de olor y lim\u00f3n (lima \u00e1cida); las Notas de Coraz\u00f3n son leche, rosa y Davana; las Notas de Fondo son \u00e1mbar, pachul\u00ed, Incienso y&hellip;","_links":{"self":[{"href":"https:\/\/sensacionarabe.com\/Mayoristas\/wp-json\/wp\/v2\/product\/9185","targetHints":{"allow":["GET"]}}],"collection":[{"href":"https:\/\/sensacionarabe.com\/Mayoristas\/wp-json\/wp\/v2\/product"}],"about":[{"href":"https:\/\/sensacionarabe.com\/Mayoristas\/wp-json\/wp\/v2\/types\/product"}],"replies":[{"embeddable":true,"href":"https:\/\/sensacionarabe.com\/Mayoristas\/wp-json\/wp\/v2\/comments?post=9185"}],"version-history":[{"count":0,"href":"https:\/\/sensacionarabe.com\/Mayoristas\/wp-json\/wp\/v2\/product\/9185\/revisions"}],"wp:featuredmedia":[{"embeddable":true,"href":"https:\/\/sensacionarabe.com\/Mayoristas\/wp-json\/wp\/v2\/media\/9184"}],"wp:attachment":[{"href":"https:\/\/sensacionarabe.com\/Mayoristas\/wp-json\/wp\/v2\/media?parent=9185"}],"wp:term":[{"taxonomy":"product_brand","embeddable":true,"href":"https:\/\/sensacionarabe.com\/Mayoristas\/wp-json\/wp\/v2\/product_brand?post=9185"},{"taxonomy":"product_cat","embeddable":true,"href":"https:\/\/sensacionarabe.com\/Mayoristas\/wp-json\/wp\/v2\/product_cat?post=9185"},{"taxonomy":"product_tag","embeddable":true,"href":"https:\/\/sensacionarabe.com\/Mayoristas\/wp-json\/wp\/v2\/product_tag?post=9185"}],"curies":[{"name":"wp","href":"https:\/\/api.w.org\/{rel}","templated":true}]}}