{"id":9212,"date":"2026-01-19T09:56:04","date_gmt":"2026-01-19T08:56:04","guid":{"rendered":"https:\/\/sensacionarabe.com\/Mayoristas\/producto\/fragrance-world-elysia-sweet-banana-eua-de-perfum-100ml\/"},"modified":"2026-02-03T23:30:42","modified_gmt":"2026-02-03T22:30:42","slug":"fragrance-world-elysia-sweet-banana-eua-de-perfum-100ml","status":"publish","type":"product","link":"https:\/\/sensacionarabe.com\/Mayoristas\/producto\/fragrance-world-elysia-sweet-banana-eua-de-perfum-100ml\/","title":{"rendered":"Fragrance World Elysia Sweet Banana Eua de perfum 100ml"},"content":{"rendered":"<p><span>una fragancia de la familia olfativa Floral Frutal Gourmand para Hombres y Mujeres. Esta fragrancia es nueva.<\/span><span><span> <\/span><\/span><b style=\"font-weight: 700;line-height: inherit;font-family:\">Elysia Sweet Banana<\/b><span><span> <\/span><\/span><span>se lanz\u00f3 en 2025. Las Notas de Salida son pl\u00e1tano y pera; las Notas de Coraz\u00f3n son coco y jazm\u00edn; las Notas de Fondo son vainilla y s\u00e1ndalo.<\/span><\/p>\n","protected":false},"excerpt":{"rendered":"<p>una fragancia de la familia olfativa Floral Frutal Gourmand para Hombres y Mujeres. Esta fragrancia es nueva. Elysia Sweet Banana se lanz\u00f3 en 2025. Las Notas de Salida son pl\u00e1tano y pera; las Notas de Coraz\u00f3n son coco y jazm\u00edn; las Notas de Fondo son vainilla y s\u00e1ndalo.<\/p>\n","protected":false},"featured_media":9211,"comment_status":"open","ping_status":"closed","template":"","meta":{"nf_dc_page":"","_uag_custom_page_level_css":"","site-sidebar-layout":"default","site-content-layout":"","ast-site-content-layout":"default","site-content-style":"default","site-sidebar-style":"default","ast-global-header-display":"","ast-banner-title-visibility":"","ast-main-header-display":"","ast-hfb-above-header-display":"","ast-hfb-below-header-display":"","ast-hfb-mobile-header-display":"","site-post-title":"","ast-breadcrumbs-content":"","ast-featured-img":"","footer-sml-layout":"","ast-disable-related-posts":"","theme-transparent-header-meta":"","adv-header-id-meta":"","stick-header-meta":"","header-above-stick-meta":"","header-main-stick-meta":"","header-below-stick-meta":"","astra-migrate-meta-layouts":"default","ast-page-background-enabled":"default","ast-page-background-meta":{"desktop":{"background-color":"","background-image":"","background-repeat":"repeat","background-position":"center center","background-size":"auto","background-attachment":"scroll","background-type":"","background-media":"","overlay-type":"","overlay-color":"","overlay-opacity":"","overlay-gradient":""},"tablet":{"background-color":"","background-image":"","background-repeat":"repeat","background-position":"center center","background-size":"auto","background-attachment":"scroll","background-type":"","background-media":"","overlay-type":"","overlay-color":"","overlay-opacity":"","overlay-gradient":""},"mobile":{"background-color":"","background-image":"","background-repeat":"repeat","background-position":"center center","background-size":"auto","background-attachment":"scroll","background-type":"","background-media":"","overlay-type":"","overlay-color":"","overlay-opacity":"","overlay-gradient":""}},"ast-content-background-meta":{"desktop":{"background-color":"var(--ast-global-color-5)","background-image":"","background-repeat":"repeat","background-position":"center center","background-size":"auto","background-attachment":"scroll","background-type":"","background-media":"","overlay-type":"","overlay-color":"","overlay-opacity":"","overlay-gradient":""},"tablet":{"background-color":"var(--ast-global-color-5)","background-image":"","background-repeat":"repeat","background-position":"center center","background-size":"auto","background-attachment":"scroll","background-type":"","background-media":"","overlay-type":"","overlay-color":"","overlay-opacity":"","overlay-gradient":""},"mobile":{"background-color":"var(--ast-global-color-5)","background-image":"","background-repeat":"repeat","background-position":"center center","background-size":"auto","background-attachment":"scroll","background-type":"","background-media":"","overlay-type":"","overlay-color":"","overlay-opacity":"","overlay-gradient":""}}},"product_brand":[],"product_cat":[29],"product_tag":[71],"class_list":{"0":"post-9212","1":"product","2":"type-product","3":"status-publish","4":"has-post-thumbnail","6":"product_cat-unisex","7":"product_tag-fragancias-world","8":"desktop-align-left","9":"tablet-align-left","10":"mobile-align-left","12":"first","13":"instock","14":"taxable","15":"shipping-taxable","16":"purchasable","17":"product-type-simple"},"uagb_featured_image_src":{"full":["https:\/\/sensacionarabe.com\/Mayoristas\/wp-content\/uploads\/2026\/01\/1000413689.jpg",706,800,false],"thumbnail":["https:\/\/sensacionarabe.com\/Mayoristas\/wp-content\/uploads\/2026\/01\/1000413689-150x150.jpg",150,150,true],"medium":["https:\/\/sensacionarabe.com\/Mayoristas\/wp-content\/uploads\/2026\/01\/1000413689-265x300.jpg",265,300,true],"medium_large":["https:\/\/sensacionarabe.com\/Mayoristas\/wp-content\/uploads\/2026\/01\/1000413689.jpg",706,800,false],"large":["https:\/\/sensacionarabe.com\/Mayoristas\/wp-content\/uploads\/2026\/01\/1000413689.jpg",706,800,false],"1536x1536":["https:\/\/sensacionarabe.com\/Mayoristas\/wp-content\/uploads\/2026\/01\/1000413689.jpg",706,800,false],"2048x2048":["https:\/\/sensacionarabe.com\/Mayoristas\/wp-content\/uploads\/2026\/01\/1000413689.jpg",706,800,false],"woocommerce_thumbnail":["https:\/\/sensacionarabe.com\/Mayoristas\/wp-content\/uploads\/2026\/01\/1000413689-300x300.jpg",300,300,true],"woocommerce_single":["https:\/\/sensacionarabe.com\/Mayoristas\/wp-content\/uploads\/2026\/01\/1000413689-600x680.jpg",600,680,true],"woocommerce_gallery_thumbnail":["https:\/\/sensacionarabe.com\/Mayoristas\/wp-content\/uploads\/2026\/01\/1000413689-100x100.jpg",100,100,true],"variation_swatches_image_size":["https:\/\/sensacionarabe.com\/Mayoristas\/wp-content\/uploads\/2026\/01\/1000413689-50x50.jpg",50,50,true],"variation_swatches_tooltip_size":["https:\/\/sensacionarabe.com\/Mayoristas\/wp-content\/uploads\/2026\/01\/1000413689-100x100.jpg",100,100,true]},"uagb_author_info":{"display_name":"admin","author_link":"https:\/\/sensacionarabe.com\/Mayoristas\/author\/"},"uagb_comment_info":0,"uagb_excerpt":"una fragancia de la familia olfativa Floral Frutal Gourmand para Hombres y Mujeres. Esta fragrancia es nueva. Elysia Sweet Banana se lanz\u00f3 en 2025. Las Notas de Salida son pl\u00e1tano y pera; las Notas de Coraz\u00f3n son coco y jazm\u00edn; las Notas de Fondo son vainilla y s\u00e1ndalo.","_links":{"self":[{"href":"https:\/\/sensacionarabe.com\/Mayoristas\/wp-json\/wp\/v2\/product\/9212","targetHints":{"allow":["GET"]}}],"collection":[{"href":"https:\/\/sensacionarabe.com\/Mayoristas\/wp-json\/wp\/v2\/product"}],"about":[{"href":"https:\/\/sensacionarabe.com\/Mayoristas\/wp-json\/wp\/v2\/types\/product"}],"replies":[{"embeddable":true,"href":"https:\/\/sensacionarabe.com\/Mayoristas\/wp-json\/wp\/v2\/comments?post=9212"}],"version-history":[{"count":0,"href":"https:\/\/sensacionarabe.com\/Mayoristas\/wp-json\/wp\/v2\/product\/9212\/revisions"}],"wp:featuredmedia":[{"embeddable":true,"href":"https:\/\/sensacionarabe.com\/Mayoristas\/wp-json\/wp\/v2\/media\/9211"}],"wp:attachment":[{"href":"https:\/\/sensacionarabe.com\/Mayoristas\/wp-json\/wp\/v2\/media?parent=9212"}],"wp:term":[{"taxonomy":"product_brand","embeddable":true,"href":"https:\/\/sensacionarabe.com\/Mayoristas\/wp-json\/wp\/v2\/product_brand?post=9212"},{"taxonomy":"product_cat","embeddable":true,"href":"https:\/\/sensacionarabe.com\/Mayoristas\/wp-json\/wp\/v2\/product_cat?post=9212"},{"taxonomy":"product_tag","embeddable":true,"href":"https:\/\/sensacionarabe.com\/Mayoristas\/wp-json\/wp\/v2\/product_tag?post=9212"}],"curies":[{"name":"wp","href":"https:\/\/api.w.org\/{rel}","templated":true}]}}