{"id":9256,"date":"2026-01-23T10:21:37","date_gmt":"2026-01-23T09:21:37","guid":{"rendered":"https:\/\/sensacionarabe.com\/Mayoristas\/producto\/rayhaan-ayka-eua-de-perfume-100ml\/"},"modified":"2026-03-04T13:57:38","modified_gmt":"2026-03-04T12:57:38","slug":"rayhaan-ayka-eua-de-perfume-100ml","status":"publish","type":"product","link":"https:\/\/sensacionarabe.com\/Mayoristas\/producto\/rayhaan-ayka-eua-de-perfume-100ml\/","title":{"rendered":"Rayhaan Ayka Eua de perfum 100ml"},"content":{"rendered":"<p>Ayka de Rayhaan es una fragancia \u00e1rabe femenina (Eau de Parfum) lanzada en 2023, caracterizada por ser floral, fresca y elegante. Inspirada en aromas como Gucci Flora, combina notas de peon\u00eda, c\u00edtricos, rosa, s\u00e1ndalo y pachul\u00ed, ofreciendo una experiencia rom\u00e1ntica y sofisticada, ideal para primavera y verano.<br \/>\nCaracter\u00edsticas Principales:<br \/>\nFamilia Olfativa: Floral.<br \/>\nNotas de Salida: Mandarina, peon\u00eda y c\u00edtricos.<br \/>\nNotas de Coraz\u00f3n: Rosa y osmanthus.<br \/>\nNotas de Fondo: Pachul\u00ed, pimienta rosa y s\u00e1ndalo.<br \/>\nPerfil: Fresco, ligero y femenino, con una duraci\u00f3n notable a pesar de su frescura<\/p>\n","protected":false},"excerpt":{"rendered":"<p>Ayka de Rayhaan es una fragancia \u00e1rabe femenina (Eau de Parfum) lanzada en 2023, caracterizada por ser floral, fresca y elegante. Inspirada en aromas como Gucci Flora, combina notas de peon\u00eda, c\u00edtricos, rosa, s\u00e1ndalo y pachul\u00ed, ofreciendo una experiencia rom\u00e1ntica y sofisticada, ideal para primavera y verano. Caracter\u00edsticas Principales: Familia Olfativa: Floral. Notas de Salida: [&hellip;]<\/p>\n","protected":false},"featured_media":9262,"comment_status":"open","ping_status":"closed","template":"","meta":{"nf_dc_page":"","_uag_custom_page_level_css":"","site-sidebar-layout":"default","site-content-layout":"","ast-site-content-layout":"default","site-content-style":"default","site-sidebar-style":"default","ast-global-header-display":"","ast-banner-title-visibility":"","ast-main-header-display":"","ast-hfb-above-header-display":"","ast-hfb-below-header-display":"","ast-hfb-mobile-header-display":"","site-post-title":"","ast-breadcrumbs-content":"","ast-featured-img":"","footer-sml-layout":"","ast-disable-related-posts":"","theme-transparent-header-meta":"","adv-header-id-meta":"","stick-header-meta":"","header-above-stick-meta":"","header-main-stick-meta":"","header-below-stick-meta":"","astra-migrate-meta-layouts":"default","ast-page-background-enabled":"default","ast-page-background-meta":{"desktop":{"background-color":"","background-image":"","background-repeat":"repeat","background-position":"center center","background-size":"auto","background-attachment":"scroll","background-type":"","background-media":"","overlay-type":"","overlay-color":"","overlay-opacity":"","overlay-gradient":""},"tablet":{"background-color":"","background-image":"","background-repeat":"repeat","background-position":"center center","background-size":"auto","background-attachment":"scroll","background-type":"","background-media":"","overlay-type":"","overlay-color":"","overlay-opacity":"","overlay-gradient":""},"mobile":{"background-color":"","background-image":"","background-repeat":"repeat","background-position":"center center","background-size":"auto","background-attachment":"scroll","background-type":"","background-media":"","overlay-type":"","overlay-color":"","overlay-opacity":"","overlay-gradient":""}},"ast-content-background-meta":{"desktop":{"background-color":"var(--ast-global-color-5)","background-image":"","background-repeat":"repeat","background-position":"center center","background-size":"auto","background-attachment":"scroll","background-type":"","background-media":"","overlay-type":"","overlay-color":"","overlay-opacity":"","overlay-gradient":""},"tablet":{"background-color":"var(--ast-global-color-5)","background-image":"","background-repeat":"repeat","background-position":"center center","background-size":"auto","background-attachment":"scroll","background-type":"","background-media":"","overlay-type":"","overlay-color":"","overlay-opacity":"","overlay-gradient":""},"mobile":{"background-color":"var(--ast-global-color-5)","background-image":"","background-repeat":"repeat","background-position":"center center","background-size":"auto","background-attachment":"scroll","background-type":"","background-media":"","overlay-type":"","overlay-color":"","overlay-opacity":"","overlay-gradient":""}}},"product_brand":[],"product_cat":[49],"product_tag":[88],"class_list":{"0":"post-9256","1":"product","2":"type-product","3":"status-publish","4":"has-post-thumbnail","6":"product_cat-mujer","7":"product_tag-rayhaan","8":"desktop-align-left","9":"tablet-align-left","10":"mobile-align-left","12":"first","13":"instock","14":"taxable","15":"shipping-taxable","16":"purchasable","17":"product-type-simple"},"uagb_featured_image_src":{"full":["https:\/\/sensacionarabe.com\/Mayoristas\/wp-content\/uploads\/2026\/01\/1000418424-1.jpg",1060,1261,false],"thumbnail":["https:\/\/sensacionarabe.com\/Mayoristas\/wp-content\/uploads\/2026\/01\/1000418424-1-150x150.jpg",150,150,true],"medium":["https:\/\/sensacionarabe.com\/Mayoristas\/wp-content\/uploads\/2026\/01\/1000418424-1-252x300.jpg",252,300,true],"medium_large":["https:\/\/sensacionarabe.com\/Mayoristas\/wp-content\/uploads\/2026\/01\/1000418424-1-768x914.jpg",768,914,true],"large":["https:\/\/sensacionarabe.com\/Mayoristas\/wp-content\/uploads\/2026\/01\/1000418424-1-861x1024.jpg",861,1024,true],"1536x1536":["https:\/\/sensacionarabe.com\/Mayoristas\/wp-content\/uploads\/2026\/01\/1000418424-1.jpg",1060,1261,false],"2048x2048":["https:\/\/sensacionarabe.com\/Mayoristas\/wp-content\/uploads\/2026\/01\/1000418424-1.jpg",1060,1261,false],"woocommerce_thumbnail":["https:\/\/sensacionarabe.com\/Mayoristas\/wp-content\/uploads\/2026\/01\/1000418424-1-300x300.jpg",300,300,true],"woocommerce_single":["https:\/\/sensacionarabe.com\/Mayoristas\/wp-content\/uploads\/2026\/01\/1000418424-1-600x714.jpg",600,714,true],"woocommerce_gallery_thumbnail":["https:\/\/sensacionarabe.com\/Mayoristas\/wp-content\/uploads\/2026\/01\/1000418424-1-100x100.jpg",100,100,true],"variation_swatches_image_size":["https:\/\/sensacionarabe.com\/Mayoristas\/wp-content\/uploads\/2026\/01\/1000418424-1-50x50.jpg",50,50,true],"variation_swatches_tooltip_size":["https:\/\/sensacionarabe.com\/Mayoristas\/wp-content\/uploads\/2026\/01\/1000418424-1-100x100.jpg",100,100,true]},"uagb_author_info":{"display_name":"admin","author_link":"https:\/\/sensacionarabe.com\/Mayoristas\/author\/"},"uagb_comment_info":0,"uagb_excerpt":"Ayka de Rayhaan es una fragancia \u00e1rabe femenina (Eau de Parfum) lanzada en 2023, caracterizada por ser floral, fresca y elegante. Inspirada en aromas como Gucci Flora, combina notas de peon\u00eda, c\u00edtricos, rosa, s\u00e1ndalo y pachul\u00ed, ofreciendo una experiencia rom\u00e1ntica y sofisticada, ideal para primavera y verano. Caracter\u00edsticas Principales: Familia Olfativa: Floral. Notas de Salida:&hellip;","_links":{"self":[{"href":"https:\/\/sensacionarabe.com\/Mayoristas\/wp-json\/wp\/v2\/product\/9256","targetHints":{"allow":["GET"]}}],"collection":[{"href":"https:\/\/sensacionarabe.com\/Mayoristas\/wp-json\/wp\/v2\/product"}],"about":[{"href":"https:\/\/sensacionarabe.com\/Mayoristas\/wp-json\/wp\/v2\/types\/product"}],"replies":[{"embeddable":true,"href":"https:\/\/sensacionarabe.com\/Mayoristas\/wp-json\/wp\/v2\/comments?post=9256"}],"version-history":[{"count":1,"href":"https:\/\/sensacionarabe.com\/Mayoristas\/wp-json\/wp\/v2\/product\/9256\/revisions"}],"predecessor-version":[{"id":9261,"href":"https:\/\/sensacionarabe.com\/Mayoristas\/wp-json\/wp\/v2\/product\/9256\/revisions\/9261"}],"wp:featuredmedia":[{"embeddable":true,"href":"https:\/\/sensacionarabe.com\/Mayoristas\/wp-json\/wp\/v2\/media\/9262"}],"wp:attachment":[{"href":"https:\/\/sensacionarabe.com\/Mayoristas\/wp-json\/wp\/v2\/media?parent=9256"}],"wp:term":[{"taxonomy":"product_brand","embeddable":true,"href":"https:\/\/sensacionarabe.com\/Mayoristas\/wp-json\/wp\/v2\/product_brand?post=9256"},{"taxonomy":"product_cat","embeddable":true,"href":"https:\/\/sensacionarabe.com\/Mayoristas\/wp-json\/wp\/v2\/product_cat?post=9256"},{"taxonomy":"product_tag","embeddable":true,"href":"https:\/\/sensacionarabe.com\/Mayoristas\/wp-json\/wp\/v2\/product_tag?post=9256"}],"curies":[{"name":"wp","href":"https:\/\/api.w.org\/{rel}","templated":true}]}}