{"id":9278,"date":"2026-01-23T10:57:55","date_gmt":"2026-01-23T09:57:55","guid":{"rendered":"https:\/\/sensacionarabe.com\/Mayoristas\/producto\/lattafa-badee-al-oud-set-de-regalo-sublime\/"},"modified":"2026-04-06T20:36:42","modified_gmt":"2026-04-06T18:36:42","slug":"lattafa-badee-al-oud-set-de-regalo-sublime","status":"publish","type":"product","link":"https:\/\/sensacionarabe.com\/Mayoristas\/producto\/lattafa-badee-al-oud-set-de-regalo-sublime\/","title":{"rendered":"Lattafa\/Badee Al Oud Set de regalo sublime"},"content":{"rendered":"<p>Con el Set de Regalo Sublime Lattafa Badee Al Oud (3 piezas), disfrutar\u00e1s de una experiencia arom\u00e1tica armoniosa que combina notas frutales, elegancia floral y una c\u00e1lida profundidad amaderada. Las notas iniciales de manzana, lichi y rosa crean una sensaci\u00f3n fresca, radiante y acogedora, perfecta para usar a diario o para empezar el d\u00eda.<\/p>\n<p>En su coraz\u00f3n, el perfume despliega su dulzura aterciopelada y su sofisticaci\u00f3n floral: la ciruela y el jazm\u00edn se funden en un coraz\u00f3n suave, agradablemente dulce y a la vez elegante. Esta mezcla es encantadora, vibrante y femenina, unisex a la vez.<\/p>\n<p>La base de vainilla, musgo y pachul\u00ed aporta calidez, profundidad y un sutil toque terroso; la fragancia se mantiene agradablemente llevable, suave y duradera. Este set de regalo es ideal para quienes buscan una fragancia vers\u00e1til, ideal para el d\u00eda a d\u00eda, el ocio o para ocasiones especiales. Adem\u00e1s, el set completo, que incluye EDP, desodorante y ambientador, ofrece una excelente relaci\u00f3n calidad-precio y una gran flexibilidad de aplicaci\u00f3n.<\/p>\n<p>Contenido del set:<\/p>\n<p>Lattafa Badee Al Oud Sublime Eau de Parfum 100 ml<br \/>\nSpray de viaje 12 ml<br \/>\nLaca fresca para el cabello 50 ml<\/p>\n","protected":false},"excerpt":{"rendered":"<p>Con el Set de Regalo Sublime Lattafa Badee Al Oud (3 piezas), disfrutar\u00e1s de una experiencia arom\u00e1tica armoniosa que combina notas frutales, elegancia floral y una c\u00e1lida profundidad amaderada. Las notas iniciales de manzana, lichi y rosa crean una sensaci\u00f3n fresca, radiante y acogedora, perfecta para usar a diario o para empezar el d\u00eda. En [&hellip;]<\/p>\n","protected":false},"featured_media":9277,"comment_status":"open","ping_status":"closed","template":"","meta":{"nf_dc_page":"","_uag_custom_page_level_css":"","site-sidebar-layout":"default","site-content-layout":"","ast-site-content-layout":"default","site-content-style":"default","site-sidebar-style":"default","ast-global-header-display":"","ast-banner-title-visibility":"","ast-main-header-display":"","ast-hfb-above-header-display":"","ast-hfb-below-header-display":"","ast-hfb-mobile-header-display":"","site-post-title":"","ast-breadcrumbs-content":"","ast-featured-img":"","footer-sml-layout":"","ast-disable-related-posts":"","theme-transparent-header-meta":"","adv-header-id-meta":"","stick-header-meta":"","header-above-stick-meta":"","header-main-stick-meta":"","header-below-stick-meta":"","astra-migrate-meta-layouts":"default","ast-page-background-enabled":"default","ast-page-background-meta":{"desktop":{"background-color":"","background-image":"","background-repeat":"repeat","background-position":"center center","background-size":"auto","background-attachment":"scroll","background-type":"","background-media":"","overlay-type":"","overlay-color":"","overlay-opacity":"","overlay-gradient":""},"tablet":{"background-color":"","background-image":"","background-repeat":"repeat","background-position":"center center","background-size":"auto","background-attachment":"scroll","background-type":"","background-media":"","overlay-type":"","overlay-color":"","overlay-opacity":"","overlay-gradient":""},"mobile":{"background-color":"","background-image":"","background-repeat":"repeat","background-position":"center center","background-size":"auto","background-attachment":"scroll","background-type":"","background-media":"","overlay-type":"","overlay-color":"","overlay-opacity":"","overlay-gradient":""}},"ast-content-background-meta":{"desktop":{"background-color":"var(--ast-global-color-5)","background-image":"","background-repeat":"repeat","background-position":"center center","background-size":"auto","background-attachment":"scroll","background-type":"","background-media":"","overlay-type":"","overlay-color":"","overlay-opacity":"","overlay-gradient":""},"tablet":{"background-color":"var(--ast-global-color-5)","background-image":"","background-repeat":"repeat","background-position":"center center","background-size":"auto","background-attachment":"scroll","background-type":"","background-media":"","overlay-type":"","overlay-color":"","overlay-opacity":"","overlay-gradient":""},"mobile":{"background-color":"var(--ast-global-color-5)","background-image":"","background-repeat":"repeat","background-position":"center center","background-size":"auto","background-attachment":"scroll","background-type":"","background-media":"","overlay-type":"","overlay-color":"","overlay-opacity":"","overlay-gradient":""}}},"product_brand":[],"product_cat":[29],"product_tag":[58],"class_list":{"0":"post-9278","1":"product","2":"type-product","3":"status-publish","4":"has-post-thumbnail","6":"product_cat-unisex","7":"product_tag-lattafa","8":"desktop-align-left","9":"tablet-align-left","10":"mobile-align-left","12":"first","13":"instock","14":"taxable","15":"shipping-taxable","16":"purchasable","17":"product-type-simple"},"uagb_featured_image_src":{"full":["https:\/\/sensacionarabe.com\/Mayoristas\/wp-content\/uploads\/2026\/01\/1000418462.jpg",713,713,false],"thumbnail":["https:\/\/sensacionarabe.com\/Mayoristas\/wp-content\/uploads\/2026\/01\/1000418462-150x150.jpg",150,150,true],"medium":["https:\/\/sensacionarabe.com\/Mayoristas\/wp-content\/uploads\/2026\/01\/1000418462-300x300.jpg",300,300,true],"medium_large":["https:\/\/sensacionarabe.com\/Mayoristas\/wp-content\/uploads\/2026\/01\/1000418462.jpg",713,713,false],"large":["https:\/\/sensacionarabe.com\/Mayoristas\/wp-content\/uploads\/2026\/01\/1000418462.jpg",713,713,false],"1536x1536":["https:\/\/sensacionarabe.com\/Mayoristas\/wp-content\/uploads\/2026\/01\/1000418462.jpg",713,713,false],"2048x2048":["https:\/\/sensacionarabe.com\/Mayoristas\/wp-content\/uploads\/2026\/01\/1000418462.jpg",713,713,false],"woocommerce_thumbnail":["https:\/\/sensacionarabe.com\/Mayoristas\/wp-content\/uploads\/2026\/01\/1000418462-300x300.jpg",300,300,true],"woocommerce_single":["https:\/\/sensacionarabe.com\/Mayoristas\/wp-content\/uploads\/2026\/01\/1000418462-600x600.jpg",600,600,true],"woocommerce_gallery_thumbnail":["https:\/\/sensacionarabe.com\/Mayoristas\/wp-content\/uploads\/2026\/01\/1000418462-100x100.jpg",100,100,true],"variation_swatches_image_size":["https:\/\/sensacionarabe.com\/Mayoristas\/wp-content\/uploads\/2026\/01\/1000418462-50x50.jpg",50,50,true],"variation_swatches_tooltip_size":["https:\/\/sensacionarabe.com\/Mayoristas\/wp-content\/uploads\/2026\/01\/1000418462-100x100.jpg",100,100,true]},"uagb_author_info":{"display_name":"admin","author_link":"https:\/\/sensacionarabe.com\/Mayoristas\/author\/"},"uagb_comment_info":0,"uagb_excerpt":"Con el Set de Regalo Sublime Lattafa Badee Al Oud (3 piezas), disfrutar\u00e1s de una experiencia arom\u00e1tica armoniosa que combina notas frutales, elegancia floral y una c\u00e1lida profundidad amaderada. Las notas iniciales de manzana, lichi y rosa crean una sensaci\u00f3n fresca, radiante y acogedora, perfecta para usar a diario o para empezar el d\u00eda. En&hellip;","_links":{"self":[{"href":"https:\/\/sensacionarabe.com\/Mayoristas\/wp-json\/wp\/v2\/product\/9278","targetHints":{"allow":["GET"]}}],"collection":[{"href":"https:\/\/sensacionarabe.com\/Mayoristas\/wp-json\/wp\/v2\/product"}],"about":[{"href":"https:\/\/sensacionarabe.com\/Mayoristas\/wp-json\/wp\/v2\/types\/product"}],"replies":[{"embeddable":true,"href":"https:\/\/sensacionarabe.com\/Mayoristas\/wp-json\/wp\/v2\/comments?post=9278"}],"version-history":[{"count":0,"href":"https:\/\/sensacionarabe.com\/Mayoristas\/wp-json\/wp\/v2\/product\/9278\/revisions"}],"wp:featuredmedia":[{"embeddable":true,"href":"https:\/\/sensacionarabe.com\/Mayoristas\/wp-json\/wp\/v2\/media\/9277"}],"wp:attachment":[{"href":"https:\/\/sensacionarabe.com\/Mayoristas\/wp-json\/wp\/v2\/media?parent=9278"}],"wp:term":[{"taxonomy":"product_brand","embeddable":true,"href":"https:\/\/sensacionarabe.com\/Mayoristas\/wp-json\/wp\/v2\/product_brand?post=9278"},{"taxonomy":"product_cat","embeddable":true,"href":"https:\/\/sensacionarabe.com\/Mayoristas\/wp-json\/wp\/v2\/product_cat?post=9278"},{"taxonomy":"product_tag","embeddable":true,"href":"https:\/\/sensacionarabe.com\/Mayoristas\/wp-json\/wp\/v2\/product_tag?post=9278"}],"curies":[{"name":"wp","href":"https:\/\/api.w.org\/{rel}","templated":true}]}}