{"id":9505,"date":"2026-03-09T14:12:43","date_gmt":"2026-03-09T13:12:43","guid":{"rendered":"https:\/\/sensacionarabe.com\/Mayoristas\/producto\/lattafa-pride-eternal-vanille-eau-de-parfum-100\/"},"modified":"2026-03-13T00:03:19","modified_gmt":"2026-03-12T23:03:19","slug":"lattafa-pride-eternal-vanille-eau-de-parfum-100","status":"publish","type":"product","link":"https:\/\/sensacionarabe.com\/Mayoristas\/producto\/lattafa-pride-eternal-vanille-eau-de-parfum-100\/","title":{"rendered":"Lattafa Pride Eternal Vanille Eau De Parfum 100"},"content":{"rendered":"<p>Lattafa Pride Eternal Vanille Eau de Parfum 100 ml es un perfume lujoso y c\u00e1lido de la colecci\u00f3n Pride de Lattafa, que combina dulces acordes gourmand con una profundidad oriental. Esta fragancia se abre con notas frutales de jugosa mora, creando al instante una atm\u00f3sfera dulce y afrutada, ofreciendo un comienzo elegante.<\/p>\n<p>En su coraz\u00f3n, se despliega una rica mezcla de CocoaPulse, Caviar de Vainilla y cacao, que le otorga a la fragancia una textura cremosa y lujosa. Esta combinaci\u00f3n est\u00e1 dise\u00f1ada para crear un ambiente c\u00e1lido, con un aroma a vainilla de car\u00e1cter delicioso, y su sabor es rico y arom\u00e1tico.<\/p>\n<p>La nota de fondo incluye una estructura de madera compuesta por madera de cedro, madera de akigala, benju\u00ed, haba tonka, Ambrofix\u2122 y almizcle, un material duradero, fresco y confortable. Esta base es elegante, el perfume es amplio y tiene un aspecto elegante, sin cambios en el interior.<\/p>\n<p>Eternal Vanilla es una fragancia unisex, ideal para estaciones m\u00e1s frescas, ocasiones nocturnas o momentos en los que se busca un aroma cremoso, dulce y rico. La sencilla composici\u00f3n de la vainilla se adapta a un estilo elegante para todos los gustos de los perfumes de vainilla y gourmand.<\/p>\n<p>Nota de Salida: Mora<\/p>\n<p>Nota de Coraz\u00f3n: CocoaPulse\u2122, caviar de vainilla, cacao<\/p>\n<p>Nota de Fondo: Madera de Cedro, Akigalawood, Benju\u00ed, haba tonka, Ambrofix\u2122, almizcle<\/p>\n<p>Familia Arom\u00e1tica: Oriental-Gourmand: c\u00e1lida, cremosa y rica, con toques dulces y amaderados.<\/p>\n","protected":false},"excerpt":{"rendered":"<p>Lattafa Pride Eternal Vanille Eau de Parfum 100 ml es un perfume lujoso y c\u00e1lido de la colecci\u00f3n Pride de Lattafa, que combina dulces acordes gourmand con una profundidad oriental. Esta fragancia se abre con notas frutales de jugosa mora, creando al instante una atm\u00f3sfera dulce y afrutada, ofreciendo un comienzo elegante. En su coraz\u00f3n, [&hellip;]<\/p>\n","protected":false},"featured_media":9502,"comment_status":"open","ping_status":"closed","template":"","meta":{"nf_dc_page":"","_uag_custom_page_level_css":"","site-sidebar-layout":"default","site-content-layout":"","ast-site-content-layout":"default","site-content-style":"default","site-sidebar-style":"default","ast-global-header-display":"","ast-banner-title-visibility":"","ast-main-header-display":"","ast-hfb-above-header-display":"","ast-hfb-below-header-display":"","ast-hfb-mobile-header-display":"","site-post-title":"","ast-breadcrumbs-content":"","ast-featured-img":"","footer-sml-layout":"","ast-disable-related-posts":"","theme-transparent-header-meta":"","adv-header-id-meta":"","stick-header-meta":"","header-above-stick-meta":"","header-main-stick-meta":"","header-below-stick-meta":"","astra-migrate-meta-layouts":"default","ast-page-background-enabled":"default","ast-page-background-meta":{"desktop":{"background-color":"","background-image":"","background-repeat":"repeat","background-position":"center center","background-size":"auto","background-attachment":"scroll","background-type":"","background-media":"","overlay-type":"","overlay-color":"","overlay-opacity":"","overlay-gradient":""},"tablet":{"background-color":"","background-image":"","background-repeat":"repeat","background-position":"center center","background-size":"auto","background-attachment":"scroll","background-type":"","background-media":"","overlay-type":"","overlay-color":"","overlay-opacity":"","overlay-gradient":""},"mobile":{"background-color":"","background-image":"","background-repeat":"repeat","background-position":"center center","background-size":"auto","background-attachment":"scroll","background-type":"","background-media":"","overlay-type":"","overlay-color":"","overlay-opacity":"","overlay-gradient":""}},"ast-content-background-meta":{"desktop":{"background-color":"var(--ast-global-color-5)","background-image":"","background-repeat":"repeat","background-position":"center center","background-size":"auto","background-attachment":"scroll","background-type":"","background-media":"","overlay-type":"","overlay-color":"","overlay-opacity":"","overlay-gradient":""},"tablet":{"background-color":"var(--ast-global-color-5)","background-image":"","background-repeat":"repeat","background-position":"center center","background-size":"auto","background-attachment":"scroll","background-type":"","background-media":"","overlay-type":"","overlay-color":"","overlay-opacity":"","overlay-gradient":""},"mobile":{"background-color":"var(--ast-global-color-5)","background-image":"","background-repeat":"repeat","background-position":"center center","background-size":"auto","background-attachment":"scroll","background-type":"","background-media":"","overlay-type":"","overlay-color":"","overlay-opacity":"","overlay-gradient":""}}},"product_brand":[],"product_cat":[29],"product_tag":[63],"class_list":{"0":"post-9505","1":"product","2":"type-product","3":"status-publish","4":"has-post-thumbnail","6":"product_cat-unisex","7":"product_tag-lattafa-pride","8":"desktop-align-left","9":"tablet-align-left","10":"mobile-align-left","12":"first","13":"instock","14":"featured","15":"taxable","16":"shipping-taxable","17":"purchasable","18":"product-type-simple"},"uagb_featured_image_src":{"full":["https:\/\/sensacionarabe.com\/Mayoristas\/wp-content\/uploads\/2026\/03\/1000472549-1.jpg",600,600,false],"thumbnail":["https:\/\/sensacionarabe.com\/Mayoristas\/wp-content\/uploads\/2026\/03\/1000472549-1-150x150.jpg",150,150,true],"medium":["https:\/\/sensacionarabe.com\/Mayoristas\/wp-content\/uploads\/2026\/03\/1000472549-1-300x300.jpg",300,300,true],"medium_large":["https:\/\/sensacionarabe.com\/Mayoristas\/wp-content\/uploads\/2026\/03\/1000472549-1.jpg",600,600,false],"large":["https:\/\/sensacionarabe.com\/Mayoristas\/wp-content\/uploads\/2026\/03\/1000472549-1.jpg",600,600,false],"1536x1536":["https:\/\/sensacionarabe.com\/Mayoristas\/wp-content\/uploads\/2026\/03\/1000472549-1.jpg",600,600,false],"2048x2048":["https:\/\/sensacionarabe.com\/Mayoristas\/wp-content\/uploads\/2026\/03\/1000472549-1.jpg",600,600,false],"woocommerce_thumbnail":["https:\/\/sensacionarabe.com\/Mayoristas\/wp-content\/uploads\/2026\/03\/1000472549-1-300x300.jpg",300,300,true],"woocommerce_single":["https:\/\/sensacionarabe.com\/Mayoristas\/wp-content\/uploads\/2026\/03\/1000472549-1.jpg",600,600,false],"woocommerce_gallery_thumbnail":["https:\/\/sensacionarabe.com\/Mayoristas\/wp-content\/uploads\/2026\/03\/1000472549-1-100x100.jpg",100,100,true],"variation_swatches_image_size":["https:\/\/sensacionarabe.com\/Mayoristas\/wp-content\/uploads\/2026\/03\/1000472549-1-50x50.jpg",50,50,true],"variation_swatches_tooltip_size":["https:\/\/sensacionarabe.com\/Mayoristas\/wp-content\/uploads\/2026\/03\/1000472549-1-100x100.jpg",100,100,true]},"uagb_author_info":{"display_name":"admin","author_link":"https:\/\/sensacionarabe.com\/Mayoristas\/author\/"},"uagb_comment_info":0,"uagb_excerpt":"Lattafa Pride Eternal Vanille Eau de Parfum 100 ml es un perfume lujoso y c\u00e1lido de la colecci\u00f3n Pride de Lattafa, que combina dulces acordes gourmand con una profundidad oriental. Esta fragancia se abre con notas frutales de jugosa mora, creando al instante una atm\u00f3sfera dulce y afrutada, ofreciendo un comienzo elegante. En su coraz\u00f3n,&hellip;","_links":{"self":[{"href":"https:\/\/sensacionarabe.com\/Mayoristas\/wp-json\/wp\/v2\/product\/9505","targetHints":{"allow":["GET"]}}],"collection":[{"href":"https:\/\/sensacionarabe.com\/Mayoristas\/wp-json\/wp\/v2\/product"}],"about":[{"href":"https:\/\/sensacionarabe.com\/Mayoristas\/wp-json\/wp\/v2\/types\/product"}],"replies":[{"embeddable":true,"href":"https:\/\/sensacionarabe.com\/Mayoristas\/wp-json\/wp\/v2\/comments?post=9505"}],"version-history":[{"count":0,"href":"https:\/\/sensacionarabe.com\/Mayoristas\/wp-json\/wp\/v2\/product\/9505\/revisions"}],"wp:featuredmedia":[{"embeddable":true,"href":"https:\/\/sensacionarabe.com\/Mayoristas\/wp-json\/wp\/v2\/media\/9502"}],"wp:attachment":[{"href":"https:\/\/sensacionarabe.com\/Mayoristas\/wp-json\/wp\/v2\/media?parent=9505"}],"wp:term":[{"taxonomy":"product_brand","embeddable":true,"href":"https:\/\/sensacionarabe.com\/Mayoristas\/wp-json\/wp\/v2\/product_brand?post=9505"},{"taxonomy":"product_cat","embeddable":true,"href":"https:\/\/sensacionarabe.com\/Mayoristas\/wp-json\/wp\/v2\/product_cat?post=9505"},{"taxonomy":"product_tag","embeddable":true,"href":"https:\/\/sensacionarabe.com\/Mayoristas\/wp-json\/wp\/v2\/product_tag?post=9505"}],"curies":[{"name":"wp","href":"https:\/\/api.w.org\/{rel}","templated":true}]}}